{"id":1021,"date":"2024-05-21T16:37:35","date_gmt":"2024-05-21T16:37:35","guid":{"rendered":"https:\/\/muc2024.mensch-und-computer.de\/?page_id=1021"},"modified":"2024-08-29T16:51:24","modified_gmt":"2024-08-29T16:51:24","slug":"accessibility","status":"publish","type":"page","link":"https:\/\/muc2024.mensch-und-computer.de\/de\/participation\/accessibility\/","title":{"rendered":"Barrierefreiheit"},"content":{"rendered":"<h1 class=\"wp-block-heading\"><span class=\"ez-toc-section\" id=\"Info_at_a_Glance\"><\/span>Infos auf einen Blick<span class=\"ez-toc-section-end\"><\/span><\/h1>\n\n\n\n<p>Auf dieser Seite finden Sie alle Informationen rund um die Zug\u00e4nglichkeit der Mensch und Computer 2024 in Karlsruhe.<\/p>\n\n\n\n<p>Diese werden durch das Team f\u00fcr DEI &amp; Accessibility bereitgestellt: <strong>Sabrina Burtscher, Frauke M\u00f6rike, and Gerhard Weber.<\/strong><\/p>\n\n\n\n<p>Uns ist klar, dass wir nicht alle relevanten Zugangs-Informationen und Barrieren von Anfang an mit bedenken werden k\u00f6nnen. Deshalb werden wir die Seite aktualisieren, wann immer wir neue Informationen erhalten oder Anfragen umsetzen konnten.\nDa es f\u00fcr diese Seite keinen RSS-Feed gibt, werden wir Versions-Informationen mit kurzen Zusammenfassungen hier auflisten:<\/p>\n\n\n\n<p><strong>Aktuelle Version:<\/strong> 2024-08-29. Details zu Abendveranstaltungen und geschlechtsneutrale Toiletten erg\u00e4nzt.<\/p>\n\n\n\n<p>Wenn Ihnen Aspekte in diesen Informationen fehlen oder etwas unverst\u00e4ndlich ist, kontaktieren Sie uns gerne. Wir freuen uns auf Ihre Nachricht an <a href=\"mailto:accessibility@mensch-und-computer.de\">accessibility@mensch-und-computer.de<\/a>&nbsp;<\/p>\n\n\n\n<p>Wir planen, die Informationen von dieser Seite auch vor Ort verf\u00fcgbar zu haben, z.B. in Form von Handzetteln oder Flyern, oder Postern mit QR-Codes, die hierher verlinken.<\/p>\n\n\n\n<h2 class=\"wp-block-heading\"><span class=\"ez-toc-section\" id=\"Website_and_Publications\"><\/span>Webseite und Beitr\u00e4ge<span class=\"ez-toc-section-end\"><\/span><\/h2>\n\n\n\n<p>Die Konferenz-Webseite und insbesondere diese Informationen sind barrierefrei nach WCAG auf Stufe AA.<\/p>\n\n\n\n<p>Beitr\u00e4ge im wissenschaftlichen Teil werden von der ACM (\u201cAssociation for Computing Machinery\u201d, eine internationale Gesellschaft f\u00fcr Informatik) ver\u00f6ffentlicht. Die Artikel werden als barrierefreies HTML gestaltet, sofern die Autor_innen alles notwendige abgegeben haben.<\/p>\n\n\n\n<p>Die Poster und Vortragsmaterialien sind eventuell nicht barrierefrei, insbesondere wenn die Autor_innen dies nicht selbst erm\u00f6glicht haben.<\/p>\n\n\n<div id=\"ez-toc-container\" class=\"ez-toc-v2_0_82_2 counter-hierarchy ez-toc-counter ez-toc-custom ez-toc-container-direction\">\n<div class=\"ez-toc-title-container\">\n<p class=\"ez-toc-title\" style=\"cursor:inherit\">Inhalts\u00fcbersicht<\/p>\n<span class=\"ez-toc-title-toggle\"><\/span><\/div>\n<nav><ul class='ez-toc-list ez-toc-list-level-1' ><li class='ez-toc-page-1 ez-toc-heading-level-1'><a class=\"ez-toc-link ez-toc-heading-1\" href=\"https:\/\/muc2024.mensch-und-computer.de\/de\/participation\/accessibility\/#Info_at_a_Glance\" >Infos auf einen Blick<\/a><ul class='ez-toc-list-level-2' ><li class='ez-toc-heading-level-2'><a class=\"ez-toc-link ez-toc-heading-2\" href=\"https:\/\/muc2024.mensch-und-computer.de\/de\/participation\/accessibility\/#Website_and_Publications\" >Webseite und Beitr\u00e4ge<\/a><\/li><\/ul><\/li><li class='ez-toc-page-1 ez-toc-heading-level-1'><a class=\"ez-toc-link ez-toc-heading-3\" href=\"https:\/\/muc2024.mensch-und-computer.de\/de\/participation\/accessibility\/#Covid-19_Influenza_etc\" >Covid-19, Grippe, usw.<\/a><ul class='ez-toc-list-level-2' ><li class='ez-toc-heading-level-2'><a class=\"ez-toc-link ez-toc-heading-4\" href=\"https:\/\/muc2024.mensch-und-computer.de\/de\/participation\/accessibility\/#On-site_measures\" >Ma\u00dfnahmen vor Ort<\/a><\/li><\/ul><\/li><li class='ez-toc-page-1 ez-toc-heading-level-1'><a class=\"ez-toc-link ez-toc-heading-5\" href=\"https:\/\/muc2024.mensch-und-computer.de\/de\/participation\/accessibility\/#Location_Accessibility\" >Geb\u00e4ude und R\u00e4ume<\/a><ul class='ez-toc-list-level-2' ><li class='ez-toc-heading-level-2'><a class=\"ez-toc-link ez-toc-heading-6\" href=\"https:\/\/muc2024.mensch-und-computer.de\/de\/participation\/accessibility\/#Campus\" >Der Campus<\/a><\/li><li class='ez-toc-page-1 ez-toc-heading-level-2'><a class=\"ez-toc-link ez-toc-heading-7\" href=\"https:\/\/muc2024.mensch-und-computer.de\/de\/participation\/accessibility\/#Building_3095_Toilets\" >Geb\u00e4ude 30.95 \/ Toiletten<\/a><\/li><li class='ez-toc-page-1 ez-toc-heading-level-2'><a class=\"ez-toc-link ez-toc-heading-8\" href=\"https:\/\/muc2024.mensch-und-computer.de\/de\/participation\/accessibility\/#Building_3095_Foyer\" >Geb\u00e4ude 30.95 \/ Foyer<\/a><\/li><li class='ez-toc-page-1 ez-toc-heading-level-2'><a class=\"ez-toc-link ez-toc-heading-9\" href=\"https:\/\/muc2024.mensch-und-computer.de\/de\/participation\/accessibility\/#Building_3095_Auditorium_Maximum\" >Geb\u00e4ude 30.95 \/ Auditorium Maximum<\/a><\/li><li class='ez-toc-page-1 ez-toc-heading-level-2'><a class=\"ez-toc-link ez-toc-heading-10\" href=\"https:\/\/muc2024.mensch-und-computer.de\/de\/participation\/accessibility\/#Building_4050_Workshop_rooms\" >Geb\u00e4ude 40.50 \/ Workshop-R\u00e4ume<\/a><\/li><\/ul><\/li><li class='ez-toc-page-1 ez-toc-heading-level-1'><a class=\"ez-toc-link ez-toc-heading-11\" href=\"https:\/\/muc2024.mensch-und-computer.de\/de\/participation\/accessibility\/#Social_Events\" >Abendveranstaltungen<\/a><ul class='ez-toc-list-level-2' ><li class='ez-toc-heading-level-2'><a class=\"ez-toc-link ez-toc-heading-12\" href=\"https:\/\/muc2024.mensch-und-computer.de\/de\/participation\/accessibility\/#Welcome_Reception_Sun_Sep_1\" >Willkommensempfang (So, 1. September)<\/a><\/li><li class='ez-toc-page-1 ez-toc-heading-level-2'><a class=\"ez-toc-link ez-toc-heading-13\" href=\"https:\/\/muc2024.mensch-und-computer.de\/de\/participation\/accessibility\/#Social_Event_Poster_Session_Mon_Sep_2\" >Abendveranstaltung &amp; Poster-Ausstellung (Mo, 2. September)<\/a><\/li><li class='ez-toc-page-1 ez-toc-heading-level-2'><a class=\"ez-toc-link ez-toc-heading-14\" href=\"https:\/\/muc2024.mensch-und-computer.de\/de\/participation\/accessibility\/#Light_Festival_Mon_Sep_2\" >Lichterfestival (Mo, 2. September)<\/a><\/li><li class='ez-toc-page-1 ez-toc-heading-level-2'><a class=\"ez-toc-link ez-toc-heading-15\" href=\"https:\/\/muc2024.mensch-und-computer.de\/de\/participation\/accessibility\/#Social_Event_ZKM_Tue_Sep_3\" >Abendveranstaltung @ ZKM  (Di, 3. September)&nbsp;<\/a><ul class='ez-toc-list-level-3' ><li class='ez-toc-heading-level-3'><a class=\"ez-toc-link ez-toc-heading-16\" href=\"https:\/\/muc2024.mensch-und-computer.de\/de\/participation\/accessibility\/#Food_and_Drinks\" >Essen und Getr\u00e4nke<\/a><\/li><\/ul><\/li><\/ul><\/li><li class='ez-toc-page-1 ez-toc-heading-level-1'><a class=\"ez-toc-link ez-toc-heading-17\" href=\"https:\/\/muc2024.mensch-und-computer.de\/de\/participation\/accessibility\/#Coffee_Breaks_Lunch\" >Kaffee- und Mittagspausen<\/a><\/li><li class='ez-toc-page-1 ez-toc-heading-level-1'><a class=\"ez-toc-link ez-toc-heading-18\" href=\"https:\/\/muc2024.mensch-und-computer.de\/de\/participation\/accessibility\/#Sign_Language_Interpretation\" >Geb\u00e4rdensprachen-Dolmetschung<\/a><\/li><li class='ez-toc-page-1 ez-toc-heading-level-1'><a class=\"ez-toc-link ez-toc-heading-19\" href=\"https:\/\/muc2024.mensch-und-computer.de\/de\/participation\/accessibility\/#Streaming_Remote_Participation\" >Streaming und Remote-Teilnahme<\/a><\/li><\/ul><\/nav><\/div>\n\n\n\n\n<h1 class=\"wp-block-heading\"><span class=\"ez-toc-section\" id=\"Covid-19_Influenza_etc\"><\/span>Covid-19, Grippe, usw.<span class=\"ez-toc-section-end\"><\/span><\/h1>\n\n\n\n<p>Zuallererst: Wenn Sie sich krank f\u00fchlen (Husten, Schnupfen, erh\u00f6hte Temperatur\/Fieber, allgemeine Abgeschlagenheit, usw.), bleiben Sie bitte zu Hause bzw. in Ihrem Hotelzimmer. Erholen Sie sich lieber, damit Sie hoffentlich an den restlichen Tagen an der Konferenz teilnehmen k\u00f6nnen, anstatt geschw\u00e4cht auf der Veranstaltung erscheinen und andere dem Risiko einer Ansteckung auszusetzen.&nbsp;<\/p>\n\n\n\n<h2 class=\"wp-block-heading\"><span class=\"ez-toc-section\" id=\"On-site_measures\"><\/span>Ma\u00dfnahmen vor Ort<span class=\"ez-toc-section-end\"><\/span><\/h2>\n\n\n\n<p>Wir stellen FFP2-Masken und Antigen-Schnelltests (Nase\/Rachen) an der Information zur Verf\u00fcgung. Bitte nutzen Sie dieses Angebot gerne an jedem der Konferenz-Tage.<\/p>\n\n\n\n<h1 class=\"wp-block-heading\"><span class=\"ez-toc-section\" id=\"Location_Accessibility\"><\/span>Geb\u00e4ude und R\u00e4ume<span class=\"ez-toc-section-end\"><\/span><\/h1>\n\n\n\n<h2 class=\"wp-block-heading\"><span class=\"ez-toc-section\" id=\"Campus\"><\/span>Der Campus<span class=\"ez-toc-section-end\"><\/span><\/h2>\n\n\n\n<p>Die Konferenz-R\u00e4ume befinden sich in verschiedenen Geb\u00e4uden des KIT Campus S\u00fcd.<\/p>\n\n\n\n<p>Wo f\u00fcr die Konferenz R\u00e4ume in Ober- oder Untergeschossen reserviert sind, sind <strong>Aufz\u00fcge <\/strong>verf\u00fcgbar.<\/p>\n\n\n\n<p>Dort werden Schilder darauf hinweisen, dass bestimmten Personengruppen (Rollstuhl-\/Rollator-Nutzende, Personen mit Kindern, Schwangere Personen, \u2026) bei den Aufz\u00fcgen Vorrang gegeben werden soll.<\/p>\n\n\n\n<p>Die Wege zwischen den Geb\u00e4uden sind asphaltiert bzw. gekiest. Der <strong>Kiesweg <\/strong>zum Geb\u00e4ude 40.50 l\u00e4sst sich \u00fcber einen asphaltierten Weg vermeiden. Beide Wege sind etwa gleich lang.<\/p>\n\n\n\n<p>Zwischen den Geb\u00e4uden am Campus S\u00fcd gibt es <strong>keine \u00f6ffentlichen oder stark befahrenen Stra\u00dfenquerungen.<\/strong> Rechnen Sie trotzdem mit einzelnen Autos, mit Radfahrenden, und mit E-Scooter-Fahrenden.<\/p>\n\n\n\n<p>Wir beabsichtigen, Informationen zur Erreichbarkeit der Geb\u00e4ude in Form von Beschilderung und Ausdrucken zur Verf\u00fcgung zu stellen.<\/p>\n\n\n\n<h2 class=\"wp-block-heading\"><span class=\"ez-toc-section\" id=\"Building_3095_Toilets\"><\/span>Geb\u00e4ude 30.95 \/ Toiletten<span class=\"ez-toc-section-end\"><\/span><\/h2>\n\n\n\n<p class=\"translation-block\">Es gibt eine <strong>rollstuhltaugliche Toilette<\/strong> in der N\u00e4he des Audi Max H\u00f6rsaals. Diese Toilette beinhaltet auch eine <strong>Wickelstation<\/strong>.<\/p>\n\n\n\n<p>Der Raum wird explizit nicht als Abstellraum f\u00fcr das Reinigungspersonal benutzt (die beiden R\u00e4ume befinden sich nebeneinander).<\/p>\n\n\n\n<p class=\"translation-block\">Die nicht-rollstuhltauglichen<strong> Toiletten-Kabinen sind sehr schmal<\/strong> und damit nicht f\u00fcr alle K\u00f6rperformen geeignet.<\/p>\n\n\n\n<p>Alle Toiletten in Geb\u00e4ude 30.95 werden w\u00e4hrend der Konferenz als geschlechtsneutrale Toiletten deklariert. Die entsprechenden Schilder werden auch die Information beinhalten, wo die n\u00e4chsten Einzeltoiletten bzw. bin\u00e4r getrennten Toiletten zu finden sind (im angrenzenden Geb\u00e4ude).<\/p>\n\n\n\n<h2 class=\"wp-block-heading\"><span class=\"ez-toc-section\" id=\"Building_3095_Foyer\"><\/span>Geb\u00e4ude 30.95 \/ Foyer<span class=\"ez-toc-section-end\"><\/span><\/h2>\n\n\n\n<p>Das Foyer des H\u00f6rsaals im Geb\u00e4ude 30.95 wird f\u00fcr die Anmeldung und den Info-Tresen genutzt.<\/p>\n\n\n\n<p>Die Kaffeepausen und die Posterausstellung werden ebenfalls hier stattfinden.<\/p>\n\n\n\n<p>Wir sind uns bewusst, dass die <strong>Akustik <\/strong>des Foyers f\u00fcr einige Teilnehmer*innen eine Herausforderung darstellen wird.\nWir beabsichtigen daher, schallabsorbierende Gestaltungselemente im Foyer aufzustellen, um den L\u00e4rm zu reduzieren und den Raum zug\u00e4nglicher zu machen.<\/p>\n\n\n\n<p>Bei gutem Wetter werden vor und hinter dem Geb\u00e4ude Tische und B\u00e4nke zur Verf\u00fcgung stehen. Die Poster-Ausstellung wird bei gutem Wetter ebenso nach drau\u00dfen verlegt.\nWir werden in diesem Fall f\u00fcr etwas Sonnenschutz sorgen.<\/p>\n\n\n\n<h2 class=\"wp-block-heading\"><span class=\"ez-toc-section\" id=\"Building_3095_Auditorium_Maximum\"><\/span>Geb\u00e4ude 30.95 \/ Auditorium Maximum<span class=\"ez-toc-section-end\"><\/span><\/h2>\n\n\n\n<p class=\"translation-block\">Im Vortragssaal, in dem die gro\u00dfen Vortr\u00e4ge  gehalten werden, gibt es keine speziellen Pl\u00e4tze f\u00fcr Rollstuhlfahrer und Begleitung. Auch die Sitzreihen ganz hinten im H\u00f6rsaal sind f\u00fcr Rollstuhlfahrer und Gehbehinderte nicht geeignet, da sie sich auf einer erh\u00f6hten Plattform befinden.<\/p>\n\n\n\n<p class=\"translation-block\">Wir werden in den <strong>vorderen Reihen  Schilder<\/strong> anbringen, damit Gruppen von gemischt Gehbehinderten beieinander sitzen k\u00f6nnen, wenn sie einen Vortrag besuchen. Ebenso werden wir in der N\u00e4he der T\u00fcren einfach erreichbare  <strong>Pl\u00e4tze zur vorrangigen Nutzung<\/strong> durch behinderte oder chronisch kranke Personen ausschreiben.<\/p>\n\n\n\n<h2 class=\"wp-block-heading\"><span class=\"ez-toc-section\" id=\"Building_4050_Workshop_rooms\"><\/span>Geb\u00e4ude 40.50 \/ Workshop-R\u00e4ume<span class=\"ez-toc-section-end\"><\/span><\/h2>\n\n\n\n<p class=\"translation-block\">In Geb\u00e4ude 40.50 gibt es <strong>keine Wickelm\u00f6glichkeiten<\/strong>. Der n\u00e4chstgelegene Wickelraum befindet sich in der rollstuhltauglichen Toilette beim Audimax im Geb\u00e4ude 40.50.<\/p>\n\n\n\n<p>Die Verwaltung hat zugestimmt, die rollstuhlgerechten Toiletten in Geb\u00e4ude 40.50 als geschlechtsneutrale Toiletten f\u00fcr unsere Konferenz zu nutzen. Die Geb\u00e4udeverwaltung und das Reinigungspersonal wurden informiert, dass die Toiletten entsprechend unversperrt bleiben sollen.\nWir werden zus\u00e4tzlich entsprechende Beschilderung anbringen.<\/p>\n\n\n\n<p class=\"translation-block\">Dieses Geb\u00e4ude hat  <strong>keine automatischen T\u00fcren<\/strong>.\nUm dies zu beheben, werden im Geb\u00e4ude SVs zur Verf\u00fcgung stehen.<\/p>\n\n\n\n<h1 class=\"wp-block-heading\"><span class=\"ez-toc-section\" id=\"Social_Events\"><\/span>Abendveranstaltungen<span class=\"ez-toc-section-end\"><\/span><\/h1>\n\n\n\n<h2 class=\"wp-block-heading\"><span class=\"ez-toc-section\" id=\"Welcome_Reception_Sun_Sep_1\"><\/span>Willkommensempfang (So, 1. September)<span class=\"ez-toc-section-end\"><\/span><\/h2>\n\n\n\n<p>Der Willkommensempfang findet in bzw. vor Geb\u00e4ude 30.95 statt. Neben einer kurzen Begr\u00fc\u00dfung durch die General Chairs gibt es ein leichtes Abendessen von unserem Caterer (siehe Abschnitt Kaffee- und Mittagspausen).\u00a0<\/p>\n\n\n\n<h2 class=\"wp-block-heading\"><span class=\"ez-toc-section\" id=\"Social_Event_Poster_Session_Mon_Sep_2\"><\/span>Abendveranstaltung &amp; Poster-Ausstellung (Mo, 2. September)<span class=\"ez-toc-section-end\"><\/span><\/h2>\n\n\n\n<p>The poster session will take place at the Audi Max building (30.95). In case of good weather, it will be happening outside. Food will be available from our caterer (see Section Coffee Breaks &amp; Lunch).<\/p>\n\n\n\n<p>Zus\u00e4tzlich gibt es Live-Musik von der Karlsruher Toplap Gruppe. Details zur Gruppe und ihrer Musik gibt es auf ihrer Website: <a href=\"https:\/\/toplap-ka.de\/\">https:\/\/toplap-ka.de\/<\/a><\/p>\n\n\n\n<h2 class=\"wp-block-heading\"><span class=\"ez-toc-section\" id=\"Light_Festival_Mon_Sep_2\"><\/span>Lichterfestival (Mo, 2. September)<span class=\"ez-toc-section-end\"><\/span><\/h2>\n\n\n\n<p class=\"translation-block\">Allgemeine Informationen zu den Schlosslichtspielen sind auf der Webseite der Veranstaltung,  <a href=\"https:\/\/www.schlosslichtspiele.info\" target=\"_self\">schlosslichtspiele.info<\/a>., verf\u00fcgbar. Bitte beachten Sie, dass die Schlosslichtspiele eine Vorf\u00fchrung von (teilweise stroboskopischen) Licht-Installationen und -Animationen sind, die von Ton-Installationen begleitet werden. Der Ger\u00e4uschpegel kann unangenehme Lautst\u00e4rken oder Frequenzen annehmen.<\/p>\n\n\n\n<p class=\"translation-block\">Die Anfahrt zum Schlossplatz ist mit<strong> \u00f6ffentlichen Verkehrsmitteln<\/strong> m\u00f6glich. Von der Haltestelle Durlacher Tor\/KIT Campus S\u00fcd gibt es direkte Verbindungen zur Haltestelle Marktplatz. Beide Haltestellen sind \u00fcber Treppen, Rolltreppen und <strong>Aufz\u00fcge<\/strong> erreichbar. \nDie Haltestelle Durlacher Tor\/KIT Campus S\u00fcd befindet sich s\u00fcd\u00f6stlich des Campus an der <strong>gro\u00dfen Stra\u00dfenkreuzung<\/strong>; die Haltestelle Marktplatz befindet sich in der <strong>Fu\u00dfg\u00e4ngerzone<\/strong> im Stadtzentrum.<\/p>\n\n\n\n<p>Das Schloss ist auch zu Fu\u00df, per Fahrrad, E-Scooter, Rollstuhl, usw. erreichbar. In diesem Fall folgen Sie der asphaltierten Engesserstra\u00dfe durch den Campus oder den Kieswegen durch den Schlossgarten. In beiden F\u00e4llen betr\u00e4gt die Strecke zwischen Audimax (Geb\u00e4ude 30.95) und Schlossplatz etwa 1,2 Kilometer.<\/p>\n\n\n\n<h2 class=\"wp-block-heading\"><span class=\"ez-toc-section\" id=\"Social_Event_ZKM_Tue_Sep_3\"><\/span>Abendveranstaltung @ ZKM  (Di, 3. September)&nbsp;<span class=\"ez-toc-section-end\"><\/span><\/h2>\n\n\n\n<p>Bei der Abendveranstaltung serviert das Caf\u00e9 MINT im ZKM:<\/p>\n\n\n\n<p class=\"translation-block\">Medienk\u00fcnstler Simon Geist  (<a href=\"https:\/\/www.moritzsimongeist.com\/\" target=\"_self\">website<\/a>) wird auftreten. Das MINT Cafe im ZKM wird sich um Essen k\u00fcmmern (siehe n\u00e4chsten Absatz). Barrierefreiheitsinformationen des Mueseums gibt es auf der (<a href=\"https:\/\/zkm.de\/en\/visit\/zkm-accessibility\/accessibility\" target=\"_self\">Webseite<\/a>) des Museums.<\/p>\n\n\n\n<h3 class=\"wp-block-heading\"><span class=\"ez-toc-section\" id=\"Food_and_Drinks\"><\/span>Essen und Getr\u00e4nke<span class=\"ez-toc-section-end\"><\/span><\/h3>\n\n\n\n<p>Bei der Abendveranstaltung serviert das Caf\u00e9 MINT im ZKM:<\/p>\n\n\n\n<ul class=\"wp-block-list\">\n<li>Vegetarisches K\u00fcrbiss\u00fcppchen mit K\u00fcrbiskernen und K\u00fcrbis\u00f6l&nbsp;<\/li>\n\n\n\n<li>Mediterrane Gem\u00fcse-Schupfnudelpfanne mit Tomatenso\u00dfe<\/li>\n\n\n\n<li>Thai Curry mit Gem\u00fcse und zweierlei ged\u00e4mpftem Reis (vegan, glutenfrei)<\/li>\n\n\n\n<li>Dessert (nicht genau angegeben, im Weckglas angerichtet)<\/li>\n\n\n\n<li>Vegane Schokoladen-Tarte.<\/li>\n<\/ul>\n\n\n\n<p>Im Catering enthaltene Getr\u00e4nke:<\/p>\n\n\n\n<ul class=\"wp-block-list\">\n<li>Wasser, S\u00e4fte und Saftschorlen<\/li>\n<\/ul>\n\n\n\n<p>Die K\u00f6ch*innen werden vor Ort sein, um weitere Fragen zum Essen zu beantworten.<\/p>\n\n\n\n<p class=\"translation-block\">Falls Ihre Ern\u00e4hrungsbed\u00fcrfnisse durch \u00fcbliche Allergen-Listen nicht abgedeckt sind, nehmen Sie bitte mit uns via\n<a target=\"_blank\" href=\"mailto:accessibility@mensch-und-computer.de\">\n  <span>accessibility@mensch-und-computer.de<\/span>\n<\/a>&nbsp; Kontakt auf.<\/p>\n\n\n\n<h1 class=\"wp-block-heading\"><span class=\"ez-toc-section\" id=\"Coffee_Breaks_Lunch\"><\/span>Kaffee- und Mittagspausen<span class=\"ez-toc-section-end\"><\/span><\/h1>\n\n\n\n<p>Informationen bez\u00fcglich Essen und Getr\u00e4nken bei den Abendveranstaltungen sind in den entsprechenden Abschnitten zu finden.&nbsp;&nbsp;<\/p>\n\n\n\n<p>Der Essensplan f\u00fcr das Konferenz-Catering kann hier in zwei Formaten heruntergeladen werden: <a href=\"https:\/\/muc2024.mensch-und-computer.de\/wp-content\/uploads\/2024\/08\/catering_de.pdf\">PDF<\/a> und <a href=\"https:\/\/muc2024.mensch-und-computer.de\/wp-content\/uploads\/2024\/08\/catering_de.docx\">DOCX<\/a><\/p>\n\n\n\n<h1 class=\"wp-block-heading\"><span class=\"ez-toc-section\" id=\"Sign_Language_Interpretation\"><\/span>Geb\u00e4rdensprachen-Dolmetschung<span class=\"ez-toc-section-end\"><\/span><\/h1>\n\n\n\n<p>Als ersten Schritt in Richtung Zug\u00e4nglichkeit f\u00fcr taube\/geh\u00f6rlose und schwerh\u00f6rige Teilnehmende \u00fcbernimmt die Mensch und Computer dieses Jahr einen Teil der Kosten f\u00fcr Dolmetschung einiger Teilnehmenden, deren erste\/prim\u00e4re Sprache Deutsche Geb\u00e4rdensprache bzw. \u00d6sterreichische Geb\u00e4rdensprache ist.<\/p>\n\n\n\n<p>F\u00fcr h\u00f6rende Teilnehmende, die Fragen rund um Geh\u00f6rlosigkeit, Geb\u00e4rdensprachen und Dolmetschen haben, steht Informationsmaterial bereit.<\/p>\n\n\n\n<h1 class=\"wp-block-heading\"><span class=\"ez-toc-section\" id=\"Streaming_Remote_Participation\"><\/span>Streaming und Remote-Teilnahme<span class=\"ez-toc-section-end\"><\/span><\/h1>\n\n\n\n<p>Die Konferenz ist als Pr\u00e4senz-Veranstaltung konzipiert.<\/p>\n\n\n\n<p class=\"translation-block\">Im Einzelfall, beispielsweise wegen Erkrankung, versuchen wir eine Online-Teilnahme zu erm\u00f6glichen. Wir bitten diesbez\u00fcglich um Kontaktaufnahme via\naccessibility@mensch-und-computer.de<\/p>\n\n\n\n<p>Workshops k\u00f6nnen in hybrider Form abgehalten werden. Das ist die Entscheidung der jeweiligen Organisator*innen. Falls sie sich entscheiden, ihren Workshop hybrid abzuhalten, bitten wir die Organisator*innen darum, sich selbst um alle technischen Notwendigkeiten zu k\u00fcmmern. Das Konferenz-Team wird sie unterst\u00fctzen, kann aber weder den Aufbau noch Betrieb von streaming bzw. remote Teilnahme \u00fcbernehmen.<\/p>","protected":false},"excerpt":{"rendered":"<p>Info at a Glance On this page, we outline the accessibility situation you will encounter at Mensch und Computer 2024 in Karlsruhe. [&hellip;]<\/p>\n","protected":false},"author":8,"featured_media":0,"parent":342,"menu_order":0,"comment_status":"closed","ping_status":"closed","template":"","meta":{"footnotes":""},"class_list":["post-1021","page","type-page","status-publish","hentry"],"_links":{"self":[{"href":"https:\/\/muc2024.mensch-und-computer.de\/de\/wp-json\/wp\/v2\/pages\/1021","targetHints":{"allow":["GET"]}}],"collection":[{"href":"https:\/\/muc2024.mensch-und-computer.de\/de\/wp-json\/wp\/v2\/pages"}],"about":[{"href":"https:\/\/muc2024.mensch-und-computer.de\/de\/wp-json\/wp\/v2\/types\/page"}],"author":[{"embeddable":true,"href":"https:\/\/muc2024.mensch-und-computer.de\/de\/wp-json\/wp\/v2\/users\/8"}],"replies":[{"embeddable":true,"href":"https:\/\/muc2024.mensch-und-computer.de\/de\/wp-json\/wp\/v2\/comments?post=1021"}],"version-history":[{"count":27,"href":"https:\/\/muc2024.mensch-und-computer.de\/de\/wp-json\/wp\/v2\/pages\/1021\/revisions"}],"predecessor-version":[{"id":1948,"href":"https:\/\/muc2024.mensch-und-computer.de\/de\/wp-json\/wp\/v2\/pages\/1021\/revisions\/1948"}],"up":[{"embeddable":true,"href":"https:\/\/muc2024.mensch-und-computer.de\/de\/wp-json\/wp\/v2\/pages\/342"}],"wp:attachment":[{"href":"https:\/\/muc2024.mensch-und-computer.de\/de\/wp-json\/wp\/v2\/media?parent=1021"}],"curies":[{"name":"wp","href":"https:\/\/api.w.org\/{rel}","templated":true}]}}