{"id":1041,"date":"2024-05-31T14:21:28","date_gmt":"2024-05-31T14:21:28","guid":{"rendered":"https:\/\/muc2024.mensch-und-computer.de\/?page_id=1041"},"modified":"2024-08-01T12:51:04","modified_gmt":"2024-08-01T12:51:04","slug":"cpux-f-certification","status":"publish","type":"page","link":"https:\/\/muc2024.mensch-und-computer.de\/de\/program\/cpux-f-certification\/","title":{"rendered":"CPUX-F Zertifizierung\u00a0"},"content":{"rendered":"<p><strong>Nutzen Sie Ihre Chance auf der MuC 2024<\/strong>&nbsp;<\/p>\n\n\n\n<p>Teilnehmer der Mensch und Computer Konferenz k\u00f6nnen verg\u00fcnstigt die Zertifizierungspr\u00fcfung zum UXQB\u00ae Certified Professional for Usability and User Experience \u2013 Foundation (CPUX-F) ablegen. Das Verfahren f\u00fcr die Anmeldung zur Zertifizierungspr\u00fcfung wird weiter unten bei \u201eWie k\u00f6nnen Sie sich anmelden\u201c beschrieben.&nbsp;<\/p>\n\n\n\n<p><strong>Vorbereitung auf die Zertifizierungspr\u00fcfung im Rahmen der MuC 2024<\/strong><\/p>\n\n\n\n<p class=\"translation-block\">Am Sonntag, den 1.9.2024, gibt es im Rahmen der UP Tutorials\/Workshops ein CPUX-F\nQuiz, das den Inhalt des Curriculums an Hand von Pr\u00fcfungsfragen \u00a0durchgeht und Sie\numfassend auf die Pr\u00fcfung vorbereitet. Bitte \u00fcber das ConfTool zum CPUX-F Quiz\nanmelden.<\/p>\n\n\n\n<p><strong>Was ist die CPUX-F Zertifizierung?<\/strong>&nbsp;<\/p>\n\n\n\n<p>Die Zertifizierung zum UXQB\u00ae Certified Professional for Usability and User Experience \u2013\nFoundation (CPUX-F) bescheinigt Ihnen ein umfangreiches Wissen im Bereich von Software\nUsability und User Experience. Nach dem vorbereitenden CPUX-F Quiz und der\nanschlie\u00dfenden Zertifizierungspr\u00fcfung werden Sie in der Lage sein Nutzerzentrierung in der\nEntwicklung von Systemen und Software als Entwicklungsziel anzugehen, Vorgehen und\nAktivit\u00e4ten auszuw\u00e4hlen und die Umsetzung zu begleiten.<\/p>\n\n\n\n<p><strong>Wie erlangen Sie diese UXQB\u00ae-Zertifizierung?<\/strong>&nbsp;<\/p>\n\n\n\n<p>Um diese Zertifizierung zu erlangen, m\u00fcssen Sie eine Pr\u00fcfung ablegen. Das f\u00fcr die Pr\u00fcfung relevante Wissen k\u00f6nnen Sie sich entweder im Selbststudium oder in Form eines Trainings bei einem anerkannten UXQB\u00ae-Schulungsanbieter aneignen.&nbsp;<\/p>\n\n\n\n<p>Bei dem Training zum UXQB\u00ae CPUX-F werden den Teilnehmern die relevanten Inhalte und Themen anschaulich erl\u00e4utert und vermittelt. Der Lehrplan umfasst die folgenden Themen:&nbsp;<\/p>\n\n\n\n<ul class=\"wp-block-list\">\n<li>Die menschzentrierte Gestaltung\u00a0(Human-Centred Design, HCD)&nbsp;<\/li>\n\n\n\n<li>Begriffe, Konzepte und Richtlinien&nbsp;<\/li>\n\n\n\n<li>Verstehen und Spezifizieren des Nutzungskontextes&nbsp;<\/li>\n\n\n\n<li>Spezifizieren der Nutzungsanforderungen&nbsp;<\/li>\n\n\n\n<li>Erzeugen von Gestaltungsl\u00f6sungen&nbsp;<\/li>\n\n\n\n<li>Usability-Tests&nbsp;<\/li>\n\n\n\n<li>Inspektionen und Benutzerbefragungen&nbsp;<\/li>\n\n\n\n<li>HCD\u00a0in Organisationen und HCD-Reife<\/li>\n<\/ul>\n\n\n\n<p class=\"translation-block\">Die Basis f\u00fcr Trainings und Zertifizierung ist das CPUX-F Curriculum sowie begleitende\nDokumente, die Sie auf der Webseite des International Usability and User Experience\u00a0Qualification Board (UXQB\u00ae), \u202f<a href=\"http:\/\/www.uxqb.org\/\" target=\"_blank\" rel=\"noreferrer noopener\">www.uxqb.org<\/a>, herunterladen k\u00f6nnen.<\/p>\n\n\n\n<p><strong>Welche Vorteile haben Sie?<\/strong>&nbsp;<\/p>\n\n\n\n<p>Mit der Zertifizierung UXQB\u00ae CPUX-F:&nbsp;<\/p>\n\n\n\n<ul class=\"wp-block-list\">\n<li>besitzen Sie eine unabh\u00e4ngige, international anerkannte Zertifizierung im Bereich Menschzentrierte Gestaltung und User Experience.<\/li>\n\n\n\n<li>erlernen und festigen Sie ein international einheitliches, normenbasiertes Glossar und\nVokabular im Bereich Usability und User Experience.<\/li>\n\n\n\n<li>erlangen Sie ein fundiertes Verst\u00e4ndnis f\u00fcr die Arbeit als Usability\nEngineer oder UX Professional.&nbsp;<\/li>\n<\/ul>\n\n\n\n<p><strong>Wie k\u00f6nnen Sie sich anmelden?<\/strong>&nbsp;<\/p>\n\n\n\n<ol start=\"1\" class=\"wp-block-list\">\n<li>F\u00fcr die Konferenz registrieren und bei Bedarf am CPUX-F Quiz teilnehmen<\/li>\n\n\n\n<li class=\"translation-block\">F\u00fcr die Pr\u00fcfung bis zum\u00a0<strong>11.10.2024<\/strong> \u00fcber dieses <a href=\"https:\/\/docs.google.com\/forms\/d\/e\/1FAIpQLSdBi-_zHI8SkcLbTjffJEJ54clU2bdQ6ZpPAzaQh7yl2Cic7A\/viewform\" target=\"_blank\" rel=\"noreferrer noopener\">Formular<\/a> anmelden.<\/li>\n\n\n\n<li>Die Pr\u00fcfung muss innerhalb der n\u00e4chsten 12 Monate abgelegt werden. Weitere\nInformationen hierzu erhalten Sie vom iSQI oder von den CPUX-F Quiz Leitern.&nbsp;<\/li>\n<\/ol>","protected":false},"excerpt":{"rendered":"<p>Do not miss your opportunity at the MuC 2024&nbsp; Participants of the Mensch und Computer conference have the opportunity to book the [&hellip;]<\/p>\n","protected":false},"author":8,"featured_media":0,"parent":422,"menu_order":0,"comment_status":"closed","ping_status":"closed","template":"","meta":{"footnotes":""},"class_list":["post-1041","page","type-page","status-publish","hentry"],"_links":{"self":[{"href":"https:\/\/muc2024.mensch-und-computer.de\/de\/wp-json\/wp\/v2\/pages\/1041","targetHints":{"allow":["GET"]}}],"collection":[{"href":"https:\/\/muc2024.mensch-und-computer.de\/de\/wp-json\/wp\/v2\/pages"}],"about":[{"href":"https:\/\/muc2024.mensch-und-computer.de\/de\/wp-json\/wp\/v2\/types\/page"}],"author":[{"embeddable":true,"href":"https:\/\/muc2024.mensch-und-computer.de\/de\/wp-json\/wp\/v2\/users\/8"}],"replies":[{"embeddable":true,"href":"https:\/\/muc2024.mensch-und-computer.de\/de\/wp-json\/wp\/v2\/comments?post=1041"}],"version-history":[{"count":21,"href":"https:\/\/muc2024.mensch-und-computer.de\/de\/wp-json\/wp\/v2\/pages\/1041\/revisions"}],"predecessor-version":[{"id":1547,"href":"https:\/\/muc2024.mensch-und-computer.de\/de\/wp-json\/wp\/v2\/pages\/1041\/revisions\/1547"}],"up":[{"embeddable":true,"href":"https:\/\/muc2024.mensch-und-computer.de\/de\/wp-json\/wp\/v2\/pages\/422"}],"wp:attachment":[{"href":"https:\/\/muc2024.mensch-und-computer.de\/de\/wp-json\/wp\/v2\/media?parent=1041"}],"curies":[{"name":"wp","href":"https:\/\/api.w.org\/{rel}","templated":true}]}}