{"id":1047,"date":"2024-06-01T10:14:15","date_gmt":"2024-06-01T10:14:15","guid":{"rendered":"https:\/\/muc2024.mensch-und-computer.de\/?page_id=1047"},"modified":"2024-07-10T10:36:40","modified_gmt":"2024-07-10T10:36:40","slug":"program-committee","status":"publish","type":"page","link":"https:\/\/muc2024.mensch-und-computer.de\/de\/program-committee\/","title":{"rendered":"Programm Komitee"},"content":{"rendered":"<h1 class=\"wp-block-heading has-large-font-size\">Full Paper Chairs<\/h1>\n\n\n\n<p><a href=\"mailto:papers@mensch-und-computer.de\" target=\"_blank\" rel=\"noreferrer noopener\">papers@mensch-und-computer.de<\/a><\/p>\n\n\n\n<div class=\"wp-block-group is-layout-flex wp-block-group-is-layout-flex\">\n<figure class=\"wp-block-image size-large is-resized is-style-rounded org-caption\"><img loading=\"lazy\" decoding=\"async\" width=\"1024\" height=\"1024\" src=\"https:\/\/muc2024.mensch-und-computer.de\/wp-content\/uploads\/2023\/11\/jasmin-niess-1024x1024.jpg\" alt=\"\" class=\"wp-image-299\" style=\"object-fit:cover;width:230px;height:230px\" srcset=\"https:\/\/muc2024.mensch-und-computer.de\/wp-content\/uploads\/2023\/11\/jasmin-niess-1024x1024.jpg 1024w, https:\/\/muc2024.mensch-und-computer.de\/wp-content\/uploads\/2023\/11\/jasmin-niess-300x300.jpg 300w, https:\/\/muc2024.mensch-und-computer.de\/wp-content\/uploads\/2023\/11\/jasmin-niess-150x150.jpg 150w, https:\/\/muc2024.mensch-und-computer.de\/wp-content\/uploads\/2023\/11\/jasmin-niess-768x768.jpg 768w, https:\/\/muc2024.mensch-und-computer.de\/wp-content\/uploads\/2023\/11\/jasmin-niess-1536x1536.jpg 1536w, https:\/\/muc2024.mensch-und-computer.de\/wp-content\/uploads\/2023\/11\/jasmin-niess-2048x2048.jpg 2048w, https:\/\/muc2024.mensch-und-computer.de\/wp-content\/uploads\/2023\/11\/jasmin-niess-1000x1000.jpg 1000w, https:\/\/muc2024.mensch-und-computer.de\/wp-content\/uploads\/2023\/11\/jasmin-niess-230x230.jpg 230w, https:\/\/muc2024.mensch-und-computer.de\/wp-content\/uploads\/2023\/11\/jasmin-niess-350x350.jpg 350w, https:\/\/muc2024.mensch-und-computer.de\/wp-content\/uploads\/2023\/11\/jasmin-niess-480x480.jpg 480w\" sizes=\"auto, (max-width: 1024px) 100vw, 1024px\" \/><figcaption class=\"wp-element-caption\"><strong>Jasmin Niess<\/strong><br>University of Oslo<\/figcaption><\/figure>\n\n\n\n<figure class=\"wp-block-image size-full is-resized is-style-rounded org-caption\"><img loading=\"lazy\" decoding=\"async\" width=\"600\" height=\"600\" src=\"https:\/\/muc2024.mensch-und-computer.de\/wp-content\/uploads\/2023\/11\/max_birk.jpg\" alt=\"\" class=\"wp-image-300\" style=\"object-fit:cover;width:230px;height:230px\" srcset=\"https:\/\/muc2024.mensch-und-computer.de\/wp-content\/uploads\/2023\/11\/max_birk.jpg 600w, https:\/\/muc2024.mensch-und-computer.de\/wp-content\/uploads\/2023\/11\/max_birk-300x300.jpg 300w, https:\/\/muc2024.mensch-und-computer.de\/wp-content\/uploads\/2023\/11\/max_birk-150x150.jpg 150w, https:\/\/muc2024.mensch-und-computer.de\/wp-content\/uploads\/2023\/11\/max_birk-230x230.jpg 230w, https:\/\/muc2024.mensch-und-computer.de\/wp-content\/uploads\/2023\/11\/max_birk-350x350.jpg 350w, https:\/\/muc2024.mensch-und-computer.de\/wp-content\/uploads\/2023\/11\/max_birk-480x480.jpg 480w\" sizes=\"auto, (max-width: 600px) 100vw, 600px\" \/><figcaption class=\"wp-element-caption\"><strong>Max Birk<\/strong><br>Eindhoven University of Technology<\/figcaption><\/figure>\n\n\n\n<figure class=\"wp-block-image size-full is-resized is-style-rounded org-caption\"><img loading=\"lazy\" decoding=\"async\" width=\"736\" height=\"736\" src=\"https:\/\/muc2024.mensch-und-computer.de\/wp-content\/uploads\/2023\/11\/katta_spiel.jpg\" alt=\"\" class=\"wp-image-301\" style=\"object-fit:cover;width:230px;height:230px\" srcset=\"https:\/\/muc2024.mensch-und-computer.de\/wp-content\/uploads\/2023\/11\/katta_spiel.jpg 736w, https:\/\/muc2024.mensch-und-computer.de\/wp-content\/uploads\/2023\/11\/katta_spiel-300x300.jpg 300w, https:\/\/muc2024.mensch-und-computer.de\/wp-content\/uploads\/2023\/11\/katta_spiel-150x150.jpg 150w, https:\/\/muc2024.mensch-und-computer.de\/wp-content\/uploads\/2023\/11\/katta_spiel-230x230.jpg 230w, https:\/\/muc2024.mensch-und-computer.de\/wp-content\/uploads\/2023\/11\/katta_spiel-350x350.jpg 350w, https:\/\/muc2024.mensch-und-computer.de\/wp-content\/uploads\/2023\/11\/katta_spiel-480x480.jpg 480w\" sizes=\"auto, (max-width: 736px) 100vw, 736px\" \/><figcaption class=\"wp-element-caption\"><strong>Katta Spiel<\/strong><br>TU Wien<\/figcaption><\/figure>\n<\/div>\n\n\n\n<h2 class=\"wp-block-heading\">Full Paper Associate Chairs<\/h2>\n\n\n\n<p>Ankit Patel \u2013 University of Minho, Guimaraes, Portugal<br>Arne Berger \u2013 Anhalt University of Applied Sciences, Koethen, Germany<br>Florian Heller \u2013 FH Aachen University of Applied Sciences, Aachen, Germany<br>Florian Michahelles \u2013 Vienna University of Technology, Vienna, Austria<br>Francesco Chiossi \u2013 LMU Munich, Munich, Germany<br>Glenda Hannibal \u2013 Paris Lodron University of Salzburg, Salzburg, Austria<br>Hendrik Heuer \u2013 Center for Advanced Internet Studies (CAIS), Bochum, Germany<br>Henrik Detjen \u2013 Fraunhofer Institute for Digital Medicine MEVIS, Bremen, Germany<br>Jesse Grootjen \u2013 LMU Munich, Munich, Germany<br>Jonathan Liebers \u2013 University of Duisburg-Essen, Essen, Germany<br>Julia Dominiak \u2013 Lodz University of Technology, \u0141\u00f3d\u017a, Poland<br>Karola Marky \u2013 Ruhr-University Bochum, Bochum, Germany<br>Khaled Kassem \u2013 TU Wien, Vienna, Austria<br>Lukas Rambold \u2013 Hasso Plattner Institute, Potsdam, Germany<br>Maria Wolters \u2013 University of Edinburgh, Edinburgh, United Kingdom<br>Mark Colley \u2013 Ulm University, Ulm, Germany<br>Martin Kocur \u2013 University of Applied Sciences Upper Austria, Hagenberg, Austria<br>Max Pascher \u2013 TU Dortmund University, Dortmund, Germany<br>Michael Pollak \u2013 Institute of Visual Computing and Human-Centered Technology, Vienna, Austria<br>Pascal Jansen \u2013 Ulm University, Ulm, Germany<br>Sebastian B\u00fcttner \u2013 University of Duisburg-Essen, Duisburg, Germany<br>Steeven Villa \u2013 LMU Munich, Munich, Germany<br>Stephanie Arevalo Arboleda \u2013 Ilmenau University of Technology, Ilmenau, Germany<br>Thomas Kosch \u2013 HU Berlin, Berlin, Germany<br>Thomas Mildner \u2013 University of Bremen, Bremen, Germany<br>Veronica Ranner \u2013 Nanyang Technological University Singapore, Singapore, Singapore<br>Yong Ma \u2013 University of Bergen, Bergen, Norway<br>Yuchong Zhang \u2013 KTH Royal Institute of Technology, Stockholm, Sweden<\/p>\n\n\n\n<h1 class=\"wp-block-heading has-large-font-size\">Short Paper Chairs<\/h1>\n\n\n\n<p><a href=\"mailto:short@mensch-und-computer.de\" target=\"_blank\" rel=\"noreferrer noopener\">short@mensch-und-computer.de<\/a><\/p>\n\n\n\n<div class=\"wp-block-group is-layout-flex wp-block-group-is-layout-flex\">\n<figure class=\"wp-block-image size-full is-resized is-style-rounded org-caption\"><img loading=\"lazy\" decoding=\"async\" width=\"1024\" height=\"1024\" src=\"https:\/\/muc2024.mensch-und-computer.de\/wp-content\/uploads\/2023\/10\/uwe_gruenefeld.jpg\" alt=\"\" class=\"wp-image-259\" style=\"object-fit:cover;width:230px;height:230px\" srcset=\"https:\/\/muc2024.mensch-und-computer.de\/wp-content\/uploads\/2023\/10\/uwe_gruenefeld.jpg 1024w, https:\/\/muc2024.mensch-und-computer.de\/wp-content\/uploads\/2023\/10\/uwe_gruenefeld-300x300.jpg 300w, https:\/\/muc2024.mensch-und-computer.de\/wp-content\/uploads\/2023\/10\/uwe_gruenefeld-150x150.jpg 150w, https:\/\/muc2024.mensch-und-computer.de\/wp-content\/uploads\/2023\/10\/uwe_gruenefeld-768x768.jpg 768w, https:\/\/muc2024.mensch-und-computer.de\/wp-content\/uploads\/2023\/10\/uwe_gruenefeld-1000x1000.jpg 1000w, https:\/\/muc2024.mensch-und-computer.de\/wp-content\/uploads\/2023\/10\/uwe_gruenefeld-230x230.jpg 230w, https:\/\/muc2024.mensch-und-computer.de\/wp-content\/uploads\/2023\/10\/uwe_gruenefeld-350x350.jpg 350w, https:\/\/muc2024.mensch-und-computer.de\/wp-content\/uploads\/2023\/10\/uwe_gruenefeld-480x480.jpg 480w\" sizes=\"auto, (max-width: 1024px) 100vw, 1024px\" \/><figcaption class=\"wp-element-caption\"><strong>Uwe Gruenefeld<\/strong><br>University of Duisburg-Essen<\/figcaption><\/figure>\n\n\n\n<figure class=\"wp-block-image size-full is-resized is-style-rounded org-caption\"><img loading=\"lazy\" decoding=\"async\" width=\"768\" height=\"768\" src=\"https:\/\/muc2024.mensch-und-computer.de\/wp-content\/uploads\/2023\/10\/maximilian_altmeyer.jpg\" alt=\"\" class=\"wp-image-260\" style=\"object-fit:cover;width:230px;height:230px\" srcset=\"https:\/\/muc2024.mensch-und-computer.de\/wp-content\/uploads\/2023\/10\/maximilian_altmeyer.jpg 768w, https:\/\/muc2024.mensch-und-computer.de\/wp-content\/uploads\/2023\/10\/maximilian_altmeyer-300x300.jpg 300w, https:\/\/muc2024.mensch-und-computer.de\/wp-content\/uploads\/2023\/10\/maximilian_altmeyer-150x150.jpg 150w, https:\/\/muc2024.mensch-und-computer.de\/wp-content\/uploads\/2023\/10\/maximilian_altmeyer-230x230.jpg 230w, https:\/\/muc2024.mensch-und-computer.de\/wp-content\/uploads\/2023\/10\/maximilian_altmeyer-350x350.jpg 350w, https:\/\/muc2024.mensch-und-computer.de\/wp-content\/uploads\/2023\/10\/maximilian_altmeyer-480x480.jpg 480w\" sizes=\"auto, (max-width: 768px) 100vw, 768px\" \/><figcaption class=\"wp-element-caption\"><strong>Maximilian Altmeyer<\/strong><br>Saarland University of Applied Sciences<\/figcaption><\/figure>\n\n\n\n<figure class=\"wp-block-image size-full is-resized is-style-rounded org-caption\"><img loading=\"lazy\" decoding=\"async\" width=\"1000\" height=\"1000\" src=\"https:\/\/muc2024.mensch-und-computer.de\/wp-content\/uploads\/2023\/10\/fiona_draxler.jpg\" alt=\"\" class=\"wp-image-261\" style=\"object-fit:cover;width:230px;height:230px\" srcset=\"https:\/\/muc2024.mensch-und-computer.de\/wp-content\/uploads\/2023\/10\/fiona_draxler.jpg 1000w, https:\/\/muc2024.mensch-und-computer.de\/wp-content\/uploads\/2023\/10\/fiona_draxler-300x300.jpg 300w, https:\/\/muc2024.mensch-und-computer.de\/wp-content\/uploads\/2023\/10\/fiona_draxler-150x150.jpg 150w, https:\/\/muc2024.mensch-und-computer.de\/wp-content\/uploads\/2023\/10\/fiona_draxler-768x768.jpg 768w, https:\/\/muc2024.mensch-und-computer.de\/wp-content\/uploads\/2023\/10\/fiona_draxler-230x230.jpg 230w, https:\/\/muc2024.mensch-und-computer.de\/wp-content\/uploads\/2023\/10\/fiona_draxler-350x350.jpg 350w, https:\/\/muc2024.mensch-und-computer.de\/wp-content\/uploads\/2023\/10\/fiona_draxler-480x480.jpg 480w\" sizes=\"auto, (max-width: 1000px) 100vw, 1000px\" \/><figcaption class=\"wp-element-caption\"><strong>Fiona Draxler<\/strong><br>LMU Munich<\/figcaption><\/figure>\n<\/div>\n\n\n\n<h2 class=\"wp-block-heading\">Short Paper Associate Chairs<\/h2>\n\n\n\n<p>Fatemeh Alizadeh \u2013 University of Siegen, Germany<br>Divyanshu Bhardwaj \u2013 CISPA Helmholtz Center for Information Security, Germany<br>Anke Brock \u2013 F\u00e9d\u00e9ration ENAC ISAE-SUPAERO ONERA, Universit\u00e9 de Toulouse, France<br>Anke Brocker \u2013 RWTH Aachen University, Germany<br>Francisco MariaCalisto \u2013 ITI\/LARSyS, IST &#8211; University Lisboa, Portugal<br>Sebastian Cmentowski \u2013 University of Waterloo, Canada<br>Jordan Aiko Deja \u2013 Center for Complexity and Emerging Technologies, De La Salle University, Philippines<br>Matthias Fassl \u2013 CISPA Helmholtz Center for Information Security, Germany<br>Julian Fietkau \u2013 University of the Bundeswehr, Germany<br>Zhengya Gong \u2013 University of Lapland, Finland<br>David Halbhuber \u2013 University of Regensburg, Germany<br>Mirella Hladk\u00fd \u2013 German Research Center for Artificial Intelligence (DFKI GmbH), Germany<br>Zhiming Hu \u2013 University of Stuttgart, Germany<br>Vinu Kamalasanan \u2013 Liebniz University, Germany<br>Florian Lehmann \u2013 University of Bayreuth, Germany<br>Fjoll\u00eb Novakazi \u2013 \u00d6rebro University, Sweden<br>Viktorija Paneva \u2013 University of the Bundeswehr, Germany<br>Niklas Pf\u00fctzenreuter &#8211; University of Duisburg-Essen, Germany<br>Fabian Pointecker \u2013 University of Applied Sciences Upper Austria, Austria<br>Anke Reinschluessel \u2013 University of Bremen, Germany<br>Andreas Schmid \u2013 University of Regensburg, Germany<br>Ambika Shahu \u2013 TU Wien Informatics, Austria<br>Marvin Strauss &#8211; University of Duisburg-Essen, Germany<br>Jannis Strecker \u2013 University of St. Gallen, Switzerland<br>Murat Topal \u2013 Sakarya University, Turkey<br>Rosa van Koningsbruggen \u2013 Bauhaus-Universit\u00e4t Weimar, Germany<br>Tamara von Sawitzky &#8211; University of Applied Sciences Ingolstadt, Germany<br>Simon Voelker \u2013 RWTH Aachen University, Germany<br>Jonas Vogelsang \u2013 University of Stuttgart, Germany<br>Thomas Weber \u2013 LMU Munich, Germany<br>Yannick Weiss \u2013 LMU Munich, Germany<br>Raphael Wimmer \u2013 University of Regensburg, Germany<br>Nick Wittig &#8211; University of Duisburg-Essen, Germany<br>Florian Wolling \u2013 Vienna University of Technology, Austria<br>Xingyao Yu \u2013 University of Stuttgart, Germany<\/p>","protected":false},"excerpt":{"rendered":"<p>Full Paper Chairs papers@mensch-und-computer.de Full Paper Associate Chairs Ankit Patel \u2013 University of Minho, Guimaraes, PortugalArne Berger \u2013 Anhalt University of Applied [&hellip;]<\/p>\n","protected":false},"author":9,"featured_media":0,"parent":0,"menu_order":0,"comment_status":"closed","ping_status":"closed","template":"","meta":{"footnotes":""},"class_list":["post-1047","page","type-page","status-publish","hentry"],"_links":{"self":[{"href":"https:\/\/muc2024.mensch-und-computer.de\/de\/wp-json\/wp\/v2\/pages\/1047","targetHints":{"allow":["GET"]}}],"collection":[{"href":"https:\/\/muc2024.mensch-und-computer.de\/de\/wp-json\/wp\/v2\/pages"}],"about":[{"href":"https:\/\/muc2024.mensch-und-computer.de\/de\/wp-json\/wp\/v2\/types\/page"}],"author":[{"embeddable":true,"href":"https:\/\/muc2024.mensch-und-computer.de\/de\/wp-json\/wp\/v2\/users\/9"}],"replies":[{"embeddable":true,"href":"https:\/\/muc2024.mensch-und-computer.de\/de\/wp-json\/wp\/v2\/comments?post=1047"}],"version-history":[{"count":6,"href":"https:\/\/muc2024.mensch-und-computer.de\/de\/wp-json\/wp\/v2\/pages\/1047\/revisions"}],"predecessor-version":[{"id":1172,"href":"https:\/\/muc2024.mensch-und-computer.de\/de\/wp-json\/wp\/v2\/pages\/1047\/revisions\/1172"}],"wp:attachment":[{"href":"https:\/\/muc2024.mensch-und-computer.de\/de\/wp-json\/wp\/v2\/media?parent=1047"}],"curies":[{"name":"wp","href":"https:\/\/api.w.org\/{rel}","templated":true}]}}