{"id":1184,"date":"2024-07-12T07:39:17","date_gmt":"2024-07-12T07:39:17","guid":{"rendered":"https:\/\/muc2024.mensch-und-computer.de\/?page_id=1184"},"modified":"2024-08-29T21:22:33","modified_gmt":"2024-08-29T21:22:33","slug":"for-presenters","status":"publish","type":"page","link":"https:\/\/muc2024.mensch-und-computer.de\/de\/participation\/for-presenters\/","title":{"rendered":"F\u00fcr Vortragende"},"content":{"rendered":"<h2 class=\"wp-block-heading\">M\u00fcndliche Vortr\u00e4ge<\/h2>\n\n\n\n<ul class=\"wp-block-list\">\n<li>MCI Vortr\u00e4ge sind 12 min lang + 3 min Fragen<\/li>\n\n\n\n<li>UP Vortr\u00e4ge sind 25 min lang + 5 min Fragen<\/li>\n\n\n\n<li>Wir stellen den Vortragenden ein HDMI-Kabel zur Verf\u00fcgung. Die Vortragenden sind selbst verantwortlich f\u00fcr ein Pr\u00e4sentationsger\u00e4t und gegebenenfalls einen Adapter.<\/li>\n<\/ul>\n\n\n\n<h2 class=\"wp-block-heading\">Poster Pr\u00e4sentationen<\/h2>\n\n\n\n<ul class=\"wp-block-list\">\n<li>Auf die Poster W\u00e4nde passen nur A1 Poster.<\/li>\n<\/ul>\n\n\n\n<h2 class=\"wp-block-heading\">Workshops und Tutorials<\/h2>\n\n\n\n<ul class=\"wp-block-list\">\n<li>Wir stellen den Vortragenden ein HDMI-Kabel zur Verf\u00fcgung. Die Vortragenden sind selbst verantwortlich f\u00fcr ein Pr\u00e4sentationsger\u00e4t und gegebenenfalls einen Adapter.<\/li>\n\n\n\n<li>Leider k\u00f6nnen Verbrauchsmaterialien wie Stifte, Karten, Haftnotizen und \u00c4hnliches nicht zur Verf\u00fcgung gestellt werden.<\/li>\n\n\n\n<li>UP: Flipcharts und Pinnw\u00e4nde werden, wie im Abstract angegeben, zur Verf\u00fcgung gestellt. Sollten sich \u00c4nderungen ergeben haben, wenden Sie sich bitte an up24@germanupa.de.&nbsp;<\/li>\n<\/ul>\n\n\n\n<h2 class=\"wp-block-heading\">Student Research Competition<\/h2>\n\n\n\n<ul class=\"wp-block-list\">\n<li>Pr\u00e4sentationen sind 6 min lang + 2 min Fragen<\/li>\n\n\n\n<li>Wir werden die Pr\u00e4sentationen vorher einsammeln und vor Ort einen Laptop bereitstellen.<\/li>\n<\/ul>\n\n\n\n<h2 class=\"wp-block-heading\">Remote Presentations<\/h2>\n\n\n\n<ul class=\"wp-block-list\">\n<li>Presentations remotely are only possible via a video submitted before the conference. Live remote presentations are not possible.<\/li>\n<\/ul>","protected":false},"excerpt":{"rendered":"<p>Oral Presentations Poster Presentations Workshops and Tutorials Student Research Competition Remote Presentations<\/p>","protected":false},"author":9,"featured_media":0,"parent":342,"menu_order":0,"comment_status":"closed","ping_status":"closed","template":"","meta":{"footnotes":""},"class_list":["post-1184","page","type-page","status-publish","hentry"],"_links":{"self":[{"href":"https:\/\/muc2024.mensch-und-computer.de\/de\/wp-json\/wp\/v2\/pages\/1184","targetHints":{"allow":["GET"]}}],"collection":[{"href":"https:\/\/muc2024.mensch-und-computer.de\/de\/wp-json\/wp\/v2\/pages"}],"about":[{"href":"https:\/\/muc2024.mensch-und-computer.de\/de\/wp-json\/wp\/v2\/types\/page"}],"author":[{"embeddable":true,"href":"https:\/\/muc2024.mensch-und-computer.de\/de\/wp-json\/wp\/v2\/users\/9"}],"replies":[{"embeddable":true,"href":"https:\/\/muc2024.mensch-und-computer.de\/de\/wp-json\/wp\/v2\/comments?post=1184"}],"version-history":[{"count":5,"href":"https:\/\/muc2024.mensch-und-computer.de\/de\/wp-json\/wp\/v2\/pages\/1184\/revisions"}],"predecessor-version":[{"id":1950,"href":"https:\/\/muc2024.mensch-und-computer.de\/de\/wp-json\/wp\/v2\/pages\/1184\/revisions\/1950"}],"up":[{"embeddable":true,"href":"https:\/\/muc2024.mensch-und-computer.de\/de\/wp-json\/wp\/v2\/pages\/342"}],"wp:attachment":[{"href":"https:\/\/muc2024.mensch-und-computer.de\/de\/wp-json\/wp\/v2\/media?parent=1184"}],"curies":[{"name":"wp","href":"https:\/\/api.w.org\/{rel}","templated":true}]}}