{"id":1772,"date":"2024-08-16T17:19:30","date_gmt":"2024-08-16T17:19:30","guid":{"rendered":"https:\/\/muc2024.mensch-und-computer.de\/?page_id=1772"},"modified":"2024-08-16T17:33:50","modified_gmt":"2024-08-16T17:33:50","slug":"dei-a-panel","status":"publish","type":"page","link":"https:\/\/muc2024.mensch-und-computer.de\/de\/dei-a-panel\/","title":{"rendered":"DEI &#038; A Panel"},"content":{"rendered":"<h2 class=\"wp-block-heading\">The State of (In)Accessibility in Academia<\/h2>\n\n\n\n<p>Seit der Einrichtung der Diversity, Equity, Inclusion &amp; Accessibility (DEI &amp; A, urspr\u00fcnglich nur \u201eDiversity\u201c; zu deutsch etwa \u201eDiversit\u00e4t, Gerechtigkeit, Inklusion &amp; Zug\u00e4nglichkeit\u201c) Chairs bei der MuC 2022 organisiert das Team eine 90-min\u00fctige Einheit mit einem Fokus ihrer Wahl.<\/p>\n\n\n\n<p>Dieses Jahr haben Sabrina Burtscher, Frauke M\u00f6rike, und Gerhard Weber eine Podiumsdiskussion mit Fokus auf die Wissenschaft und wie wir sie zug\u00e4nglicher gestalten k\u00f6nnen organisiert.&nbsp;<\/p>\n\n\n\n<p>Die Podiumsdiskussion findet am Dienstag, 3. September, von 16.00-17.30 Uhr im Geb\u00e4ude 30.95 im Audimax statt.<\/p>\n\n\n\n<p>Das Gespr\u00e4ch wird in \u00d6sterreichischer Geb\u00e4rdensprache und gesprochenem Englisch stattfinden. Dolmetscher_innen werden zwischen diesen beiden Sprachen \u00fcbersetzen.<\/p>\n\n\n\n<p>Im Folgenden stellen wir die Panelist_innen kurz vor. Detaillierte Informationen folgen in K\u00fcrze.<\/p>\n\n\n\n<div class=\"wp-block-media-text is-stacked-on-mobile is-image-fill\" style=\"grid-template-columns:34% auto\"><figure class=\"wp-block-media-text__media\" style=\"background-image:url(https:\/\/muc2024.mensch-und-computer.de\/wp-content\/uploads\/2024\/08\/Christoph-edited-1024x683.jpg);background-position:50% 50%\"><img loading=\"lazy\" decoding=\"async\" width=\"1024\" height=\"683\" src=\"https:\/\/muc2024.mensch-und-computer.de\/wp-content\/uploads\/2024\/08\/Christoph-edited-1024x683.jpg\" alt=\"\" class=\"wp-image-1774 size-large\" srcset=\"https:\/\/muc2024.mensch-und-computer.de\/wp-content\/uploads\/2024\/08\/Christoph-edited-1024x683.jpg 1024w, https:\/\/muc2024.mensch-und-computer.de\/wp-content\/uploads\/2024\/08\/Christoph-edited-300x200.jpg 300w, https:\/\/muc2024.mensch-und-computer.de\/wp-content\/uploads\/2024\/08\/Christoph-edited-768x512.jpg 768w, https:\/\/muc2024.mensch-und-computer.de\/wp-content\/uploads\/2024\/08\/Christoph-edited-1536x1024.jpg 1536w, https:\/\/muc2024.mensch-und-computer.de\/wp-content\/uploads\/2024\/08\/Christoph-edited-2048x1366.jpg 2048w, https:\/\/muc2024.mensch-und-computer.de\/wp-content\/uploads\/2024\/08\/Christoph-edited-18x12.jpg 18w, https:\/\/muc2024.mensch-und-computer.de\/wp-content\/uploads\/2024\/08\/Christoph-edited-1000x667.jpg 1000w, https:\/\/muc2024.mensch-und-computer.de\/wp-content\/uploads\/2024\/08\/Christoph-edited-230x153.jpg 230w, https:\/\/muc2024.mensch-und-computer.de\/wp-content\/uploads\/2024\/08\/Christoph-edited-350x233.jpg 350w, https:\/\/muc2024.mensch-und-computer.de\/wp-content\/uploads\/2024\/08\/Christoph-edited-480x320.jpg 480w\" sizes=\"auto, (max-width: 1024px) 100vw, 1024px\" \/><\/figure><div class=\"wp-block-media-text__content\">\n<p><\/p>\n\n\n\n<p><strong>Christoph Burzlaff<\/strong><\/p>\n\n\n\n<p>Christoph Burzlaff ist seit M\u00e4rz 2023 wissenschaftlicher Mitarbeiter und Doktorand in der Abteilung Arbeit, Inklusion und Technik (Fakult\u00e4t Rehabilitationswissenschaften, TU Dortmund). Er studierte Rehabilitationsp\u00e4dagogik im Bachelor und Rehabilitationswissenschaften im Master an der TU Dortmund. Sein Forschungsschwerpunkt liegt auf dem System der beruflichen Rehabilitation in Deutschland, insbesondere auf Berufsbildungsst\u00e4tten und Werkst\u00e4tten f\u00fcr Menschen mit Behinderung. In seinem Dissertationsprojekt erforscht er die digitale Vermittlung von Kompetenzen in Berufsbildungsst\u00e4tten. Diese Schl\u00fcsselkompetenzen beeinflussen die Arbeitsmarktchancen von Menschen mit Behinderung stark. Er ist Teil der First Generation Academics und spricht aus dieser Perspektive \u00fcber die (Un-)Zug\u00e4nglichkeit der Wissenschaft.<\/p>\n<\/div><\/div>\n\n\n\n<p class=\"wp-container-content-e29552f7\"><\/p>\n\n\n\n<div class=\"wp-block-group is-content-justification-space-between is-nowrap is-layout-flex wp-container-core-group-is-layout-cb46ffcb wp-block-group-is-layout-flex\">\n<div class=\"wp-block-media-text is-stacked-on-mobile is-image-fill\" style=\"grid-template-columns:34% auto\"><figure class=\"wp-block-media-text__media\" style=\"background-image:url(https:\/\/muc2024.mensch-und-computer.de\/wp-content\/uploads\/2024\/08\/Oliver-767x1024.jpg);background-position:24% 5%\"><img loading=\"lazy\" decoding=\"async\" width=\"767\" height=\"1024\" src=\"https:\/\/muc2024.mensch-und-computer.de\/wp-content\/uploads\/2024\/08\/Oliver-767x1024.jpg\" alt=\"\" class=\"wp-image-1795 size-full\" srcset=\"https:\/\/muc2024.mensch-und-computer.de\/wp-content\/uploads\/2024\/08\/Oliver-767x1024.jpg 767w, https:\/\/muc2024.mensch-und-computer.de\/wp-content\/uploads\/2024\/08\/Oliver-225x300.jpg 225w, https:\/\/muc2024.mensch-und-computer.de\/wp-content\/uploads\/2024\/08\/Oliver-768x1025.jpg 768w, https:\/\/muc2024.mensch-und-computer.de\/wp-content\/uploads\/2024\/08\/Oliver-9x12.jpg 9w, https:\/\/muc2024.mensch-und-computer.de\/wp-content\/uploads\/2024\/08\/Oliver-230x307.jpg 230w, https:\/\/muc2024.mensch-und-computer.de\/wp-content\/uploads\/2024\/08\/Oliver-350x467.jpg 350w, https:\/\/muc2024.mensch-und-computer.de\/wp-content\/uploads\/2024\/08\/Oliver-480x641.jpg 480w, https:\/\/muc2024.mensch-und-computer.de\/wp-content\/uploads\/2024\/08\/Oliver.jpg 959w\" sizes=\"auto, (max-width: 767px) 100vw, 767px\" \/><\/figure><div class=\"wp-block-media-text__content\">\n<p><\/p>\n\n\n\n<p><strong>Oliver Suchanek<\/strong><\/p>\n\n\n\n<p>Oliver (es\/es, they\/them) ist studentische_r Mitarbeiter_in am Institut f\u00fcr Visual Computing und Human Centered Technology an der Fakult\u00e4t f\u00fcr Informatik der TU Wien. In es Arbeit als geh\u00f6rlose_r Kurator_in konzentriert es sich auf die Neubewertung von barrierefreier Kunst durch den Einsatz von Technologien. Oliver widmet sich der Neugestaltung des Zugangs zu Technologie, um geh\u00f6rlosen Menschen die M\u00f6glichkeit zu geben, ihre Autonomie zu behaupten, und arbeitet eng mit der Hackerszene des CCC und der Geh\u00f6rlosengemeinschaft zusammen. Derzeit studiert es Transmediale Kunst (Diplomstudium) an der Universit\u00e4t f\u00fcr Angewandte Kunst und absolviert eine Ausbildung als Geb\u00e4rdensprachendozent_in in Zusammenarbeit mit der Universit\u00e4t Salzburg und der P\u00e4dagogischen Hochschule Salzburg.<\/p>\n<\/div><\/div>\n<\/div>\n\n\n\n<div class=\"wp-block-media-text is-stacked-on-mobile is-image-fill\" style=\"grid-template-columns:34% auto\"><figure class=\"wp-block-media-text__media\" style=\"background-image:url(https:\/\/muc2024.mensch-und-computer.de\/wp-content\/uploads\/2024\/08\/zeynep.jpg);background-position:48% 35%\"><img loading=\"lazy\" decoding=\"async\" width=\"1024\" height=\"683\" src=\"https:\/\/muc2024.mensch-und-computer.de\/wp-content\/uploads\/2024\/08\/zeynep.jpg\" alt=\"\" class=\"wp-image-1798 size-full\" srcset=\"https:\/\/muc2024.mensch-und-computer.de\/wp-content\/uploads\/2024\/08\/zeynep.jpg 1024w, https:\/\/muc2024.mensch-und-computer.de\/wp-content\/uploads\/2024\/08\/zeynep-300x200.jpg 300w, https:\/\/muc2024.mensch-und-computer.de\/wp-content\/uploads\/2024\/08\/zeynep-768x512.jpg 768w, https:\/\/muc2024.mensch-und-computer.de\/wp-content\/uploads\/2024\/08\/zeynep-18x12.jpg 18w, https:\/\/muc2024.mensch-und-computer.de\/wp-content\/uploads\/2024\/08\/zeynep-1000x667.jpg 1000w, https:\/\/muc2024.mensch-und-computer.de\/wp-content\/uploads\/2024\/08\/zeynep-230x153.jpg 230w, https:\/\/muc2024.mensch-und-computer.de\/wp-content\/uploads\/2024\/08\/zeynep-350x233.jpg 350w, https:\/\/muc2024.mensch-und-computer.de\/wp-content\/uploads\/2024\/08\/zeynep-480x320.jpg 480w\" sizes=\"auto, (max-width: 1024px) 100vw, 1024px\" \/><\/figure><div class=\"wp-block-media-text__content\">\n<p><\/p>\n\n\n\n<p><strong>Zeynep Yildiz<\/strong><\/p>\n\n\n\n<p>Zeynep (sie\/ihr) ist Kinderbuchautorin und Forscherin im Reallabor Barrierefreiheit am Karlsruher Institut f\u00fcr Technologie (KIT). Sie hat einen Hintergrund in Psychologie und Design und einen Doktortitel von der Koc Universit\u00e4t. Ihre Forschung am KIT konzentriert sich auf das Verst\u00e4ndnis der gegenseitigen Abh\u00e4ngigkeit von behinderten Menschen mit Technologie und Raum, insbesondere im Museumskontext. Sie verwendet ethnografische Methoden, um zu untersuchen, wie Museen ihren behinderten Besucher_innen aus einer auf Behindertengerechtigkeit ausgerichteten Perspektive ein gleichberechtigtes Erlebnis bieten k\u00f6nnen, und experimentiert auch mit auto-ethnografischen Methoden, um neue Perspektiven f\u00fcr ihre eigenen Erfahrungen als behinderte Person zu entdecken.\u00a0<br><\/p>\n<\/div><\/div>","protected":false},"excerpt":{"rendered":"<p>The State of (In)Accessibility in Academia Since their establishment at MuC 2022, the Diversity, Equity, Inclusion &amp; Accessibility (DEI &amp; A, initially [&hellip;]<\/p>\n","protected":false},"author":2,"featured_media":0,"parent":0,"menu_order":0,"comment_status":"closed","ping_status":"closed","template":"","meta":{"footnotes":""},"class_list":["post-1772","page","type-page","status-publish","hentry"],"_links":{"self":[{"href":"https:\/\/muc2024.mensch-und-computer.de\/de\/wp-json\/wp\/v2\/pages\/1772","targetHints":{"allow":["GET"]}}],"collection":[{"href":"https:\/\/muc2024.mensch-und-computer.de\/de\/wp-json\/wp\/v2\/pages"}],"about":[{"href":"https:\/\/muc2024.mensch-und-computer.de\/de\/wp-json\/wp\/v2\/types\/page"}],"author":[{"embeddable":true,"href":"https:\/\/muc2024.mensch-und-computer.de\/de\/wp-json\/wp\/v2\/users\/2"}],"replies":[{"embeddable":true,"href":"https:\/\/muc2024.mensch-und-computer.de\/de\/wp-json\/wp\/v2\/comments?post=1772"}],"version-history":[{"count":23,"href":"https:\/\/muc2024.mensch-und-computer.de\/de\/wp-json\/wp\/v2\/pages\/1772\/revisions"}],"predecessor-version":[{"id":1804,"href":"https:\/\/muc2024.mensch-und-computer.de\/de\/wp-json\/wp\/v2\/pages\/1772\/revisions\/1804"}],"wp:attachment":[{"href":"https:\/\/muc2024.mensch-und-computer.de\/de\/wp-json\/wp\/v2\/media?parent=1772"}],"curies":[{"name":"wp","href":"https:\/\/api.w.org\/{rel}","templated":true}]}}