{"id":33,"date":"2023-07-30T10:40:48","date_gmt":"2023-07-30T10:40:48","guid":{"rendered":"https:\/\/muc2024.mensch-und-computer.de\/?page_id=33"},"modified":"2024-08-04T13:19:21","modified_gmt":"2024-08-04T13:19:21","slug":"sponsoring","status":"publish","type":"page","link":"https:\/\/muc2024.mensch-und-computer.de\/de\/sponsoring\/","title":{"rendered":"Sponsoring"},"content":{"rendered":"<p>Die \u201eMensch und Computer\u201c ist die j\u00e4hrlich stattfindende Tagung des Fachbereichs Mensch-Computer-Interaktion der <a href=\"http:\/\/gi.de\" data-type=\"link\" data-id=\"gi.de\">Gesellschaft f\u00fcr Informatik e.V. (GI)<\/a> und der German Usability Professionals Association (<a href=\"https:\/\/www.germanupa.de\/\">https:\/\/www.germanupa.de\/<\/a>). Sie ist die f\u00fchrende Veranstaltung zum Thema Mensch-Computer-Interaktion im deutschsprachigen Raum und eine der gr\u00f6\u00dften europ\u00e4ischen Konferenzen in diesem Bereich. Wir m\u00f6chten Ihnen als Unternehmen die M\u00f6glichkeit bieten, sich als Sponsor und\/oder Aussteller einzubringen sowie mit dem fachkundigen Publikum w\u00e4hrend der \u201eMensch und Computer 2024\u201c in Dialog zu treten. Wenn Sie sich f\u00fcr eines der Sponsoring-Pakete interessieren und uns bei der Durchf\u00fchrung der \u201eMensch und Computer 2024\u201c in Karlsruhe unterst\u00fctzen m\u00f6chten, dann wenden Sie sich gerne&nbsp;<a href=\"mailto:kouvaris@usability-in-germany.de\" data-type=\"mailto\" data-id=\"mailto:kouvaris@usability-in-germany.de\">per E-Mail an unser Sponsoring Team<\/a>.<\/p>\n\n\n\n<div class=\"wp-block-buttons is-content-justification-center is-layout-flex wp-container-core-buttons-is-layout-a89b3969 wp-block-buttons-is-layout-flex\">\n<div class=\"wp-block-button\"><a class=\"wp-block-button__link has-vivid-purple-background-color has-background wp-element-button\" href=\"\/de\/booklet\/\" rel=\"https:\/\/muc2024.mensch-und-computer.de\/booklet\/\">Sponsoring Booklet<\/a><\/div>\n<\/div>\n\n\n\n\n\n<div class=\"wp-block-columns is-layout-flex wp-container-core-columns-is-layout-28f84493 wp-block-columns-is-layout-flex\">\n<div class=\"wp-block-column is-layout-flow wp-block-column-is-layout-flow\">\n<h4 class=\"wp-block-heading has-text-align-center\">Platin Sponsoren<\/h4>\n\n\n\n<figure class=\"wp-block-image size-full is-resized\"><img loading=\"lazy\" decoding=\"async\" width=\"1007\" height=\"181\" src=\"https:\/\/muc2024.mensch-und-computer.de\/wp-content\/uploads\/2023\/12\/EnBW_Logo_Standard_BlauOrange.png\" alt=\"\" class=\"wp-image-491\" style=\"object-fit:cover;width:191px;height:auto\" srcset=\"https:\/\/muc2024.mensch-und-computer.de\/wp-content\/uploads\/2023\/12\/EnBW_Logo_Standard_BlauOrange.png 1007w, https:\/\/muc2024.mensch-und-computer.de\/wp-content\/uploads\/2023\/12\/EnBW_Logo_Standard_BlauOrange-300x54.png 300w, https:\/\/muc2024.mensch-und-computer.de\/wp-content\/uploads\/2023\/12\/EnBW_Logo_Standard_BlauOrange-768x138.png 768w, https:\/\/muc2024.mensch-und-computer.de\/wp-content\/uploads\/2023\/12\/EnBW_Logo_Standard_BlauOrange-18x3.png 18w, https:\/\/muc2024.mensch-und-computer.de\/wp-content\/uploads\/2023\/12\/EnBW_Logo_Standard_BlauOrange-1000x180.png 1000w, https:\/\/muc2024.mensch-und-computer.de\/wp-content\/uploads\/2023\/12\/EnBW_Logo_Standard_BlauOrange-230x41.png 230w, https:\/\/muc2024.mensch-und-computer.de\/wp-content\/uploads\/2023\/12\/EnBW_Logo_Standard_BlauOrange-350x63.png 350w, https:\/\/muc2024.mensch-und-computer.de\/wp-content\/uploads\/2023\/12\/EnBW_Logo_Standard_BlauOrange-480x86.png 480w\" sizes=\"auto, (max-width: 1007px) 100vw, 1007px\" \/><\/figure>\n\n\n\n<p class=\"has-small-font-size\">Die EnBW Energie Baden-W\u00fcrttemberg AG versorgt rund 5,5 Millionen Kunden mit Strom, Gas und Wasser sowie mit energienahen Dienstleistungen und Produkten. Ein wichtiges Ziel der EnBW ist es, die M\u00f6glichkeiten der nachhaltigen neuen Energiewelt f\u00fcr die Menschen nutzbar zu machen \u2013 intelligent, sicher und einfach.<\/p>\n<\/div>\n\n\n\n<div class=\"wp-block-column is-layout-flow wp-block-column-is-layout-flow\">\n<h4 class=\"wp-block-heading has-text-align-center\">Gold Sponsors<\/h4>\n\n\n\n<figure class=\"wp-block-image size-full\"><img decoding=\"async\" src=\"https:\/\/muc2024.mensch-und-computer.de\/wp-content\/uploads\/2024\/04\/Atruvia_Logo_Tiefblau_Digital_sRGB.svg\" alt=\"\" class=\"wp-image-932\"\/><\/figure>\n\n\n\n<p class=\"has-small-font-size\">Wir sind Atruvia. Wir verbinden Menschen und M\u00e4rkte von morgen. Einfach. Digital. Sicher.<\/p>\n\n\n\n<p class=\"has-small-font-size\">Wir sind der Digitalisierungspartner in der Genossenschaftlichen Finanzgruppe mit rund 5.100 Mitarbeitenden. Mit Banking und Informationstechnologie kennen wir uns bestens aus. Unsere speziell auf Banken zugeschnittenen IT-L\u00f6sungen und -Leistungen reichen von Rechenzentrumsbetrieb \u00fcber unser Bankverfahren bis hin zur App-Entwicklung. Dabei nutzen wir zukunftsweisende Technologien wie Smart Data und schreiben Prozessoptimierung und Regulatorik gro\u00df.<\/p>\n\n\n\n<figure class=\"wp-block-image size-large\"><img loading=\"lazy\" decoding=\"async\" width=\"1024\" height=\"422\" src=\"https:\/\/muc2024.mensch-und-computer.de\/wp-content\/uploads\/2024\/06\/Screenshot-2024-06-11-155502-1024x422.png\" alt=\"\" class=\"wp-image-1063\" srcset=\"https:\/\/muc2024.mensch-und-computer.de\/wp-content\/uploads\/2024\/06\/Screenshot-2024-06-11-155502-1024x422.png 1024w, https:\/\/muc2024.mensch-und-computer.de\/wp-content\/uploads\/2024\/06\/Screenshot-2024-06-11-155502-300x124.png 300w, https:\/\/muc2024.mensch-und-computer.de\/wp-content\/uploads\/2024\/06\/Screenshot-2024-06-11-155502-768x316.png 768w, https:\/\/muc2024.mensch-und-computer.de\/wp-content\/uploads\/2024\/06\/Screenshot-2024-06-11-155502-1536x633.png 1536w, https:\/\/muc2024.mensch-und-computer.de\/wp-content\/uploads\/2024\/06\/Screenshot-2024-06-11-155502-2048x844.png 2048w, https:\/\/muc2024.mensch-und-computer.de\/wp-content\/uploads\/2024\/06\/Screenshot-2024-06-11-155502-18x7.png 18w, https:\/\/muc2024.mensch-und-computer.de\/wp-content\/uploads\/2024\/06\/Screenshot-2024-06-11-155502-1000x412.png 1000w, https:\/\/muc2024.mensch-und-computer.de\/wp-content\/uploads\/2024\/06\/Screenshot-2024-06-11-155502-230x95.png 230w, https:\/\/muc2024.mensch-und-computer.de\/wp-content\/uploads\/2024\/06\/Screenshot-2024-06-11-155502-350x144.png 350w, https:\/\/muc2024.mensch-und-computer.de\/wp-content\/uploads\/2024\/06\/Screenshot-2024-06-11-155502-480x198.png 480w\" sizes=\"auto, (max-width: 1024px) 100vw, 1024px\" \/><\/figure>\n\n\n\n<p class=\"has-small-font-size\"><strong>Wir entwickeln soziale Zukunft.<\/strong><\/p>\n\n\n\n<p class=\"has-small-font-size\">Das IT-Systemhaus ist eine besondere Dienststelle der Bundesagentur f\u00fcr Arbeit (BA).<\/p>\n\n\n\n<p class=\"has-small-font-size\">Als operativer IT-Dienstleister der BA betreiben wir am Hauptstandort N\u00fcrnberg\/F\u00fcrth sowie an sechs weiteren Standorten deutschlandweit mit \u00fcber 100 eigenen IT-Anwendungen, 170.000 vernetzten PC-Arbeitspl\u00e4tzen und der dazugeh\u00f6rigen Infrastruktur eine der gr\u00f6\u00dften IT-Landschaften Deutschlands und entwickeln diese st\u00e4ndig weiter.<\/p>\n\n\n\n<p class=\"has-small-font-size\">Derzeit durchleben wir eine Transformation. Wir entwickeln uns von einem aufgaben- in einen produktorientierten Aufbau mit End-to-End-Verantwortung in den jeweiligen Produktbereichen. Dabei arbeiten wir zunehmend agil nach DevSecOps-Prinzipien.<\/p>\n<\/div>\n\n\n\n<div class=\"wp-block-column is-layout-flow wp-block-column-is-layout-flow\">\n<h4 class=\"wp-block-heading has-text-align-center\">Silber Sponsoren<\/h4>\n\n\n\n<figure class=\"wp-block-image size-full\"><img decoding=\"async\" src=\"https:\/\/muc2024.mensch-und-computer.de\/wp-content\/uploads\/2023\/12\/Ergosign.svg\" alt=\"\" class=\"wp-image-435\" style=\"object-fit:cover\"\/><\/figure>\n\n\n\n<p class=\"has-small-font-size\">Ergosign ist eine Digitalagentur mit Fokus auf User Experience und Marktf\u00fchrer f\u00fcr User Experience Design in der DACH-Region. Sie gestalten Produkte und Services, die Menschen in ihrer Arbeit unterst\u00fctzen und ihr Leben bereichern. Ihr Serviceansatz setzt auf ein mensch-zentriertes, zielorientiertes und kollaboratives Mindset.<\/p>\n\n\n\n<figure class=\"wp-block-image size-full\"><img loading=\"lazy\" decoding=\"async\" width=\"216\" height=\"120\" src=\"https:\/\/muc2024.mensch-und-computer.de\/wp-content\/uploads\/2023\/11\/UXQB.png\" alt=\"\" class=\"wp-image-312\"\/><\/figure>\n\n\n\n<p class=\"has-small-font-size\">Das UXQB \u2013 International Usability and User Experience Qualification Board e.V. ist ein Zusammenschluss von internationalen Fachexperten auf dem Gebiet \u201eUsability und User Experience\u201c. Ziel des UXQB ist die (Weiter-)Entwicklung und Pflege des Zertifizierungsprogramms \u201eCertified Professional for Usability and User Experience\u201c (CPUX).<\/p>\n\n\n\n<figure class=\"wp-block-image size-full is-resized\"><img decoding=\"async\" src=\"https:\/\/muc2024.mensch-und-computer.de\/wp-content\/uploads\/2024\/01\/Centigrade-Original.svg\" alt=\"\" class=\"wp-image-707\" style=\"width:191px;height:auto\"\/><\/figure>\n\n\n\n<p class=\"has-small-font-size\">Centigrade ist eine der f\u00fchrenden UX Agenturen und begleitet die besten Unternehmen der Branche bei der strategischen Entwicklung digitaler Produkterlebnisse, die im Design ihresgleichen suchen. Egal ob Anforderungsanalyse, UX Design, Gamification oder Frontend-Entwicklung und DesignOps \u2013 die Begeisterung der Nutzer:innen in der digitalen Transformation ist f\u00fcr jeden im Team das Ma\u00df aller Dinge.<\/p>\n\n\n\n<figure class=\"wp-block-image size-large\"><img loading=\"lazy\" decoding=\"async\" width=\"1024\" height=\"365\" src=\"https:\/\/muc2024.mensch-und-computer.de\/wp-content\/uploads\/2024\/02\/LOGO-SI-2016-mit-Claim-1024x365.png\" alt=\"\" class=\"wp-image-830\" srcset=\"https:\/\/muc2024.mensch-und-computer.de\/wp-content\/uploads\/2024\/02\/LOGO-SI-2016-mit-Claim-1024x365.png 1024w, https:\/\/muc2024.mensch-und-computer.de\/wp-content\/uploads\/2024\/02\/LOGO-SI-2016-mit-Claim-300x107.png 300w, https:\/\/muc2024.mensch-und-computer.de\/wp-content\/uploads\/2024\/02\/LOGO-SI-2016-mit-Claim-768x274.png 768w, https:\/\/muc2024.mensch-und-computer.de\/wp-content\/uploads\/2024\/02\/LOGO-SI-2016-mit-Claim-1536x548.png 1536w, https:\/\/muc2024.mensch-und-computer.de\/wp-content\/uploads\/2024\/02\/LOGO-SI-2016-mit-Claim-2048x731.png 2048w, https:\/\/muc2024.mensch-und-computer.de\/wp-content\/uploads\/2024\/02\/LOGO-SI-2016-mit-Claim-18x6.png 18w, https:\/\/muc2024.mensch-und-computer.de\/wp-content\/uploads\/2024\/02\/LOGO-SI-2016-mit-Claim-1000x357.png 1000w, https:\/\/muc2024.mensch-und-computer.de\/wp-content\/uploads\/2024\/02\/LOGO-SI-2016-mit-Claim-230x82.png 230w, https:\/\/muc2024.mensch-und-computer.de\/wp-content\/uploads\/2024\/02\/LOGO-SI-2016-mit-Claim-350x125.png 350w, https:\/\/muc2024.mensch-und-computer.de\/wp-content\/uploads\/2024\/02\/LOGO-SI-2016-mit-Claim-480x171.png 480w\" sizes=\"auto, (max-width: 1024px) 100vw, 1024px\" \/><\/figure>\n\n\n\n<p class=\"has-small-font-size\">Das Spiegel Institut bringt die Nutzer-Perspektive in die Produkt- und Service-Entwicklung unserer Kunden. Unser Team von rund 240 Mitarbeitenden denkt, lebt und arbeitet f\u00fcr mehr UX und CX \u2013 mit Expertise, Engagement und Enthusiasmus. Gemeinsam meistern wir jede Herausforderung, denn jede:r Einzelne hat bei uns einen Platz und wird f\u00fcr St\u00e4rken und Schw\u00e4chen wertgesch\u00e4tzt. Wir leben Individualit\u00e4t und bieten innovative Projekte in einem famili\u00e4ren Arbeitsumfeld.<\/p>\n\n\n\n<p class=\"has-small-font-size\">Unser Credo: Empower companies to make user-centered products for people!<\/p>\n\n\n\n<figure class=\"wp-block-image size-full\"><img decoding=\"async\" src=\"https:\/\/muc2024.mensch-und-computer.de\/wp-content\/uploads\/2024\/02\/Mangold-Logo-Vector.svg\" alt=\"\" class=\"wp-image-860\"\/><\/figure>\n\n\n\n<p class=\"has-small-font-size\">Multimodale Datenerfassung und -analyse leicht gemacht. Die Observation Studio Software Suite von Mangold International erm\u00f6glicht die effiziente und effektive Durchf\u00fchrung von qualitativen und quantitativen Beobachtungsstudien unter anderem in den Bereichen Human Factors Research, Usability, Neurowissenschaften.<\/p>\n\n\n\n<p class=\"has-small-font-size\">Entdecken Sie mehr unter <a href=\"http:\/\/www.mangold-international.com\" target=\"_blank\" rel=\"noreferrer noopener\">www.mangold-international.com<\/a>.<\/p>\n\n\n\n<figure class=\"wp-block-image size-full\"><img decoding=\"async\" src=\"https:\/\/muc2024.mensch-und-computer.de\/wp-content\/uploads\/2024\/03\/DATEV-Logo.svg\" alt=\"\" class=\"wp-image-887\"\/><\/figure>\n\n\n\n<p class=\"has-small-font-size\">Die DATEV eG ist der drittgr\u00f6\u00dfte Anbieter f\u00fcr Business-Software in Deutschland ( IDC-Ranking 2023 ) und einer der gro\u00dfen europ\u00e4ischen IT-Dienstleister. Gegr\u00fcndet 1966, hat die Genossenschaft des steuerberatenden Berufsstandes im Gesch\u00e4ftsjahr 2022 einen Umsatz von 1,31 Milliarden Euro erzielt.<\/p>\n\n\n\n<figure class=\"wp-block-image size-full\"><img decoding=\"async\" src=\"https:\/\/muc2024.mensch-und-computer.de\/wp-content\/uploads\/2024\/05\/UID_Logo_CMYK-1.svg\" alt=\"\" class=\"wp-image-1029\"\/><\/figure>\n\n\n\n<p class=\"has-small-font-size\">UID ist eure UX-Agentur f\u00fcr Innovation, Design und Strategie: In mehr als 5.000 Projekten haben wir digitale Produkte erfolgreich nutzerzentriert gestaltet. Als Teil der BAYOONET Group mit 400 Expert:innen entwickeln wir komplexe Software-L\u00f6sungen mit optimaler UX - auch f\u00fcr stark regulierte Branchen wie Medizintechnik oder Maschinenbau.<\/p>\n\n\n\n<figure class=\"wp-block-image size-large\"><img loading=\"lazy\" decoding=\"async\" width=\"1024\" height=\"309\" src=\"https:\/\/muc2024.mensch-und-computer.de\/wp-content\/uploads\/2024\/07\/DG_Brill_joint-logos-1024x309.png\" alt=\"\" class=\"wp-image-1126\" srcset=\"https:\/\/muc2024.mensch-und-computer.de\/wp-content\/uploads\/2024\/07\/DG_Brill_joint-logos-1024x309.png 1024w, https:\/\/muc2024.mensch-und-computer.de\/wp-content\/uploads\/2024\/07\/DG_Brill_joint-logos-300x90.png 300w, https:\/\/muc2024.mensch-und-computer.de\/wp-content\/uploads\/2024\/07\/DG_Brill_joint-logos-768x231.png 768w, https:\/\/muc2024.mensch-und-computer.de\/wp-content\/uploads\/2024\/07\/DG_Brill_joint-logos-1536x463.png 1536w, https:\/\/muc2024.mensch-und-computer.de\/wp-content\/uploads\/2024\/07\/DG_Brill_joint-logos-2048x617.png 2048w, https:\/\/muc2024.mensch-und-computer.de\/wp-content\/uploads\/2024\/07\/DG_Brill_joint-logos-18x5.png 18w, https:\/\/muc2024.mensch-und-computer.de\/wp-content\/uploads\/2024\/07\/DG_Brill_joint-logos-1000x301.png 1000w, https:\/\/muc2024.mensch-und-computer.de\/wp-content\/uploads\/2024\/07\/DG_Brill_joint-logos-230x69.png 230w, https:\/\/muc2024.mensch-und-computer.de\/wp-content\/uploads\/2024\/07\/DG_Brill_joint-logos-350x105.png 350w, https:\/\/muc2024.mensch-und-computer.de\/wp-content\/uploads\/2024\/07\/DG_Brill_joint-logos-480x145.png 480w\" sizes=\"auto, (max-width: 1024px) 100vw, 1024px\" \/><\/figure>\n\n\n\n<p class=\"has-small-font-size translation-block\">De Gruyter Brill ist ein weltweit f\u00fchrender Verlag in den Geisteswissenschaften und dar\u00fcber\nhinaus. Mit Hauptsitz in Berlin und der zweitgr\u00f6\u00dften Niederlassung in Leiden, ver\u00f6ffentlicht\nDe Gruyter Brill mehr als 3.500 B\u00fccher und 800 Zeitschriften pro Jahr mit einem\nSchwerpunkt auf Geistes- und Sozialwissenschaften und einem Programm, das sich auf\nFachgebiete in den Naturwissenschaften, Technik, Informatik und Mathematik erstreckt. De\nGruyter Brill wurde 2024 aus dem Zusammenschluss der beiden Verlage De Gruyter und Brill\ngegr\u00fcndet, deren Wurzeln bis in die Jahre 1749 und\u00a01683 zur\u00fcckreichen. Seitdem verlegt De\nGruyter Brill als zuverl\u00e4ssiger Partner von Wissenschaftler*innen aller Fachrichtungen\nexzellente akademische Werke. <br><br>F\u00fcr weitere Informationen besuchen Sie <a href=\"http:\/\/degruyterbrill.com\" data-type=\"link\" data-id=\"degruyterbrill.com\" target=\"_self\">degruyterbrill.com<\/a>.<\/p>\n<\/div>\n\n\n\n<div class=\"wp-block-column is-layout-flow wp-block-column-is-layout-flow\">\n<h4 class=\"wp-block-heading has-text-align-center\">Bronze Sponsoren<\/h4>\n\n\n\n<figure class=\"wp-block-image size-full\"><img loading=\"lazy\" decoding=\"async\" width=\"3544\" height=\"1182\" src=\"https:\/\/muc2024.mensch-und-computer.de\/wp-content\/uploads\/2024\/08\/Gradient_Vector-File_CI-Logo.png\" alt=\"\" class=\"wp-image-1633\" srcset=\"https:\/\/muc2024.mensch-und-computer.de\/wp-content\/uploads\/2024\/08\/Gradient_Vector-File_CI-Logo.png 3544w, https:\/\/muc2024.mensch-und-computer.de\/wp-content\/uploads\/2024\/08\/Gradient_Vector-File_CI-Logo-300x100.png 300w, https:\/\/muc2024.mensch-und-computer.de\/wp-content\/uploads\/2024\/08\/Gradient_Vector-File_CI-Logo-1024x342.png 1024w, https:\/\/muc2024.mensch-und-computer.de\/wp-content\/uploads\/2024\/08\/Gradient_Vector-File_CI-Logo-768x256.png 768w, https:\/\/muc2024.mensch-und-computer.de\/wp-content\/uploads\/2024\/08\/Gradient_Vector-File_CI-Logo-1536x512.png 1536w, https:\/\/muc2024.mensch-und-computer.de\/wp-content\/uploads\/2024\/08\/Gradient_Vector-File_CI-Logo-2048x683.png 2048w, https:\/\/muc2024.mensch-und-computer.de\/wp-content\/uploads\/2024\/08\/Gradient_Vector-File_CI-Logo-18x6.png 18w, https:\/\/muc2024.mensch-und-computer.de\/wp-content\/uploads\/2024\/08\/Gradient_Vector-File_CI-Logo-1000x334.png 1000w, https:\/\/muc2024.mensch-und-computer.de\/wp-content\/uploads\/2024\/08\/Gradient_Vector-File_CI-Logo-230x77.png 230w, https:\/\/muc2024.mensch-und-computer.de\/wp-content\/uploads\/2024\/08\/Gradient_Vector-File_CI-Logo-350x117.png 350w, https:\/\/muc2024.mensch-und-computer.de\/wp-content\/uploads\/2024\/08\/Gradient_Vector-File_CI-Logo-480x160.png 480w\" sizes=\"auto, (max-width: 3544px) 100vw, 3544px\" \/><\/figure>\n\n\n\n<p class=\"has-small-font-size\">Custom Medical ist die f\u00fchrende Medical Data Driven UX Design Agentur. Mit unserem ISO 13485-zertifizierten Vorgehen f\u00fchren wir Ihr Produkt sicher durch die Entwicklung \u2013 mit einem Fokus auf das Usability Engineering &amp; Testing nach ISO 62366-1. Sie wollen ein herausragendes Produkt? Lassen Sie es uns gemeinsam gestalten. Wir freuen uns auf Sie!<\/p>\n\n\n\n<figure class=\"wp-block-image size-full\"><img decoding=\"async\" src=\"https:\/\/muc2024.mensch-und-computer.de\/wp-content\/uploads\/2024\/03\/SpringerVieweg_cmyk-1.svg\" alt=\"\" class=\"wp-image-892\"\/><\/figure>\n\n\n\n<p class=\"has-small-font-size\">Springer Vieweg publiziert deutschsprachige Lehr- und Fachmedien im Bereich Technik und angewandte Naturwissenschaften. Das Portfolio umfasst Angebote in den Themen Maschinenbau, Produktion, Werkstoffe, Elektrotechnik, Informatik, Umwelt und Energie, Bau und Architektur. Studierende, Lehrende, Praktiker*innen und Wissenschaftler*innen der Informatik finden bei Springer Vieweg u.a. B\u00fccher, Zeitschriften und E-Books zu folgenden Themenbereichen: Softwareentwicklung, Datenbankmanagement, Sicherheit &amp; Verschl\u00fcsselung, K\u00fcnstliche Intelligenz oder HCI.<\/p>\n\n\n\n<figure class=\"wp-block-image size-full\"><img decoding=\"async\" src=\"https:\/\/muc2024.mensch-und-computer.de\/wp-content\/uploads\/2024\/05\/Logo_Telemaxx_RGB_Klee.svg\" alt=\"\" class=\"wp-image-1008\"\/><\/figure>\n\n\n\n<p class=\"has-small-font-size\">Die TelemaxX Telekommunikation GmbH betreibt vier Hochsicherheitsrechenzentren in der TechnologieRegion Karlsruhe. Unser Fokus liegt auf ma\u00dfgeschneiderten L\u00f6sungen in den Bereichen Rechenzentrum, IT-Services und Telekommunikation. Basierend auf einer soliden Gesellschafterstruktur ist TelemaxX ein leistungsstarker und verl\u00e4sslicher Partner \u2013 einzigartig vertreten in der Region.<\/p>\n<\/div>\n\n\n\n<div class=\"wp-block-column is-layout-flow wp-block-column-is-layout-flow\">\n<h4 class=\"wp-block-heading has-text-align-center\">Unterst\u00fctzer<\/h4>\n\n\n\n<figure class=\"wp-block-image size-full\"><img loading=\"lazy\" decoding=\"async\" width=\"512\" height=\"92\" src=\"https:\/\/muc2024.mensch-und-computer.de\/wp-content\/uploads\/2024\/01\/Logo_update_karlsruhe.digital.png\" alt=\"\" class=\"wp-image-736\" srcset=\"https:\/\/muc2024.mensch-und-computer.de\/wp-content\/uploads\/2024\/01\/Logo_update_karlsruhe.digital.png 512w, https:\/\/muc2024.mensch-und-computer.de\/wp-content\/uploads\/2024\/01\/Logo_update_karlsruhe.digital-300x54.png 300w, https:\/\/muc2024.mensch-und-computer.de\/wp-content\/uploads\/2024\/01\/Logo_update_karlsruhe.digital-18x3.png 18w, https:\/\/muc2024.mensch-und-computer.de\/wp-content\/uploads\/2024\/01\/Logo_update_karlsruhe.digital-230x41.png 230w, https:\/\/muc2024.mensch-und-computer.de\/wp-content\/uploads\/2024\/01\/Logo_update_karlsruhe.digital-350x63.png 350w, https:\/\/muc2024.mensch-und-computer.de\/wp-content\/uploads\/2024\/01\/Logo_update_karlsruhe.digital-480x86.png 480w\" sizes=\"auto, (max-width: 512px) 100vw, 512px\" \/><\/figure>\n\n\n\n<figure class=\"wp-block-image size-full\"><a href=\"https:\/\/germantechjobs.de\/en\/jobs\/all\/Karlsruhe\"><img decoding=\"async\" src=\"https:\/\/muc2024.mensch-und-computer.de\/wp-content\/uploads\/2024\/06\/gtj-rectangle-1.svg\" alt=\"\" class=\"wp-image-1072\"\/><\/a><\/figure>\n\n\n\n<figure class=\"wp-block-image size-full\"><img loading=\"lazy\" decoding=\"async\" width=\"594\" height=\"425\" src=\"https:\/\/muc2024.mensch-und-computer.de\/wp-content\/uploads\/2024\/06\/CyberForum_RGB.png\" alt=\"\" class=\"wp-image-1123\" srcset=\"https:\/\/muc2024.mensch-und-computer.de\/wp-content\/uploads\/2024\/06\/CyberForum_RGB.png 594w, https:\/\/muc2024.mensch-und-computer.de\/wp-content\/uploads\/2024\/06\/CyberForum_RGB-300x215.png 300w, https:\/\/muc2024.mensch-und-computer.de\/wp-content\/uploads\/2024\/06\/CyberForum_RGB-18x12.png 18w, https:\/\/muc2024.mensch-und-computer.de\/wp-content\/uploads\/2024\/06\/CyberForum_RGB-230x165.png 230w, https:\/\/muc2024.mensch-und-computer.de\/wp-content\/uploads\/2024\/06\/CyberForum_RGB-350x250.png 350w, https:\/\/muc2024.mensch-und-computer.de\/wp-content\/uploads\/2024\/06\/CyberForum_RGB-480x343.png 480w\" sizes=\"auto, (max-width: 594px) 100vw, 594px\" \/><\/figure>\n\n\n\n<h4 class=\"wp-block-heading has-text-align-center\">Lokale Partner<\/h4>\n\n\n\n<figure class=\"wp-block-image size-full\"><img loading=\"lazy\" decoding=\"async\" width=\"544\" height=\"200\" src=\"https:\/\/muc2024.mensch-und-computer.de\/wp-content\/uploads\/2023\/12\/72_PNG_2020_Wortmarke_KTG_4c_Tourismus.png\" alt=\"\" class=\"wp-image-585\" srcset=\"https:\/\/muc2024.mensch-und-computer.de\/wp-content\/uploads\/2023\/12\/72_PNG_2020_Wortmarke_KTG_4c_Tourismus.png 544w, https:\/\/muc2024.mensch-und-computer.de\/wp-content\/uploads\/2023\/12\/72_PNG_2020_Wortmarke_KTG_4c_Tourismus-300x110.png 300w, https:\/\/muc2024.mensch-und-computer.de\/wp-content\/uploads\/2023\/12\/72_PNG_2020_Wortmarke_KTG_4c_Tourismus-18x7.png 18w, https:\/\/muc2024.mensch-und-computer.de\/wp-content\/uploads\/2023\/12\/72_PNG_2020_Wortmarke_KTG_4c_Tourismus-230x85.png 230w, https:\/\/muc2024.mensch-und-computer.de\/wp-content\/uploads\/2023\/12\/72_PNG_2020_Wortmarke_KTG_4c_Tourismus-350x129.png 350w, https:\/\/muc2024.mensch-und-computer.de\/wp-content\/uploads\/2023\/12\/72_PNG_2020_Wortmarke_KTG_4c_Tourismus-480x176.png 480w\" sizes=\"auto, (max-width: 544px) 100vw, 544px\" \/><\/figure>\n<\/div>\n<\/div>","protected":false},"excerpt":{"rendered":"<p>The \u201cMensch und Computer\u201d is the annual conference of the Human-Computer Interaction Division of the German Informatics Society (Gesellschaft f\u00fcr Informatik e.V., [&hellip;]<\/p>\n","protected":false},"author":2,"featured_media":0,"parent":0,"menu_order":0,"comment_status":"closed","ping_status":"closed","template":"","meta":{"footnotes":""},"class_list":["post-33","page","type-page","status-publish","hentry"],"_links":{"self":[{"href":"https:\/\/muc2024.mensch-und-computer.de\/de\/wp-json\/wp\/v2\/pages\/33","targetHints":{"allow":["GET"]}}],"collection":[{"href":"https:\/\/muc2024.mensch-und-computer.de\/de\/wp-json\/wp\/v2\/pages"}],"about":[{"href":"https:\/\/muc2024.mensch-und-computer.de\/de\/wp-json\/wp\/v2\/types\/page"}],"author":[{"embeddable":true,"href":"https:\/\/muc2024.mensch-und-computer.de\/de\/wp-json\/wp\/v2\/users\/2"}],"replies":[{"embeddable":true,"href":"https:\/\/muc2024.mensch-und-computer.de\/de\/wp-json\/wp\/v2\/comments?post=33"}],"version-history":[{"count":52,"href":"https:\/\/muc2024.mensch-und-computer.de\/de\/wp-json\/wp\/v2\/pages\/33\/revisions"}],"predecessor-version":[{"id":1634,"href":"https:\/\/muc2024.mensch-und-computer.de\/de\/wp-json\/wp\/v2\/pages\/33\/revisions\/1634"}],"wp:attachment":[{"href":"https:\/\/muc2024.mensch-und-computer.de\/de\/wp-json\/wp\/v2\/media?parent=33"}],"curies":[{"name":"wp","href":"https:\/\/api.w.org\/{rel}","templated":true}]}}