{"id":336,"date":"2023-11-23T10:18:58","date_gmt":"2023-11-23T10:18:58","guid":{"rendered":"https:\/\/muc2024.mensch-und-computer.de\/?page_id=336"},"modified":"2024-02-28T12:21:09","modified_gmt":"2024-02-28T12:21:09","slug":"accommodation","status":"publish","type":"page","link":"https:\/\/muc2024.mensch-und-computer.de\/de\/accommodation\/","title":{"rendered":"Unterk\u00fcnfte"},"content":{"rendered":"<p>Die Hotels, die \u00fcber den bereitgestellten Link verf\u00fcgbar sind, sind ausgew\u00e4hlte Hotels mit festen Preisen und reservierten Kontingenten, die ausschlie\u00dflich f\u00fcr Teilnehmende der MuC in der N\u00e4he des Konferenzortes zur Verf\u00fcgung stehen.<\/p>\n\n\n\n<p><a href=\"https:\/\/www.karlsruhe-erleben.de\/MUC\">https:\/\/www.karlsruhe-erleben.de\/MUC<\/a><\/p>","protected":false},"excerpt":{"rendered":"<p>The hotels available through the provided link are selected hotels with fixed prices and reserved allocations exclusively for MuC participants near the [&hellip;]<\/p>\n","protected":false},"author":2,"featured_media":0,"parent":0,"menu_order":0,"comment_status":"closed","ping_status":"closed","template":"","meta":{"footnotes":""},"class_list":["post-336","page","type-page","status-publish","hentry"],"_links":{"self":[{"href":"https:\/\/muc2024.mensch-und-computer.de\/de\/wp-json\/wp\/v2\/pages\/336","targetHints":{"allow":["GET"]}}],"collection":[{"href":"https:\/\/muc2024.mensch-und-computer.de\/de\/wp-json\/wp\/v2\/pages"}],"about":[{"href":"https:\/\/muc2024.mensch-und-computer.de\/de\/wp-json\/wp\/v2\/types\/page"}],"author":[{"embeddable":true,"href":"https:\/\/muc2024.mensch-und-computer.de\/de\/wp-json\/wp\/v2\/users\/2"}],"replies":[{"embeddable":true,"href":"https:\/\/muc2024.mensch-und-computer.de\/de\/wp-json\/wp\/v2\/comments?post=336"}],"version-history":[{"count":5,"href":"https:\/\/muc2024.mensch-und-computer.de\/de\/wp-json\/wp\/v2\/pages\/336\/revisions"}],"predecessor-version":[{"id":885,"href":"https:\/\/muc2024.mensch-und-computer.de\/de\/wp-json\/wp\/v2\/pages\/336\/revisions\/885"}],"wp:attachment":[{"href":"https:\/\/muc2024.mensch-und-computer.de\/de\/wp-json\/wp\/v2\/media?parent=336"}],"curies":[{"name":"wp","href":"https:\/\/api.w.org\/{rel}","templated":true}]}}