{"id":338,"date":"2023-11-23T10:19:12","date_gmt":"2023-11-23T10:19:12","guid":{"rendered":"https:\/\/muc2024.mensch-und-computer.de\/?page_id=338"},"modified":"2024-08-08T09:19:07","modified_gmt":"2024-08-08T09:19:07","slug":"karlsruhe","status":"publish","type":"page","link":"https:\/\/muc2024.mensch-und-computer.de\/de\/karlsruhe\/","title":{"rendered":"Karlsruhe"},"content":{"rendered":"<p>Karlsruhe ist als Standort f\u00fcr die Mensch und Computer 2024 aus verschiedenen Gr\u00fcnden eine besonders spannende Wahl.<\/p>\n\n\n\n<p>Anerkannt als die erste <strong>UNESCO Creative City <\/strong><strong>f\u00fcr<\/strong><strong> Media Arts<\/strong> in Deutschland, ist eine dynamische Stadt mit einem boomenden Digitalstandort, einer breit gef\u00e4cherten Hochschullandschaft und einer sehr abwechslungsreichen Kultur- und Kreativwirtschaft.<\/p>\n\n\n\n<p>Die <strong>Karlsruher Institut <\/strong><strong>f\u00fcr<\/strong><strong> Technologie (KIT)<\/strong>, in dessen R\u00e4umlichkeiten das Programm der MuC 24 stattfinden wird, ist die \u00e4lteste Technische Hochschule Deutschlands mit einer spannenden Historie: Hier wies Heinrich Hertz 1886 die elektromagnetischen Wellen nach und hier entstand 1972 die erste Informatik-Fakult\u00e4t Deutschlands. Au\u00dferdem wurde hier 1984 die erste E-Mail Deutschlands empfangen. Diese besondere Rolle des KIT war schlie\u00dflich auch ausschlaggebend f\u00fcr eine Reihe von weiteren bedeutsamen Gr\u00fcndungen in Karlsruhe, wie zum Beispiel der Gr\u00fcndung des <strong>ZKM | Center <\/strong><strong>for<\/strong><strong> Art and Media<\/strong>\u200e, welches ebenfalls im Rahmen des Programms der MuC besucht wird.<\/p>\n\n\n\n<p>Ihr einzigartiges Stadtbild als\u00a0<strong>\"F\u00e4cherstadt<\/strong><strong>&#8220;<\/strong>&nbsp;verdankt Karlsruhe ihrem Gr\u00fcndervater, Markgraf Karl Wilhelm, der 1715 sein Schloss als Zentrum der Stadt anlegen lie\u00df, von dem die Stra\u00dfen wie Strahlen ausgehen. Neben der reichen Museumslandschaft, findet der Besuchende in Karlsruhe auch eine einzigartige Naturlandschaft, wie den Stadtgarten Karlsruhe mit dem Zoologischen Garten, der einer der gr\u00f6\u00dften innerst\u00e4dtischen Parkanlagen Deutschlands ist.<\/p>\n\n\n\n<figure class=\"wp-block-image size-full\"><img loading=\"lazy\" decoding=\"async\" width=\"720\" height=\"479\" src=\"https:\/\/muc2024.mensch-und-computer.de\/wp-content\/uploads\/2023\/11\/Schloss-Karlsruhe_front_embed.jpg\" alt=\"\" class=\"wp-image-357\" srcset=\"https:\/\/muc2024.mensch-und-computer.de\/wp-content\/uploads\/2023\/11\/Schloss-Karlsruhe_front_embed.jpg 720w, https:\/\/muc2024.mensch-und-computer.de\/wp-content\/uploads\/2023\/11\/Schloss-Karlsruhe_front_embed-300x200.jpg 300w, https:\/\/muc2024.mensch-und-computer.de\/wp-content\/uploads\/2023\/11\/Schloss-Karlsruhe_front_embed-18x12.jpg 18w, https:\/\/muc2024.mensch-und-computer.de\/wp-content\/uploads\/2023\/11\/Schloss-Karlsruhe_front_embed-230x153.jpg 230w, https:\/\/muc2024.mensch-und-computer.de\/wp-content\/uploads\/2023\/11\/Schloss-Karlsruhe_front_embed-350x233.jpg 350w, https:\/\/muc2024.mensch-und-computer.de\/wp-content\/uploads\/2023\/11\/Schloss-Karlsruhe_front_embed-480x319.jpg 480w\" sizes=\"auto, (max-width: 720px) 100vw, 720px\" \/><figcaption class=\"wp-element-caption\">\u00a9 KTG Karlsruhe Tourismus GmbH Fotograf: Mende<\/figcaption><\/figure>\n\n\n\n<figure class=\"wp-block-image size-full\"><img loading=\"lazy\" decoding=\"async\" width=\"720\" height=\"479\" src=\"https:\/\/muc2024.mensch-und-computer.de\/wp-content\/uploads\/2023\/11\/Platz-der-Grundrechte_front_embed.jpg\" alt=\"\" class=\"wp-image-356\" srcset=\"https:\/\/muc2024.mensch-und-computer.de\/wp-content\/uploads\/2023\/11\/Platz-der-Grundrechte_front_embed.jpg 720w, https:\/\/muc2024.mensch-und-computer.de\/wp-content\/uploads\/2023\/11\/Platz-der-Grundrechte_front_embed-300x200.jpg 300w, https:\/\/muc2024.mensch-und-computer.de\/wp-content\/uploads\/2023\/11\/Platz-der-Grundrechte_front_embed-18x12.jpg 18w, https:\/\/muc2024.mensch-und-computer.de\/wp-content\/uploads\/2023\/11\/Platz-der-Grundrechte_front_embed-230x153.jpg 230w, https:\/\/muc2024.mensch-und-computer.de\/wp-content\/uploads\/2023\/11\/Platz-der-Grundrechte_front_embed-350x233.jpg 350w, https:\/\/muc2024.mensch-und-computer.de\/wp-content\/uploads\/2023\/11\/Platz-der-Grundrechte_front_embed-480x319.jpg 480w\" sizes=\"auto, (max-width: 720px) 100vw, 720px\" \/><figcaption class=\"wp-element-caption\">\u00a9 KTG Karlsruhe Tourismus GmbH Fotograf: Fabian von Poser<\/figcaption><\/figure>\n\n\n\n<h5 class=\"wp-block-heading\">Karlsruhe by night<\/h5>\n\n\n\n<p>F\u00fcr alle, die nach den offiziellen Programmpunkten Lust auf gesellige Abende und ungezwungene Treffen haben, pr\u00e4sentieren wir hier einige empfehlenswerte gehobene Cocktailbars und angesagte Kneipen in Karlsruhe.<\/p>\n\n\n\n<p>Cocktail Bars:<\/p>\n\n\n\n<ul class=\"wp-block-list\">\n<li><a href=\"https:\/\/www.the-door.bar\/\" target=\"_blank\" rel=\"noreferrer noopener\">The Door \u2013 Liquid Kichen &amp; Highballs<\/a><\/li>\n\n\n\n<li><a href=\"http:\/\/derkofferraum.de\/\" target=\"_blank\" rel=\"noreferrer noopener\">Der KofferRaum<\/a><\/li>\n\n\n\n<li><a href=\"https:\/\/salon-ruppel.com\/\" target=\"_blank\" rel=\"noreferrer noopener\">salon ruppel<\/a><\/li>\n\n\n\n<li><a href=\"https:\/\/gutsandglory.bar\/\" target=\"_blank\" rel=\"noreferrer noopener\">Guts&amp;Glory<\/a><\/li>\n\n\n\n<li><a href=\"http:\/\/www.carloscocktailbar.de\/\" target=\"_blank\" rel=\"noreferrer noopener\">Carlos Cocktailbar<\/a><\/li>\n\n\n\n<li><a href=\"https:\/\/www.phono.bar\/\" target=\"_blank\" rel=\"noreferrer noopener\">Phono Craftbeer Bar<\/a><\/li>\n<\/ul>\n\n\n\n<p>Bars (Essen und Trinken):<\/p>\n\n\n\n<ul class=\"wp-block-list\">\n<li><a href=\"https:\/\/www.oxfordpub.de\/\" target=\"_blank\" rel=\"noreferrer noopener\">Oxford Pub<\/a><\/li>\n\n\n\n<li><a href=\"https:\/\/kater-ka.de\/\" target=\"_blank\" rel=\"noreferrer noopener\">Schwarzer Kater<\/a><\/li>\n\n\n\n<li><a href=\"https:\/\/www.xn--wolfbru-bxa.de\/\" target=\"_blank\" rel=\"noreferrer noopener\">Wirtshaus Wolfsbr\u00e4u<\/a><\/li>\n\n\n\n<li><a href=\"https:\/\/karlsruhe.lehners-wirtshaus.de\/\" target=\"_blank\" rel=\"noreferrer noopener\">Lehners Wirtshaus<\/a><\/li>\n<\/ul>\n\n\n\n<p class=\"has-medium-font-size\" id=\"explore_the_city\"><strong>Tipps f\u00fcr Mittwoch Nachmittag, 4. September 2024 um die Stadt Karlsruhe zu erkunden:<\/strong><\/p>\n\n\n\n<p>Karlsruhe bietet viele Attraktionen und Aktivit\u00e4ten welche innerhalb von 2-3<br>Stunden am Nachmittag erkundet werden k\u00f6nnen. Hier sind eine Vorschl\u00e4ge:<\/p>\n\n\n\n<p><strong>Attraktionen<\/strong><\/p>\n\n\n\n<ol class=\"wp-block-list\">\n<li><strong>Karlsruher Schloss und Schlossgarten<\/strong>\n<ul class=\"wp-block-list\">\n<li>Besuchen Sie das eindrucksvolle Barockschloss und schlendern Sie durch den Schlossgarten<\/li>\n\n\n\n<li><strong>Aktivit\u00e4ten<\/strong> Schlossmuseum, botanischer Garten, entspanntes Laufen<\/li>\n<\/ul>\n<\/li>\n\n\n\n<li><strong>Staatliche Kunsthalle Karlsruhe<\/strong>\n<ul class=\"wp-block-list\">\n<li>Eines der bedeutendsten Kunstmuseen in Deutschland mit einer umfangreichen Sammlung europ\u00e4ischer Malerei.<\/li>\n\n\n\n<li><strong>Aktivit\u00e4ten <\/strong>Betrachten Sie Kunstwerke aus verschiedenen Epochen<\/li>\n<\/ul>\n<\/li>\n\n\n\n<li><strong>Botanischer Garten Karlsruhe<\/strong>\n<ul class=\"wp-block-list\">\n<li>Ein idyllischer Ort mit einer vielf\u00e4ltigen Pflanzenwelt.<\/li>\n\n\n\n<li><strong>Aktivit\u00e4ten <\/strong>Spazierg\u00e4nge und Naturerlebnisse<\/li>\n<\/ul>\n<\/li>\n\n\n\n<li><strong>Marktplatz und Pyramide<\/strong>\n<ul class=\"wp-block-list\">\n<li>Das historische Zentrum von Karlsruhe mit der markanten Pyramide auf dem Grab des Gr\u00fcnders<\/li>\n\n\n\n<li><strong>Aktivit\u00e4ten<\/strong> Genie\u00dfen Sie die Architektur und das Stadtleben<\/li>\n<\/ul>\n<\/li>\n\n\n\n<li><strong>Besuch des Zoologischen Stadtgartens<\/strong>\n<ul class=\"wp-block-list\">\n<li>Ein Zoo und botanischer Garten in einem, ideal f\u00fcr Familien und Naturliebhaber<\/li>\n\n\n\n<li><strong>Aktivit\u00e4ten<\/strong> Beobachten Sie Tiere und erkunden Sie die G\u00e4rten<\/li>\n<\/ul>\n<\/li>\n\n\n\n<li><strong>Turmberg<\/strong>\n<ul class=\"wp-block-list\">\n<li>Unglaublicher Aussichtspunkt in Karlsruhe-Durlach<\/li>\n\n\n\n<li><strong>Aktivit\u00e4ten<\/strong> Mit der Turmbergbahn hochfahren und die Aussicht auf Karlsruhe genie\u00dfen<\/li>\n<\/ul>\n<\/li>\n<\/ol>","protected":false},"excerpt":{"rendered":"<p>Karlsruhe is an especially captivating choice as the venue for Mensch und Computer 2024 for various reasons. Recognized as the first UNESCO [&hellip;]<\/p>\n","protected":false},"author":2,"featured_media":0,"parent":0,"menu_order":0,"comment_status":"closed","ping_status":"closed","template":"","meta":{"footnotes":""},"class_list":["post-338","page","type-page","status-publish","hentry"],"_links":{"self":[{"href":"https:\/\/muc2024.mensch-und-computer.de\/de\/wp-json\/wp\/v2\/pages\/338","targetHints":{"allow":["GET"]}}],"collection":[{"href":"https:\/\/muc2024.mensch-und-computer.de\/de\/wp-json\/wp\/v2\/pages"}],"about":[{"href":"https:\/\/muc2024.mensch-und-computer.de\/de\/wp-json\/wp\/v2\/types\/page"}],"author":[{"embeddable":true,"href":"https:\/\/muc2024.mensch-und-computer.de\/de\/wp-json\/wp\/v2\/users\/2"}],"replies":[{"embeddable":true,"href":"https:\/\/muc2024.mensch-und-computer.de\/de\/wp-json\/wp\/v2\/comments?post=338"}],"version-history":[{"count":9,"href":"https:\/\/muc2024.mensch-und-computer.de\/de\/wp-json\/wp\/v2\/pages\/338\/revisions"}],"predecessor-version":[{"id":1727,"href":"https:\/\/muc2024.mensch-und-computer.de\/de\/wp-json\/wp\/v2\/pages\/338\/revisions\/1727"}],"wp:attachment":[{"href":"https:\/\/muc2024.mensch-und-computer.de\/de\/wp-json\/wp\/v2\/media?parent=338"}],"curies":[{"name":"wp","href":"https:\/\/api.w.org\/{rel}","templated":true}]}}