{"id":340,"date":"2023-11-23T10:20:06","date_gmt":"2023-11-23T10:20:06","guid":{"rendered":"https:\/\/muc2024.mensch-und-computer.de\/?page_id=340"},"modified":"2024-08-29T16:49:23","modified_gmt":"2024-08-29T16:49:23","slug":"evening-events","status":"publish","type":"page","link":"https:\/\/muc2024.mensch-und-computer.de\/de\/evening-events\/","title":{"rendered":"Rahmenprogramm"},"content":{"rendered":"<p class=\"has-medium-font-size\"><strong>Zusammenfassung<\/strong><\/p>\n\n\n\n<figure class=\"wp-block-table\"><table class=\"has-fixed-layout\"><tbody><tr><td><\/td><td><strong>Event<\/strong><\/td><td><strong>Ort<\/strong><\/td><td><strong>Details<\/strong><\/td><\/tr><tr><td><strong>Sonntag, 1. Sept.<br>2024, 17:30 bis 20:00 Uhr<\/strong><\/td><td>Willkommensempfang<\/td><td>KIT Campus<\/td><td>Essen und Trinken werden gestellt.<\/td><\/tr><tr><td><strong>Montag, 2. Sept.<br>2024, 18:00 bis 21:30 Uhr<\/strong><\/td><td>Live Musik von<br>\u201cToplap\u201d &amp; danach<br>Schlosslichtspiele<\/td><td>KIT Campus<br>Schloss<br>Karlsruhe<\/td><td>Essen und Trinken werden gestellt. Poster und Demo<br>Session, live<br>Musik und<br>Schlosslichtspiel.<\/td><\/tr><tr><td><strong>Dienstag, 3. Sept.<br>2024, 18:30 bis 23:30 Uhr<\/strong><\/td><td>Social Event mit Live Musik von<br>Moritz Simon Geist<\/td><td>ZKM - Zentrum<br>f\u00fcr Kunst und<br>Medien<\/td><td>Essen und Trinken werden gestellt. Museumsbesuch,<br>Netzwerken und<br>live Musik.<\/td><\/tr><\/tbody><\/table><\/figure>\n\n\n\n<p class=\"has-medium-font-size\" id=\"sunday_evening_events\"><strong>Sonntagabend<\/strong><\/p>\n\n\n\n<p>Am Sonntagabend starten wir mit einer Willkommensveranstaltung auf dem Campus \u2013 eine Gelegenheit zum Kennenlernen, Vernetzen und Ankommen.<\/p>\n\n\n\n<figure class=\"wp-block-image size-large\"><img loading=\"lazy\" decoding=\"async\" width=\"1024\" height=\"371\" src=\"https:\/\/muc2024.mensch-und-computer.de\/wp-content\/uploads\/2024\/07\/Fridericiana_audimax-1024x371.jpg\" alt=\"\" class=\"wp-image-1389\" srcset=\"https:\/\/muc2024.mensch-und-computer.de\/wp-content\/uploads\/2024\/07\/Fridericiana_audimax-1024x371.jpg 1024w, https:\/\/muc2024.mensch-und-computer.de\/wp-content\/uploads\/2024\/07\/Fridericiana_audimax-300x109.jpg 300w, https:\/\/muc2024.mensch-und-computer.de\/wp-content\/uploads\/2024\/07\/Fridericiana_audimax-768x279.jpg 768w, https:\/\/muc2024.mensch-und-computer.de\/wp-content\/uploads\/2024\/07\/Fridericiana_audimax-1536x557.jpg 1536w, https:\/\/muc2024.mensch-und-computer.de\/wp-content\/uploads\/2024\/07\/Fridericiana_audimax-18x7.jpg 18w, https:\/\/muc2024.mensch-und-computer.de\/wp-content\/uploads\/2024\/07\/Fridericiana_audimax-1000x363.jpg 1000w, https:\/\/muc2024.mensch-und-computer.de\/wp-content\/uploads\/2024\/07\/Fridericiana_audimax-230x83.jpg 230w, https:\/\/muc2024.mensch-und-computer.de\/wp-content\/uploads\/2024\/07\/Fridericiana_audimax-350x127.jpg 350w, https:\/\/muc2024.mensch-und-computer.de\/wp-content\/uploads\/2024\/07\/Fridericiana_audimax-480x174.jpg 480w, https:\/\/muc2024.mensch-und-computer.de\/wp-content\/uploads\/2024\/07\/Fridericiana_audimax.jpg 1869w\" sizes=\"auto, (max-width: 1024px) 100vw, 1024px\" \/><figcaption class=\"wp-element-caption\">\u00a9 Helfrich<\/figcaption><\/figure>\n\n\n\n<figure class=\"wp-block-image size-large\"><img loading=\"lazy\" decoding=\"async\" width=\"1024\" height=\"351\" src=\"https:\/\/muc2024.mensch-und-computer.de\/wp-content\/uploads\/2024\/07\/Panorama_from_the_Audimax_of_Karlsruhe-1024x351.jpg\" alt=\"\" class=\"wp-image-1392\" srcset=\"https:\/\/muc2024.mensch-und-computer.de\/wp-content\/uploads\/2024\/07\/Panorama_from_the_Audimax_of_Karlsruhe-1024x351.jpg 1024w, https:\/\/muc2024.mensch-und-computer.de\/wp-content\/uploads\/2024\/07\/Panorama_from_the_Audimax_of_Karlsruhe-300x103.jpg 300w, https:\/\/muc2024.mensch-und-computer.de\/wp-content\/uploads\/2024\/07\/Panorama_from_the_Audimax_of_Karlsruhe-768x263.jpg 768w, https:\/\/muc2024.mensch-und-computer.de\/wp-content\/uploads\/2024\/07\/Panorama_from_the_Audimax_of_Karlsruhe-18x6.jpg 18w, https:\/\/muc2024.mensch-und-computer.de\/wp-content\/uploads\/2024\/07\/Panorama_from_the_Audimax_of_Karlsruhe-1000x343.jpg 1000w, https:\/\/muc2024.mensch-und-computer.de\/wp-content\/uploads\/2024\/07\/Panorama_from_the_Audimax_of_Karlsruhe-230x79.jpg 230w, https:\/\/muc2024.mensch-und-computer.de\/wp-content\/uploads\/2024\/07\/Panorama_from_the_Audimax_of_Karlsruhe-350x120.jpg 350w, https:\/\/muc2024.mensch-und-computer.de\/wp-content\/uploads\/2024\/07\/Panorama_from_the_Audimax_of_Karlsruhe-480x164.jpg 480w, https:\/\/muc2024.mensch-und-computer.de\/wp-content\/uploads\/2024\/07\/Panorama_from_the_Audimax_of_Karlsruhe.jpg 1200w\" sizes=\"auto, (max-width: 1024px) 100vw, 1024px\" \/><figcaption class=\"wp-element-caption\">\u00a9 Vincent POINSIGNON<\/figcaption><\/figure>\n\n\n\n<figure class=\"wp-block-image size-full\"><img loading=\"lazy\" decoding=\"async\" width=\"820\" height=\"500\" src=\"https:\/\/muc2024.mensch-und-computer.de\/wp-content\/uploads\/2024\/07\/unnamed.jpg\" alt=\"\" class=\"wp-image-1413\" srcset=\"https:\/\/muc2024.mensch-und-computer.de\/wp-content\/uploads\/2024\/07\/unnamed.jpg 820w, https:\/\/muc2024.mensch-und-computer.de\/wp-content\/uploads\/2024\/07\/unnamed-300x183.jpg 300w, https:\/\/muc2024.mensch-und-computer.de\/wp-content\/uploads\/2024\/07\/unnamed-768x468.jpg 768w, https:\/\/muc2024.mensch-und-computer.de\/wp-content\/uploads\/2024\/07\/unnamed-18x12.jpg 18w, https:\/\/muc2024.mensch-und-computer.de\/wp-content\/uploads\/2024\/07\/unnamed-230x140.jpg 230w, https:\/\/muc2024.mensch-und-computer.de\/wp-content\/uploads\/2024\/07\/unnamed-350x213.jpg 350w, https:\/\/muc2024.mensch-und-computer.de\/wp-content\/uploads\/2024\/07\/unnamed-480x293.jpg 480w\" sizes=\"auto, (max-width: 820px) 100vw, 820px\" \/><\/figure>\n\n\n\n<p class=\"has-medium-font-size\" id=\"monday_evening_events\"><strong>Montagabend<\/strong><\/p>\n\n\n\n<p>Am Montagabend beginnen wir mit einem Treffen auf dem Campus mit einer Demo und einer Postersession. Am Abend wird die Band <strong>Toplap <\/strong>mit einer tollen Live-Performance auftreten. Anschlie\u00dfend kann jeder die <strong>SCHLOSSLICHTSPIELE<\/strong> besuchen (kein offizieller Teil des Programms).<\/p>\n\n\n\n<p><strong>Toplap<\/strong><\/p>\n\n\n\n<p>Toplap ist eine Band aus Karlsruhe (Live-Coding-Community).<\/p>\n\n\n\n<p><strong>Was ist Live Coding?<\/strong><\/p>\n\n\n\n<ul class=\"wp-block-list\">\n<li>Echtzeit Erstellung und Anpassung von Code w\u00e4hrend einer Performance oder Pr\u00e4sentation<\/li>\n\n\n\n<li>Verwendet im k\u00fcnstlerischen Kontext zum Beispiel f\u00fcr Musik oder visuelle Kunst<\/li>\n<\/ul>\n\n\n\n<p>Weitere Informationen gibt es hier: <a href=\"https:\/\/toplap-ka.de\/\">https:\/\/toplap-ka.de\/<\/a><\/p>\n\n\n\n<p><strong>SCHLOSSLICHTSPIELE<\/strong><\/p>\n\n\n\n<ul class=\"wp-block-list\">\n<li><strong>Location:<\/strong> Barockfassade des Schloss Karlsruhe<\/li>\n\n\n\n<li><strong>Beschreibung:<\/strong>\n<ul class=\"wp-block-list\">\n<li>Projektionskunst in einer UNESCO Stadt f\u00fcr Medienkunst<\/li>\n\n\n\n<li>Entspannter Austausch und Erfrischung<\/li>\n\n\n\n<li>Viele hunderttausende Besucher pro Jahr, kostenloser Eintritt<\/li>\n<\/ul>\n<\/li>\n<\/ul>\n\n\n\n<p><strong>Details \u00fcber die SCHLOSSLICHTSPIELE 2024<\/strong><\/p>\n\n\n\n<ul class=\"wp-block-list\">\n<li><strong>Zeitraum:<\/strong> 15. August bis 15. September 2024<\/li>\n\n\n\n<li><strong>Programm-Einbindung:<\/strong> Teil des Programms der MuC 2024<\/li>\n\n\n\n<li><strong>Thema:<\/strong> 75-j\u00e4hriges Jubil\u00e4um des deutschen Grundgesetz\n<ul class=\"wp-block-list\">\n<li>Beitr\u00e4ge aus dem Bereich Gesetz und Demokratie<\/li>\n<\/ul>\n<\/li>\n\n\n\n<li><strong>Partner:<\/strong> ZKM | Zentrum f\u00fcr Kunst und Medien<\/li>\n\n\n\n<li><strong>Special Note:<\/strong> Karlsruhe als Sitz des Bundesverfassungsgerichts und des Bundesgerichtshofs, bekannt als <strong>\"Stadt des Rechts\"<\/strong> in Deutschland<\/li>\n<\/ul>\n\n\n\n<p>Weitere Informationen gibt es hier:&nbsp;<a href=\"https:\/\/www.schlosslichtspiele.info\/\">https:\/\/www.schlosslichtspiele.info\/<\/a><\/p>\n\n\n\n<figure class=\"wp-block-image size-large\"><img loading=\"lazy\" decoding=\"async\" width=\"1024\" height=\"683\" src=\"https:\/\/muc2024.mensch-und-computer.de\/wp-content\/uploads\/2023\/11\/schlosslichtspiele_kme_2023_juergenroesner_1021-1024x683.jpg\" alt=\"\" class=\"wp-image-360\" srcset=\"https:\/\/muc2024.mensch-und-computer.de\/wp-content\/uploads\/2023\/11\/schlosslichtspiele_kme_2023_juergenroesner_1021-1024x683.jpg 1024w, https:\/\/muc2024.mensch-und-computer.de\/wp-content\/uploads\/2023\/11\/schlosslichtspiele_kme_2023_juergenroesner_1021-300x200.jpg 300w, https:\/\/muc2024.mensch-und-computer.de\/wp-content\/uploads\/2023\/11\/schlosslichtspiele_kme_2023_juergenroesner_1021-768x512.jpg 768w, https:\/\/muc2024.mensch-und-computer.de\/wp-content\/uploads\/2023\/11\/schlosslichtspiele_kme_2023_juergenroesner_1021-18x12.jpg 18w, https:\/\/muc2024.mensch-und-computer.de\/wp-content\/uploads\/2023\/11\/schlosslichtspiele_kme_2023_juergenroesner_1021-1000x667.jpg 1000w, https:\/\/muc2024.mensch-und-computer.de\/wp-content\/uploads\/2023\/11\/schlosslichtspiele_kme_2023_juergenroesner_1021-230x153.jpg 230w, https:\/\/muc2024.mensch-und-computer.de\/wp-content\/uploads\/2023\/11\/schlosslichtspiele_kme_2023_juergenroesner_1021-350x233.jpg 350w, https:\/\/muc2024.mensch-und-computer.de\/wp-content\/uploads\/2023\/11\/schlosslichtspiele_kme_2023_juergenroesner_1021-480x320.jpg 480w, https:\/\/muc2024.mensch-und-computer.de\/wp-content\/uploads\/2023\/11\/schlosslichtspiele_kme_2023_juergenroesner_1021.jpg 1200w\" sizes=\"auto, (max-width: 1024px) 100vw, 1024px\" \/><figcaption class=\"wp-element-caption\">\u00a9 J\u00fcrgen R\u00f6sner<\/figcaption><\/figure>\n\n\n\n<p class=\"has-medium-font-size\" id=\"tuesday_evening_events\"><strong>Dienstagabend<\/strong><\/p>\n\n\n\n<p>Am Dienstagabend steht ein besonderes Erlebnis an, wenn wir uns zu einem Besuch des <strong>ZKM | Zentrum f\u00fcr Kunst und Medien<\/strong>. <\/p>\n\n\n\n<p><strong>Event Highlights<\/strong><\/p>\n\n\n\n<ul class=\"wp-block-list\">\n<li><strong>Ausstellungen:<\/strong> Entdecken Sie faszinierende Ausstellungen, in denen Kunst und Technologie zusammentreffen<\/li>\n\n\n\n<li><strong>Live Musik Auftritt<\/strong> Moritz Simon Geist<\/li>\n\n\n\n<li><strong>Networking:<\/strong>\n<ul class=\"wp-block-list\">\n<li>Lockeres Networking und Drinks im lebendigen ZKM-Ambiente<\/li>\n\n\n\n<li>F\u00fchren Sie fesselnde Gespr\u00e4che in diesem kulturellen Juwel<\/li>\n<\/ul>\n<\/li>\n<\/ul>\n\n\n\n<p><strong>\u00dcber ZKM | Zentrum f\u00fcr Kunst und Medien<\/strong><\/p>\n\n\n\n<ul class=\"wp-block-list\">\n<li><strong>Gegr\u00fcndet:<\/strong> 1989<\/li>\n\n\n\n<li><strong>Mission:<\/strong> St\u00e4rkung der Verbindungen zwischen Wissenschaft, Kunst, Technologie und Gesellschaft f\u00fcr das digitale 21. Jahrhundert<\/li>\n\n\n\n<li><strong>Institution: <\/strong>International anerkannt f\u00fcr Medienkunst\n<ul class=\"wp-block-list\">\n<li>Weltweit einzigartige Medienkunstsammlung<\/li>\n<\/ul>\n<\/li>\n\n\n\n<li><strong>Reputation: <\/strong>Gilt als eines der weltweit f\u00fchrenden Museen f\u00fcr zeitgen\u00f6ssische Kunst und Medienkunst<\/li>\n\n\n\n<li><strong>Zusammenarbeit <\/strong>Kooperation mit der Hochschule f\u00fcr Gestaltung (HfG)\n<ul class=\"wp-block-list\">\n<li>Vereint Forschung, Lehre und Ausbildung unter einem Dach<\/li>\n<\/ul>\n<\/li>\n<\/ul>\n\n\n\n<p>Weitere Informationen gibt es hier: <a href=\" https:\/\/zkm.de\/de\">https:\/\/zkm.de\/de<\/a><\/p>\n\n\n\n<figure class=\"wp-block-image size-full\"><img loading=\"lazy\" decoding=\"async\" width=\"760\" height=\"422\" src=\"https:\/\/muc2024.mensch-und-computer.de\/wp-content\/uploads\/2023\/11\/image-1.png\" alt=\"\" class=\"wp-image-362\" srcset=\"https:\/\/muc2024.mensch-und-computer.de\/wp-content\/uploads\/2023\/11\/image-1.png 760w, https:\/\/muc2024.mensch-und-computer.de\/wp-content\/uploads\/2023\/11\/image-1-300x167.png 300w, https:\/\/muc2024.mensch-und-computer.de\/wp-content\/uploads\/2023\/11\/image-1-18x10.png 18w, https:\/\/muc2024.mensch-und-computer.de\/wp-content\/uploads\/2023\/11\/image-1-230x128.png 230w, https:\/\/muc2024.mensch-und-computer.de\/wp-content\/uploads\/2023\/11\/image-1-350x194.png 350w, https:\/\/muc2024.mensch-und-computer.de\/wp-content\/uploads\/2023\/11\/image-1-480x267.png 480w\" sizes=\"auto, (max-width: 760px) 100vw, 760px\" \/><figcaption class=\"wp-element-caption\">Bild ZKM bei Nacht \u00a9 KTG Karlsruhe Tourismus GmbH Fotograf: Mende<\/figcaption><\/figure>\n\n\n\n<figure class=\"wp-block-image size-large\"><img loading=\"lazy\" decoding=\"async\" width=\"1024\" height=\"640\" src=\"https:\/\/muc2024.mensch-und-computer.de\/wp-content\/uploads\/2024\/07\/zkm_foyer_002-1024x640.jpg\" alt=\"\" class=\"wp-image-1387\" srcset=\"https:\/\/muc2024.mensch-und-computer.de\/wp-content\/uploads\/2024\/07\/zkm_foyer_002-1024x640.jpg 1024w, https:\/\/muc2024.mensch-und-computer.de\/wp-content\/uploads\/2024\/07\/zkm_foyer_002-300x188.jpg 300w, https:\/\/muc2024.mensch-und-computer.de\/wp-content\/uploads\/2024\/07\/zkm_foyer_002-768x480.jpg 768w, https:\/\/muc2024.mensch-und-computer.de\/wp-content\/uploads\/2024\/07\/zkm_foyer_002-18x12.jpg 18w, https:\/\/muc2024.mensch-und-computer.de\/wp-content\/uploads\/2024\/07\/zkm_foyer_002-1000x625.jpg 1000w, https:\/\/muc2024.mensch-und-computer.de\/wp-content\/uploads\/2024\/07\/zkm_foyer_002-230x144.jpg 230w, https:\/\/muc2024.mensch-und-computer.de\/wp-content\/uploads\/2024\/07\/zkm_foyer_002-350x219.jpg 350w, https:\/\/muc2024.mensch-und-computer.de\/wp-content\/uploads\/2024\/07\/zkm_foyer_002-480x300.jpg 480w, https:\/\/muc2024.mensch-und-computer.de\/wp-content\/uploads\/2024\/07\/zkm_foyer_002.jpg 1280w\" sizes=\"auto, (max-width: 1024px) 100vw, 1024px\" \/><figcaption class=\"wp-element-caption\">\u00a9 ZKM | Zentrum f\u00fcr Kunst und Medien Karlsruhe, Foto: Micial Media<\/figcaption><\/figure>\n\n\n\n<p><strong>Besonderer Gast f\u00fcr diesen Abend: <a href=\"https:\/\/www.instagram.com\/moritzsimongeist\/\" data-type=\"link\" data-id=\"https:\/\/www.instagram.com\/moritzsimongeist\/\">Moritz Simon Geist<\/a><\/strong><\/p>\n\n\n\n<p><strong>\u00dcber Moritz Simon Geist<\/strong><\/p>\n\n\n\n<ul class=\"wp-block-list\">\n<li><strong>Beruf:<\/strong> Medienk\u00fcnstler, Ingenieur und Robotermusiker<\/li>\n\n\n\n<li><strong>Auff\u00fchrungsstil:<\/strong> Jeder Ton wird von Robotern gespielt\n<ul class=\"wp-block-list\">\n<li>Kleine Motoren schlagen auf Metall<\/li>\n\n\n\n<li>3D-gedruckte Robo-Kalimbas mit tiefem Bass Sound<\/li>\n\n\n\n<li>Teile aus alten Festplatten - Klicken und Schneiden<\/li>\n\n\n\n<li>Baut, optimiert, testet und spielt all seine Roboter Instrumente selbst<\/li>\n<\/ul>\n<\/li>\n<\/ul>\n\n\n\n<p><strong>Innovation und Beitrag<\/strong><\/p>\n\n\n\n<ul class=\"wp-block-list\">\n<li><strong>Sonic Robots:<\/strong> Verschieben die Grenzen der Mustikerstellung\n<ul class=\"wp-block-list\">\n<li>Erfinden einer neue Vielfalt in der elektronischen Musik<\/li>\n<\/ul>\n<\/li>\n\n\n\n<li><strong>Einzigartiges Konzept<\/strong>\n<ul class=\"wp-block-list\">\n<li>Menschen die Maschinen spielen vs. Musik-Maschinen die tats\u00e4chliche Roboter sind<\/li>\n<\/ul>\n<\/li>\n\n\n\n<li><strong>Bemerkenswerte Entwicklungen<\/strong> MR-808 robot (2012)\n<ul class=\"wp-block-list\">\n<li>Oversized 808 Robot<\/li>\n\n\n\n<li>4 mal 2 Meter Musik Box mit mechanischen Teilen welche live Musikinstrumente spielen<\/li>\n\n\n\n<li>Pionierarbeit f\u00fcr neue Ideen in der Elektro- und Mensch-Maschine-Interaktion<\/li>\n<\/ul>\n<\/li>\n\n\n\n<li><strong>Aktuelle Arbeit:<\/strong> Erforscht und innoviert weiterhin \u201eRobotic Electronic Music\u201c<\/li>\n<\/ul>\n\n\n\n<p><a href=\"https:\/\/www.instagram.com\/moritzsimongeist\/\" target=\"_blank\" rel=\"noreferrer noopener\">Instagram \u201c@moritzsimongeist\u201d<\/a><\/p>\n\n\n\n<figure class=\"wp-block-image size-large\"><img loading=\"lazy\" decoding=\"async\" width=\"1024\" height=\"683\" src=\"https:\/\/muc2024.mensch-und-computer.de\/wp-content\/uploads\/2024\/07\/49862178983_c009b01daf_o-1024x683.jpg\" alt=\"\" class=\"wp-image-1131\" srcset=\"https:\/\/muc2024.mensch-und-computer.de\/wp-content\/uploads\/2024\/07\/49862178983_c009b01daf_o-1024x683.jpg 1024w, https:\/\/muc2024.mensch-und-computer.de\/wp-content\/uploads\/2024\/07\/49862178983_c009b01daf_o-300x200.jpg 300w, https:\/\/muc2024.mensch-und-computer.de\/wp-content\/uploads\/2024\/07\/49862178983_c009b01daf_o-768x512.jpg 768w, https:\/\/muc2024.mensch-und-computer.de\/wp-content\/uploads\/2024\/07\/49862178983_c009b01daf_o-1536x1024.jpg 1536w, https:\/\/muc2024.mensch-und-computer.de\/wp-content\/uploads\/2024\/07\/49862178983_c009b01daf_o-2048x1365.jpg 2048w, https:\/\/muc2024.mensch-und-computer.de\/wp-content\/uploads\/2024\/07\/49862178983_c009b01daf_o-18x12.jpg 18w, https:\/\/muc2024.mensch-und-computer.de\/wp-content\/uploads\/2024\/07\/49862178983_c009b01daf_o-1000x667.jpg 1000w, https:\/\/muc2024.mensch-und-computer.de\/wp-content\/uploads\/2024\/07\/49862178983_c009b01daf_o-230x153.jpg 230w, https:\/\/muc2024.mensch-und-computer.de\/wp-content\/uploads\/2024\/07\/49862178983_c009b01daf_o-350x233.jpg 350w, https:\/\/muc2024.mensch-und-computer.de\/wp-content\/uploads\/2024\/07\/49862178983_c009b01daf_o-480x320.jpg 480w\" sizes=\"auto, (max-width: 1024px) 100vw, 1024px\" \/><\/figure>\n\n\n\n<p><strong>Karlsruh<\/strong><strong>e<\/strong><strong> bei Nacht<\/strong><\/p>\n\n\n\n<p>F\u00fcr alle, die nach den offiziellen Programmpunkten Lust auf gesellige Abende und ungezwungene Treffen haben, pr\u00e4sentieren wir hier einige empfehlenswerte gehobene Cocktailbars und angesagte Kneipen in Karlsruhe.<\/p>\n\n\n\n<p>Cocktail Bars:<\/p>\n\n\n\n<ul class=\"wp-block-list\">\n<li><a href=\"https:\/\/www.the-door.bar\/\">The Door \u2013 Liquid Kichen &amp; Highballs<\/a><\/li>\n\n\n\n<li><a href=\"http:\/\/derkofferraum.de\/\">Der KofferRaum<\/a><\/li>\n\n\n\n<li><a href=\"https:\/\/salon-ruppel.com\/\">salon ruppel<\/a><\/li>\n\n\n\n<li><a href=\"https:\/\/gutsandglory.bar\/\">Guts&amp;Glory<\/a><\/li>\n\n\n\n<li><a href=\"http:\/\/www.carloscocktailbar.de\/\">Carlos Cocktailbar<\/a><\/li>\n\n\n\n<li><a href=\"https:\/\/www.phono.bar\/\">Phono Craftbeer Bar<\/a><\/li>\n<\/ul>\n\n\n\n<p>Bars (Essen und Trinken):<\/p>\n\n\n\n<ul class=\"wp-block-list\">\n<li><a href=\"https:\/\/www.oxfordpub.de\/\">Oxford Pub<\/a><\/li>\n\n\n\n<li><a href=\"https:\/\/kater-ka.de\/\">Schwarzer Kater<\/a><\/li>\n\n\n\n<li><a href=\"https:\/\/www.wolfbr\u00e4u.de\/\">Wirtshaus Wolfsbr\u00e4u<\/a><\/li>\n\n\n\n<li><a href=\"https:\/\/karlsruhe.lehners-wirtshaus.de\/\">Lehners Wirtshaus<\/a><\/li>\n<\/ul>\n\n\n\n<p class=\"has-medium-font-size\" id=\"wednesday_evening_events\"><strong>Mittwochabend<\/strong><\/p>\n\n\n\n<p>Am Mittwochabend starten wir mit einer Afterwork Tanzveranstaltung mit DJ mit DJ zum Ausklang der MuC &amp; Auftakt der UIG-Tagung @TRIANGEL Transfer Kultur Raum und intro am Kronenplatz, 4.9.24 19.00 \u2013 22.00 Uhr.<\/p>\n\n\n\n<p>In der TRIANGEL wird es eine inoffizielle \u00dcberbr\u00fcckungsveranstaltung geben:<\/p>\n\n\n\n<p><strong>Vinyl Wednesday x Mensch und Computer Konferenz 2024 \u2013 UIG-Tagung 2024<\/strong><br>Erlebe einen Abend voller elektronischer Kl\u00e4nge und einzigartiger Vibes!<\/p>\n\n\n\n<ul class=\"wp-block-list\">\n<li>Slava (P8) \u2014 Breakbeat \/ DnB<\/li>\n\n\n\n<li>Sweeko (live) \u2014 Techno \/ Experimental<\/li>\n<\/ul>\n\n\n\n<p>Komm vorbei und tauche ein in die Welt von Mensch und Maschine. Wir freuen uns auf dich!<\/p>","protected":false},"excerpt":{"rendered":"<p>Summary Event Location Details Sunday, 1st Sep2024, 5.30pm to 8.00pm Welcome Reception KIT Campus Food and drinks provided. Monday, 2nd Sep2024, 6.00pm [&hellip;]<\/p>\n","protected":false},"author":2,"featured_media":0,"parent":0,"menu_order":0,"comment_status":"closed","ping_status":"closed","template":"","meta":{"footnotes":""},"class_list":["post-340","page","type-page","status-publish","hentry"],"_links":{"self":[{"href":"https:\/\/muc2024.mensch-und-computer.de\/de\/wp-json\/wp\/v2\/pages\/340","targetHints":{"allow":["GET"]}}],"collection":[{"href":"https:\/\/muc2024.mensch-und-computer.de\/de\/wp-json\/wp\/v2\/pages"}],"about":[{"href":"https:\/\/muc2024.mensch-und-computer.de\/de\/wp-json\/wp\/v2\/types\/page"}],"author":[{"embeddable":true,"href":"https:\/\/muc2024.mensch-und-computer.de\/de\/wp-json\/wp\/v2\/users\/2"}],"replies":[{"embeddable":true,"href":"https:\/\/muc2024.mensch-und-computer.de\/de\/wp-json\/wp\/v2\/comments?post=340"}],"version-history":[{"count":69,"href":"https:\/\/muc2024.mensch-und-computer.de\/de\/wp-json\/wp\/v2\/pages\/340\/revisions"}],"predecessor-version":[{"id":1945,"href":"https:\/\/muc2024.mensch-und-computer.de\/de\/wp-json\/wp\/v2\/pages\/340\/revisions\/1945"}],"wp:attachment":[{"href":"https:\/\/muc2024.mensch-und-computer.de\/de\/wp-json\/wp\/v2\/media?parent=340"}],"curies":[{"name":"wp","href":"https:\/\/api.w.org\/{rel}","templated":true}]}}