{"id":466,"date":"2023-12-18T13:42:18","date_gmt":"2023-12-18T13:42:18","guid":{"rendered":"https:\/\/muc2024.mensch-und-computer.de\/?page_id=466"},"modified":"2024-02-22T12:12:25","modified_gmt":"2024-02-22T12:12:25","slug":"up","status":"publish","type":"page","link":"https:\/\/muc2024.mensch-und-computer.de\/de\/call-for-papers\/up\/","title":{"rendered":"UP \u2013 Practitioner Track"},"content":{"rendered":"<div class=\"wp-block-media-text has-media-on-the-right is-stacked-on-mobile is-vertically-aligned-top\" style=\"grid-template-columns:auto 35%\"><div class=\"wp-block-media-text__content\">\n<p>Der Praktiker-Track \u201cUsability Professionals\u201d(UP) wird durch den Berufsverband der Deutschen Usability und User Experience Professionals \u2013 German UPA e.V. \u2013 organisiert. Der Track bietet dir als UX Praktiker:in die M\u00f6glichkeit, aktuelle Themen basierend auf deinen Projekterfahrungen zu diskutieren. Ebenso freuen wir uns \u00fcber spannende Erkenntnisse im Themenfeld Usability &amp; UX und m\u00f6chten Raum f\u00fcr Diskussion, gemeinsamen Wissensgewinn und Netzwerken bieten.<\/p>\n<\/div><figure class=\"wp-block-media-text__media\"><img loading=\"lazy\" decoding=\"async\" width=\"300\" height=\"96\" src=\"https:\/\/muc2024.mensch-und-computer.de\/wp-content\/uploads\/2023\/07\/UPA_Logo.png\" alt=\"\" class=\"wp-image-164 size-full\" srcset=\"https:\/\/muc2024.mensch-und-computer.de\/wp-content\/uploads\/2023\/07\/UPA_Logo.png 300w, https:\/\/muc2024.mensch-und-computer.de\/wp-content\/uploads\/2023\/07\/UPA_Logo-230x74.png 230w\" sizes=\"auto, (max-width: 300px) 100vw, 300px\" \/><\/figure><\/div>\n\n\n\n<p>F\u00fcr die Mensch und Computer 2024 kannst du f\u00fcr diese Formate einen Beitrag einreichen<\/p>\n\n\n\n<ul class=\"wp-block-list\">\n<li>Pr\u00e4sentation<\/li>\n\n\n\n<li>Workshop<\/li>\n\n\n\n<li>Tutorials<\/li>\n\n\n\n<li>Arbeitskreis Session<\/li>\n<\/ul>\n\n\n\n<h4 class=\"wp-block-heading\" id=\"dates\">Termine<\/h4>\n\n\n\n<p>Bitte beachte, dass alle Termine endg\u00fcltig sind. Es wird keine Terminverschiebungen geben.<\/p>\n\n\n\n<figure class=\"wp-block-table\"><table><tbody><tr><td><strong>Track<\/strong><\/td><td><strong>Beitrag<\/strong><\/td><td><strong>Einreichung Abstract<\/strong><\/td><td><strong>Benachrichtigung<\/strong><\/td><td><strong>Frist Paper*<\/strong><\/td><\/tr><tr><td>UP<\/td><td>Workshops\/Tutorials<\/td><td>8. Juli 2024<\/td><td>29. Juli 2024<\/td><td>19. August 2024 (optional)<\/td><\/tr><tr><td>UP<\/td><td>Pr\u00e4sentationen<\/td><td>8. Juli 2024<\/td><td>29. Juli 2024<\/td><td>19. August 2024 (optional)<\/td><\/tr><tr><td>UP<\/td><td>Arbeitskreise<\/td><td>8. Juli 2024<\/td><td>29. Juli 2024<\/td><td>7. Oktober 2024 (optional)<\/td><\/tr><tr><td>UP<\/td><td>Barcamp Sessions<\/td><td colspan=\"2\">Vor Ort<\/td><td>7. Oktober 2024 (optional)<\/td><\/tr><\/tbody><\/table><\/figure>\n\n\n\n<h4 class=\"wp-block-heading\" id=\"presentations\">Pr\u00e4sentation<\/h4>\n\n\n\n<ul class=\"wp-block-list\">\n<li>Hier kannst du deine spannenden Arbeitsergebnisse, neue Interaktionstechniken, neue Usability\/UX Methoden oder auch unternehmensspezifische Prozesse vorstellen sowie kontroverse Themen zur Diskussion stellen.<\/li>\n\n\n\n<li>Eine Publikation in der Digital Library der GI ist optional m\u00f6glich.<\/li>\n\n\n\n<li>Vortrag auf der Konferenz (25 Min. + 5 Min. f\u00fcr Diskussion)<\/li>\n\n\n\n<li>Ablauf der Einreichung:\n<ol class=\"wp-block-list\">\n<li>Formular herunterladen <a href=\"https:\/\/bit.ly\/up24_presentation\">https:\/\/bit.ly\/up24_presentation<\/a><\/li>\n\n\n\n<li>Formular ausf\u00fcllen<\/li>\n\n\n\n<li>Im <a href=\"https:\/\/www.conftool.com\/muc2024\">Conftool<\/a> registrieren und das Abstract hochladen<\/li>\n<\/ol>\n<\/li>\n<\/ul>\n\n\n\n<h4 class=\"wp-block-heading\" id=\"workshop\">Workshop<\/h4>\n\n\n\n<ul class=\"wp-block-list\">\n<li>Hier kannst du ein Thema mit anderen Teilnehmenden gemeinsam erarbeiten und diskutieren.<\/li>\n\n\n\n<li>Eine Publikation in der Digital Library der GI ist optional m\u00f6glich.<\/li>\n\n\n\n<li>Workshop auf der Konferenz (90 Min.)<\/li>\n\n\n\n<li>Ablauf der Einreichung:\n<ol class=\"wp-block-list\">\n<li>Formular herunterladen <a href=\"https:\/\/bit.ly\/up24_ws_tut\">https:\/\/bit.ly\/up24_ws_tut<\/a><\/li>\n\n\n\n<li>Formular ausf\u00fcllen<\/li>\n\n\n\n<li>Im <a href=\"https:\/\/www.conftool.com\/muc2024\">Conftool<\/a> registrieren und das Abstract hochladen<\/li>\n<\/ol>\n<\/li>\n<\/ul>\n\n\n\n<h4 class=\"wp-block-heading\" id=\"tutorial\">Tutorial<\/h4>\n\n\n\n<ul class=\"wp-block-list\">\n<li>Hier kannst du anderen Teilnehmenden Wissen und Erfahrungen theoretisch und praktisch vermitteln.<\/li>\n\n\n\n<li>Eine Publikation in der Digital Library der GI ist nicht vorgesehen.<\/li>\n\n\n\n<li>Tutorial auf der Konferenz als Session (90 Min.) oder als Halbtages-Tutorial (180 Min. + Kaffeepause)<\/li>\n\n\n\n<li>Ablauf der Einreichung:\n<ol class=\"wp-block-list\">\n<li>Formular herunterladen <a href=\"https:\/\/bit.ly\/up24_ws_tut\">https:\/\/bit.ly\/up24_ws_tut<\/a><\/li>\n\n\n\n<li>Formular ausf\u00fcllen<\/li>\n\n\n\n<li>Im <a href=\"https:\/\/www.conftool.com\/muc2024\">Conftool<\/a> registrieren und das Abstract hochladen<\/li>\n<\/ol>\n<\/li>\n<\/ul>\n\n\n\n<h4 class=\"wp-block-heading\" id=\"working-group\">Arbeitskreis Session<\/h4>\n\n\n\n<p>Die German UPA hat mehrere themenbezogene Arbeitskreise (https:\/\/germanupa.de\/arbeitskreise), die die inhaltliche Arbeit im Berufsverband vorantreiben. Im Rahmen von Workshops stellen die Arbeitskreise ihre Arbeit vor. Alle Konfererenzteilnehmenden sind zur Diskussion und der Erarbeitung neuer Erkenntnisse eingeladen. Sollten Arbeitskreise einen internen Workshop planen, werden wir das im Programm kenntlich machen.<\/p>\n\n\n\n<p>Informationen f\u00fcr Arbeitskreise<\/p>\n\n\n\n<ul class=\"wp-block-list\">\n<li>F\u00fcr jeden Arbeitskreis ist jeweils ein Zeitfenster von 90 Minuten im Programm vorgemerkt.<\/li>\n\n\n\n<li>Pro Arbeitskreis kann eine Session angemeldet werden &amp; es findet kein Review statt.<\/li>\n\n\n\n<li>Ihr k\u00f6nnt \u00f6ffentliche oder interne Sessions abhalten.<\/li>\n\n\n\n<li>Bitte reicht das Anmeldeformular ein:\n<ol class=\"wp-block-list\">\n<li>Formular herunteraden <a href=\"https:\/\/bit.ly\/up24_arbeitskreise\">https:\/\/bit.ly\/up24_arbeitskreise<\/a><\/li>\n\n\n\n<li>Formular ausf\u00fcllen<\/li>\n\n\n\n<li>Im <a href=\"https:\/\/www.conftool.com\/muc2024\">Conftool<\/a>&nbsp; registrieren und das Abstract hochladen<\/li>\n<\/ol>\n<\/li>\n<\/ul>\n\n\n\n<p>Informationen zur Ver\u00f6ffentlichung des Papers findet ihr auf <a href=\"https:\/\/muc2024.mensch-und-computer.de\/de\/call-for-papers\/publication-ready-author-instructions\/up\/\">dieser Seite<\/a>.<br><br>Es wird im Rahmen der Mensch und Computer ein Barcamp geben. Was das ist und wie das Barcamp abl\u00e4uft, findest&nbsp;<a href=\"https:\/\/muc2024.mensch-und-computer.de\/de\/call-for-papers\/barcamp\/\" data-type=\"link\" data-id=\"https:\/\/muc2024.mensch-und-computer.de\/de\/call-for-papers\/up\/\">du hier<\/a>.<\/p>\n\n\n\n<h4 class=\"wp-block-heading\">Teilnahme \/ Tagungsgeb\u00fchr f\u00fcr Referierende<\/h4>\n\n\n\n<p>Die Mensch und Computer Konferenz ist keine Industriekonferenz und somit nicht gewinnorientiert. Dadurch k\u00f6nnen im Verh\u00e4ltnis zu anderen Konferenzen die Tagungsgeb\u00fchren f\u00fcr alle Teilnehmenden entsprechend niedrig gehalten werden. F\u00fcr Autorinnen und Autoren von zur Pr\u00e4sentation angenommenen Tagungsbeitr\u00e4gen gelten daher die gleichen Tagungsgeb\u00fchren, wie f\u00fcr alle anderen Teilnehmenden!<\/p>\n\n\n\n<h4 class=\"wp-block-heading\">Fragen und Kontakt<\/h4>\n\n\n\n<p>Solltest du Fragen zur Einreichung haben oder Unterst\u00fctzung ben\u00f6tigen, schreib uns einfach eine Mail an <a href=\"mailto:up24@germanupa.de\">up24@germanupa.de<\/a><\/p>\n\n\n\n<p><\/p>","protected":false},"excerpt":{"rendered":"<p>The practitioner track &#8220;Usability Professionals&#8221;(UP) is organized by the professional association of German Usability and User Experience Professionals &#8211; German UPA e.V.. [&hellip;]<\/p>\n","protected":false},"author":7,"featured_media":0,"parent":29,"menu_order":1,"comment_status":"closed","ping_status":"closed","template":"","meta":{"footnotes":""},"class_list":["post-466","page","type-page","status-publish","hentry"],"_links":{"self":[{"href":"https:\/\/muc2024.mensch-und-computer.de\/de\/wp-json\/wp\/v2\/pages\/466","targetHints":{"allow":["GET"]}}],"collection":[{"href":"https:\/\/muc2024.mensch-und-computer.de\/de\/wp-json\/wp\/v2\/pages"}],"about":[{"href":"https:\/\/muc2024.mensch-und-computer.de\/de\/wp-json\/wp\/v2\/types\/page"}],"author":[{"embeddable":true,"href":"https:\/\/muc2024.mensch-und-computer.de\/de\/wp-json\/wp\/v2\/users\/7"}],"replies":[{"embeddable":true,"href":"https:\/\/muc2024.mensch-und-computer.de\/de\/wp-json\/wp\/v2\/comments?post=466"}],"version-history":[{"count":26,"href":"https:\/\/muc2024.mensch-und-computer.de\/de\/wp-json\/wp\/v2\/pages\/466\/revisions"}],"predecessor-version":[{"id":869,"href":"https:\/\/muc2024.mensch-und-computer.de\/de\/wp-json\/wp\/v2\/pages\/466\/revisions\/869"}],"up":[{"embeddable":true,"href":"https:\/\/muc2024.mensch-und-computer.de\/de\/wp-json\/wp\/v2\/pages\/29"}],"wp:attachment":[{"href":"https:\/\/muc2024.mensch-und-computer.de\/de\/wp-json\/wp\/v2\/media?parent=466"}],"curies":[{"name":"wp","href":"https:\/\/api.w.org\/{rel}","templated":true}]}}