{"id":899,"date":"2024-03-18T13:05:25","date_gmt":"2024-03-18T13:05:25","guid":{"rendered":"https:\/\/muc2024.mensch-und-computer.de\/?page_id=899"},"modified":"2024-08-08T09:06:14","modified_gmt":"2024-08-08T09:06:14","slug":"keynotes","status":"publish","type":"page","link":"https:\/\/muc2024.mensch-und-computer.de\/de\/keynotes\/","title":{"rendered":"Keynotes"},"content":{"rendered":"<h2 class=\"wp-block-heading\">The Theory Crisis in Human-Computer Interaction<\/h2>\n\n\n\n<div class=\"wp-block-media-text is-stacked-on-mobile is-image-fill\" style=\"grid-template-columns:23% auto\"><figure class=\"wp-block-media-text__media\" style=\"background-image:url(https:\/\/muc2024.mensch-und-computer.de\/wp-content\/uploads\/2024\/04\/Kasper.jpeg);background-position:50% 50%\"><img loading=\"lazy\" decoding=\"async\" width=\"863\" height=\"862\" src=\"https:\/\/muc2024.mensch-und-computer.de\/wp-content\/uploads\/2024\/04\/Kasper.jpeg\" alt=\"\" class=\"wp-image-947 size-full\" srcset=\"https:\/\/muc2024.mensch-und-computer.de\/wp-content\/uploads\/2024\/04\/Kasper.jpeg 863w, https:\/\/muc2024.mensch-und-computer.de\/wp-content\/uploads\/2024\/04\/Kasper-300x300.jpeg 300w, https:\/\/muc2024.mensch-und-computer.de\/wp-content\/uploads\/2024\/04\/Kasper-150x150.jpeg 150w, https:\/\/muc2024.mensch-und-computer.de\/wp-content\/uploads\/2024\/04\/Kasper-768x767.jpeg 768w, https:\/\/muc2024.mensch-und-computer.de\/wp-content\/uploads\/2024\/04\/Kasper-12x12.jpeg 12w, https:\/\/muc2024.mensch-und-computer.de\/wp-content\/uploads\/2024\/04\/Kasper-230x230.jpeg 230w, https:\/\/muc2024.mensch-und-computer.de\/wp-content\/uploads\/2024\/04\/Kasper-350x350.jpeg 350w, https:\/\/muc2024.mensch-und-computer.de\/wp-content\/uploads\/2024\/04\/Kasper-480x479.jpeg 480w\" sizes=\"auto, (max-width: 863px) 100vw, 863px\" \/><\/figure><div class=\"wp-block-media-text__content\">\n<h4 class=\"wp-block-heading\">Kasper Hornb\u00e6k<\/h4>\n\n\n\n<p><strong>Affiliation<\/strong>: University of Copenhagen<br><strong>Webseite:<\/strong> <a href=\"https:\/\/www.kasperhornbaek.dk\/\">https:\/\/www.kasperhornbaek.dk\/<\/a><br><strong>Datum:<\/strong> Montag, 2. September<\/p>\n<\/div><\/div>\n\n\n\n<p><strong>Abstract:<\/strong> Theory is supposed to be invaluable in HCI research. However, the actual role of theory remains underwhelming, to the extent that I argue there is a crisis of theory in HCI. In this talk, I will first present data suggesting that HCI researchers rarely build theory, actively use it in papers, or raise implications for it. I will then discuss how to resolve the tension between the perceived importance of theory and its actual role. Ways to improve the use and construction of theory will be discussed, as well as some tools for thinking about theory that might help HCI researchers.<\/p>\n\n\n\n<p><strong>Bio:<\/strong> Kasper Hornb\u00e6k received his M.Sc. and Ph.D. in Computer Science from the University of Copenhagen in 1998 and 2002, respectively. He has been Professor of Computer Science at the University of Copenhagen since 2014. His research interests include user experience, extended reality, theory building and haptic technology. He is an co-editor of ACM Transactions on Human-Computer Interaction and has served as an associate chair of the ACM Conference on Human Factors in Computing, CHI for more than 10 years. He was inducted into the CHI Academy in 2020.<\/p>\n\n\n\n<p>The keynote will be held in English.<\/p>\n\n\n\n<h2 class=\"wp-block-heading\">Heavy Metal auf KI<\/h2>\n\n\n\n<div class=\"wp-block-media-text is-stacked-on-mobile is-image-fill\" style=\"grid-template-columns:23% auto\"><figure class=\"wp-block-media-text__media\" style=\"background-image:url(https:\/\/muc2024.mensch-und-computer.de\/wp-content\/uploads\/2024\/06\/Nicole-Gobel_04_4C-1024x683.jpg);background-position:50% 50%\"><img loading=\"lazy\" decoding=\"async\" width=\"1024\" height=\"683\" src=\"https:\/\/muc2024.mensch-und-computer.de\/wp-content\/uploads\/2024\/06\/Nicole-Gobel_04_4C-1024x683.jpg\" alt=\"\" class=\"wp-image-1067 size-full\" srcset=\"https:\/\/muc2024.mensch-und-computer.de\/wp-content\/uploads\/2024\/06\/Nicole-Gobel_04_4C-1024x683.jpg 1024w, https:\/\/muc2024.mensch-und-computer.de\/wp-content\/uploads\/2024\/06\/Nicole-Gobel_04_4C-300x200.jpg 300w, https:\/\/muc2024.mensch-und-computer.de\/wp-content\/uploads\/2024\/06\/Nicole-Gobel_04_4C-768x512.jpg 768w, https:\/\/muc2024.mensch-und-computer.de\/wp-content\/uploads\/2024\/06\/Nicole-Gobel_04_4C-1536x1024.jpg 1536w, https:\/\/muc2024.mensch-und-computer.de\/wp-content\/uploads\/2024\/06\/Nicole-Gobel_04_4C-2048x1365.jpg 2048w, https:\/\/muc2024.mensch-und-computer.de\/wp-content\/uploads\/2024\/06\/Nicole-Gobel_04_4C-18x12.jpg 18w, https:\/\/muc2024.mensch-und-computer.de\/wp-content\/uploads\/2024\/06\/Nicole-Gobel_04_4C-1000x667.jpg 1000w, https:\/\/muc2024.mensch-und-computer.de\/wp-content\/uploads\/2024\/06\/Nicole-Gobel_04_4C-230x153.jpg 230w, https:\/\/muc2024.mensch-und-computer.de\/wp-content\/uploads\/2024\/06\/Nicole-Gobel_04_4C-350x233.jpg 350w, https:\/\/muc2024.mensch-und-computer.de\/wp-content\/uploads\/2024\/06\/Nicole-Gobel_04_4C-480x320.jpg 480w\" sizes=\"auto, (max-width: 1024px) 100vw, 1024px\" \/><\/figure><div class=\"wp-block-media-text__content\">\n<h4 class=\"wp-block-heading\">Nicole G\u00f6bel<\/h4>\n\n\n\n<p><strong>Affiliation<\/strong>: Chairwoman des Management Boards bei <a href=\"https:\/\/www.dbsystel.de\/dbsystel\" data-type=\"link\" data-id=\"https:\/\/www.dbsystel.de\/dbsystel\">DB Systel<\/a><br><strong>Datum:<\/strong> Dienstag, 3. September<\/p>\n<\/div><\/div>\n\n\n\n<p><strong>Abstract:<\/strong> Gleise, Weichen, Rads\u00e4tze: Die Deutsche Bahn ist Heavy Metal! Und damit ist sie ein riesiges Anwendungsgebiet f\u00fcr K\u00fcnstliche Intelligenz. Warum Digitalisierung \u2013 insbesondere KI \u2013 nicht nur die Hardware der Bahn betrifft, sondern auch Auswirkungen auf die Arbeitsweise und die Mitarbeitenden hat, zeigt Nicole G\u00f6bel, Vorsitzende der Gesch\u00e4ftsf\u00fchrung der DB Systel, in ihrer Keynote. Sie gibt Einblicke, wie die DB Systel, Wegbereiterin f\u00fcr die digitale Zukunft der Bahn, das Heavy Metal der DB digitalisiert \u2013 und die Bahn damit noch nachhaltiger macht.<\/p>\n\n\n\n<p><strong>Bio:<\/strong> Nicole G\u00f6bel ist studierte Touristikbetriebswirtin mit Schwerpunkten IT und Marketing. Ihre Karriere begann sie bei Bertelsmann, wo sie F\u00fchrungsaufgaben in Call- und Fulfillment-Centern \u00fcbernahm und unter anderem IT-Projekte leitete.<br>2001 wechselte sie zur Unternehmens- und Strategieberatung Accenture und war f\u00fcr verschiedene Projekte der Deutschen Bahn zust\u00e4ndig. Zudem unterst\u00fctzte Nicole G\u00f6bel weitere Gr\u00f6\u00dfen aus der Transport-, Reise- und Logistikbranche bei komplexen digitalen Transformationsprozessen.<br>2009 \u00fcbernahm sie bei Accenture die Gesamtverantwortung f\u00fcr den Kunden Deutsche Bahn und verschiedene Managementfunktionen, zuletzt ab 2019 als European Rail and Public Transport Lead.<br>Ehrenamtlich ist Nicole G\u00f6bel im Pr\u00e4sidium des Travel Industry Clubs aktiv, in dem sich Vordenker:innen der Tourismusbranche vernetzen.<br>Nicole G\u00f6bel ist seit dem 1. Februar 2022 Vorsitzende der Gesch\u00e4ftsf\u00fchrung bei DB Systel.<\/p>\n\n\n\n<p>Die Keynote wird in deutsch gehalten.<\/p>\n\n\n\n<h2 class=\"wp-block-heading\">Unveiling the Invisible: Navigating the Mental Labor of Academia in a Hybrid World<\/h2>\n\n\n\n<div class=\"wp-block-media-text is-stacked-on-mobile is-image-fill\" style=\"grid-template-columns:23% auto\"><figure class=\"wp-block-media-text__media\" style=\"background-image:url(https:\/\/muc2024.mensch-und-computer.de\/wp-content\/uploads\/2024\/04\/anna4_190305_j-tye_ucl_42_headshots-3993_32678420947_o.jpg);background-position:50% 50%\"><img loading=\"lazy\" decoding=\"async\" width=\"663\" height=\"803\" src=\"https:\/\/muc2024.mensch-und-computer.de\/wp-content\/uploads\/2024\/04\/anna4_190305_j-tye_ucl_42_headshots-3993_32678420947_o.jpg\" alt=\"\" class=\"wp-image-940 size-full\" srcset=\"https:\/\/muc2024.mensch-und-computer.de\/wp-content\/uploads\/2024\/04\/anna4_190305_j-tye_ucl_42_headshots-3993_32678420947_o.jpg 663w, https:\/\/muc2024.mensch-und-computer.de\/wp-content\/uploads\/2024\/04\/anna4_190305_j-tye_ucl_42_headshots-3993_32678420947_o-248x300.jpg 248w, https:\/\/muc2024.mensch-und-computer.de\/wp-content\/uploads\/2024\/04\/anna4_190305_j-tye_ucl_42_headshots-3993_32678420947_o-10x12.jpg 10w, https:\/\/muc2024.mensch-und-computer.de\/wp-content\/uploads\/2024\/04\/anna4_190305_j-tye_ucl_42_headshots-3993_32678420947_o-230x279.jpg 230w, https:\/\/muc2024.mensch-und-computer.de\/wp-content\/uploads\/2024\/04\/anna4_190305_j-tye_ucl_42_headshots-3993_32678420947_o-350x424.jpg 350w, https:\/\/muc2024.mensch-und-computer.de\/wp-content\/uploads\/2024\/04\/anna4_190305_j-tye_ucl_42_headshots-3993_32678420947_o-480x581.jpg 480w\" sizes=\"auto, (max-width: 663px) 100vw, 663px\" \/><\/figure><div class=\"wp-block-media-text__content\">\n<h4 class=\"wp-block-heading\">Anna Cox<\/h4>\n\n\n\n<p><strong>Affiliation<\/strong>: University College London<br><strong>Email<\/strong>: <a href=\"mailto:anna.cox@ucl.ac.uk\" target=\"_blank\" rel=\"noreferrer noopener\">anna.cox@ucl.ac.uk<\/a><br><strong>Website<\/strong>: <a href=\"https:\/\/www.eworkresearch.org\/anna-l-cox\/\" target=\"_blank\" rel=\"noreferrer noopener\">https:\/\/www.eworkresearch.org\/anna-l-cox\/<\/a>&nbsp;<br><strong>Datum:<\/strong> Mittwoch, 4. September<\/p>\n<\/div><\/div>\n\n\n\n<p><strong>Abstract:<\/strong> In the evolving landscape of hybrid work, the academic world faces unique challenges that often go unseen. As society grapples with complex global issues, we need academics more than ever to help find solutions. However, academia suffers from levels of stress and burnout similar to those in high-stress professions such as medicine. Academics are drowning in a sea of work, leaving little time for the deep thought necessary to tackle big problems. This pressure is driven by increased expectations and demands in research and education, exacerbated by digital communications and an always-on culture, and further intensified by the shift to hybrid work. We need university leaders to initiate systemic changes, but organizational change takes time and we need help now. In this talk, Anna Cox will delve into the concept of &#8220;mental labor,&#8221; highlighting the hidden tasks that academics perform daily to manage their professional and personal lives. She will explore how digital technology can support academics in getting their work done more efficiently, helping to alleviate stress and enhance productivity and wellbeing.<\/p>\n\n\n\n<p><strong>Bio: <\/strong>Anna Cox is Professor of Human-Computer Interaction and Vice Dean (Equality, Diversity and Inclusion) at University College London. Her research on the use of digital technology across work and personal life-spheres has revealed the influence of design on the productivity and work-life balance challenges experienced across a variety of settings including healthcare, finance, academia, and crowdwork. She has also explored digital leisure activities such as watching videos, playing videogames, and engaging in citizen science projects and their role in supporting work-stress recovery. As a result of her expertise in immersive and addictive technologies, she was appointed as Specialist Advisor to the UK Parliament Department of Culture, Media and Sport Select Committee inquiry in 2019. She has been an active participant in the ACM SIGCHI community. She has played a significant role in the early years of two important conference series. She was General Chair of CHIPLAY 2015 and 2016 and a member of the CHIPLAY steering committee (2014-2021). More recently she served as Technical Program Chair for CHIWORK 2022 and General Chair of CHIWORK 2023 and is an inaugural member of the CHIWORK steering committee. She has also played an important role in supporting the CHI conference series: she was Technical Program Chair of CHI 2018 and 2019 and has been a member of the CHI Steering committee since 2017.<\/p>\n\n\n\n<p>The keynote will be held in English.<\/p>\n\n\n\n<div style=\"height:100px\" aria-hidden=\"true\" class=\"wp-block-spacer\"><\/div>","protected":false},"excerpt":{"rendered":"<p>The Theory Crisis in Human-Computer Interaction Kasper Hornb\u00e6k Affiliation: University of CopenhagenWebsite: https:\/\/www.kasperhornbaek.dk\/Date: Monday, September 2nd Abstract: Theory is supposed to be [&hellip;]<\/p>\n","protected":false},"author":9,"featured_media":0,"parent":0,"menu_order":0,"comment_status":"closed","ping_status":"closed","template":"","meta":{"footnotes":""},"class_list":["post-899","page","type-page","status-publish","hentry"],"_links":{"self":[{"href":"https:\/\/muc2024.mensch-und-computer.de\/de\/wp-json\/wp\/v2\/pages\/899","targetHints":{"allow":["GET"]}}],"collection":[{"href":"https:\/\/muc2024.mensch-und-computer.de\/de\/wp-json\/wp\/v2\/pages"}],"about":[{"href":"https:\/\/muc2024.mensch-und-computer.de\/de\/wp-json\/wp\/v2\/types\/page"}],"author":[{"embeddable":true,"href":"https:\/\/muc2024.mensch-und-computer.de\/de\/wp-json\/wp\/v2\/users\/9"}],"replies":[{"embeddable":true,"href":"https:\/\/muc2024.mensch-und-computer.de\/de\/wp-json\/wp\/v2\/comments?post=899"}],"version-history":[{"count":16,"href":"https:\/\/muc2024.mensch-und-computer.de\/de\/wp-json\/wp\/v2\/pages\/899\/revisions"}],"predecessor-version":[{"id":1726,"href":"https:\/\/muc2024.mensch-und-computer.de\/de\/wp-json\/wp\/v2\/pages\/899\/revisions\/1726"}],"wp:attachment":[{"href":"https:\/\/muc2024.mensch-und-computer.de\/de\/wp-json\/wp\/v2\/media?parent=899"}],"curies":[{"name":"wp","href":"https:\/\/api.w.org\/{rel}","templated":true}]}}