{"id":903,"date":"2024-03-22T14:06:55","date_gmt":"2024-03-22T14:06:55","guid":{"rendered":"https:\/\/muc2024.mensch-und-computer.de\/?page_id=903"},"modified":"2024-07-30T09:30:32","modified_gmt":"2024-07-30T09:30:32","slug":"call-for-student-volunteers","status":"publish","type":"page","link":"https:\/\/muc2024.mensch-und-computer.de\/de\/participation\/call-for-student-volunteers\/","title":{"rendered":"Aufruf f\u00fcr Student Volunteers"},"content":{"rendered":"<p>Die Bewerbungen sind geschlossen. Die Frist f\u00fcr die Bewerbungen war der 23. Juli 2024. Benachrichtigungen und Zusagen werden sp\u00e4testens bis zum 30. Juli 2024 verschickt. Wir bem\u00fchen uns um eine schnelle Benachrichtigung aller Bewerbenden.<\/p>\n\n\n\n<p>Mit mehr als 800 Teilnehmenden in den vergangenen Jahren ist die \u201eMensch und Computer\u201c eine der gr\u00f6\u00dften HCI-Konferenzen in Europa. Allj\u00e4hrlich zieht die Konferenz Teilnehmende aus Wissenschaft und Industrie an.<\/p>\n\n\n\n<p>Wir suchen motivierte Studierende (und Promovierende), die uns bei der Durchf\u00fchrung der Konferenz als Student Volunteer (SV) unterst\u00fctzen. Als SV erhaltet ihr einen \u00dcberblick \u00fcber aktuelle Forschungsthemen, Kontakte zu WissenschaftlerInnen und Unternehmen sowie einen Einblick in den Ablauf hinter die Kulissen einer Konferenz.<\/p>\n\n\n\n<h3 class=\"wp-block-heading\">Was muss ich als Student Volunteer (SV) machen?<\/h3>\n\n\n\n<p>Student Volunteers sind haupts\u00e4chlich verantwortlich f\u00fcr den reibungslosen Ablauf der Konferenz. Die konkreten T\u00e4tigkeiten beinhalten unter anderem die Unterst\u00fctzung am Empfang der Konferenz, die Vorbereitung und technische Betreuung der Konferenzr\u00e4ume w\u00e4hrend der Sitzungen, Beantwortung von organisatorischen Fragen von Vortragenden und Konferenzteilnehmenden, sowie weitere Unterst\u00fctzung des Organisationsteams.Ihr solltet dazu von Samstag 31.08.2024 (mittags) bis Mittwoch, 04.09.2024 (nachmittags) vor Ort in Karlsruhe sein k\u00f6nnen. Die Arbeitszeit \u00fcber die gesamte Konferenz hinweg betr\u00e4gt ca. 20 Stunden.<\/p>\n\n\n\n<h3 class=\"wp-block-heading\">Was bekomme ich daf\u00fcr?<\/h3>\n\n\n\n<p>Du hast die M\u00f6glichkeit kostenlos an der Konferenz, sowie an zahlreichen Fachvortr\u00e4gen, Workshops, Demonstrationen und Ausstellungen teilzunehmen. Nat\u00fcrlich bekommst du auch schicke T-Shirts im aktuellen Konferenzdesign. Gern kannst du auch selbst Beitr\u00e4ge auf der \u201eMensch und Computer 2024\u201c einreichen.<\/p>\n\n\n\n<h3 class=\"wp-block-heading\">Wie kann ich mich bewerben?<\/h3>\n\n\n\n<p>Wie kann ich mich bewerben? Die Bewerbungsphase f\u00fcr SVs auf der Mensch und Computer 2024 ist seit dem 23. Juli 2024 vorbei. Bei R\u00fcckfragen zu einer bereits erfolgten Bewerbung, wende dich an studentvolunteer@mensch-und-computer.de\u00a0<a href=\"mailto:studentvolunteer@mensch-und-computer.de\" target=\"_blank\" rel=\"noreferrer noopener\">studentvolunteer@mensch-und-computer.de<\/a>.<\/p>\n\n\n\n<p>Wir freuen uns auf dich!<\/p>","protected":false},"excerpt":{"rendered":"<p>Applications are closed! The deadline for application was 23rd July, 2024. Notifications and Acceptance will be sent out unitl 30th of July, [&hellip;]<\/p>\n","protected":false},"author":8,"featured_media":0,"parent":342,"menu_order":0,"comment_status":"closed","ping_status":"closed","template":"","meta":{"footnotes":""},"class_list":["post-903","page","type-page","status-publish","hentry"],"_links":{"self":[{"href":"https:\/\/muc2024.mensch-und-computer.de\/de\/wp-json\/wp\/v2\/pages\/903","targetHints":{"allow":["GET"]}}],"collection":[{"href":"https:\/\/muc2024.mensch-und-computer.de\/de\/wp-json\/wp\/v2\/pages"}],"about":[{"href":"https:\/\/muc2024.mensch-und-computer.de\/de\/wp-json\/wp\/v2\/types\/page"}],"author":[{"embeddable":true,"href":"https:\/\/muc2024.mensch-und-computer.de\/de\/wp-json\/wp\/v2\/users\/8"}],"replies":[{"embeddable":true,"href":"https:\/\/muc2024.mensch-und-computer.de\/de\/wp-json\/wp\/v2\/comments?post=903"}],"version-history":[{"count":12,"href":"https:\/\/muc2024.mensch-und-computer.de\/de\/wp-json\/wp\/v2\/pages\/903\/revisions"}],"predecessor-version":[{"id":1519,"href":"https:\/\/muc2024.mensch-und-computer.de\/de\/wp-json\/wp\/v2\/pages\/903\/revisions\/1519"}],"up":[{"embeddable":true,"href":"https:\/\/muc2024.mensch-und-computer.de\/de\/wp-json\/wp\/v2\/pages\/342"}],"wp:attachment":[{"href":"https:\/\/muc2024.mensch-und-computer.de\/de\/wp-json\/wp\/v2\/media?parent=903"}],"curies":[{"name":"wp","href":"https:\/\/api.w.org\/{rel}","templated":true}]}}