{"id":926,"date":"2024-04-08T08:49:04","date_gmt":"2024-04-08T08:49:04","guid":{"rendered":"https:\/\/muc2024.mensch-und-computer.de\/?page_id=926"},"modified":"2024-07-23T09:15:00","modified_gmt":"2024-07-23T09:15:00","slug":"registration","status":"publish","type":"page","link":"https:\/\/muc2024.mensch-und-computer.de\/de\/registration\/","title":{"rendered":"Registrierung"},"content":{"rendered":"<p class=\"has-text-align-center\" style=\"font-size: 24px;\"><a href=\"https:\/\/www.conftool.com\/muc2024\/\" data-type=\"link\" data-id=\"https:\/\/www.conftool.com\/muc2024\/\">Jetzt via ConfTool Registrieren<\/a><\/p>\n\n\n\n<p>Registration has been open since the 9th of July 2024.<\/p>\n\n\n\n<h3 class=\"wp-block-heading\">Teilnahmegeb\u00fchren<\/h3>\n\n\n\n<figure class=\"wp-block-table is-style-stripes\"><table><thead><tr><td class=\"has-text-align-left\" data-align=\"left\"><\/td><th><strong>Early (until 31.07.2024)<\/strong><\/th><th><strong>Regular<\/strong><\/th><\/tr><\/thead><tbody><tr><th class=\"has-text-align-left\" data-align=\"left\">Kein Mitglied<\/th><td>540 \u20ac<\/td><td>640 \u20ac<\/td><\/tr><tr><th class=\"has-text-align-left\" data-align=\"left\">Mitglieder (GI und German UPA)<\/th><td>440 \u20ac<\/td><td>540 \u20ac<\/td><\/tr><tr><th class=\"has-text-align-left\" data-align=\"left\">Hochschulangeh\u00f6rige<\/th><td>470 \u20ac<\/td><td>570 \u20ac<\/td><\/tr><tr><th class=\"has-text-align-left\" data-align=\"left\">Studenten * (GI und German UPA Mitglieder)<\/th><td>120 \u20ac<\/td><td>170 \u20ac<\/td><\/tr><tr><th class=\"has-text-align-left\" data-align=\"left\">Studenten * (Kein Mitglied)<\/th><td>180 \u20ac<\/td><td>230 \u20ac<\/td><\/tr><tr><th class=\"has-text-align-left\" data-align=\"left\">Tageskarte<\/th><td>270 \u20ac<\/td><td>320 \u20ac<\/td><\/tr><tr><th class=\"has-text-align-left\" data-align=\"left\">Studenten Tageskarte<\/th><td>60 \u20ac<\/td><td>90 \u20ac<\/td><\/tr><\/tbody><\/table><\/figure>\n\n\n\n<hr class=\"wp-block-separator has-alpha-channel-opacity is-style-wide\"\/>\n\n\n\n<p><strong>Studierende<\/strong> *<br>im Sinne der reduzierten Tagungsgeb\u00fchr sind solche ohne eine feste Anstellung, mit nur geringf\u00fcgiger Besch\u00e4ftigung oder vergleichbar niedrigem Stipendium.<br>Nur Bachelor\/Master Studenten sind Teil dieser Kategorie. PhD Studenten geh\u00f6ren nicht dazu.<\/p>\n\n\n\n<hr class=\"wp-block-separator has-alpha-channel-opacity\"\/>\n\n\n\n<p>Die Tagung Mensch und Computer ist eine wissenschaftlich orientierte Fachtagung ohne Gewinnerzielungsabsicht. Da ein gro\u00dfer Teil der Teilnehmer aktiv Beitr\u00e4ge pr\u00e4sentieren, m\u00fcssen sich auch alle, die im Programm oder in Workshops pr\u00e4sentieren, ganz normal als Tagungsteilnehmer anmelden und den Tagungsbeitrag entrichten.<\/p>\n\n\n\n<p>Im Ticketpreis ist die Teilnahme am gesamten Tagungsprogramm enthalten \u2013 egal ob MCI oder UPA Veranstaltungen. Jeder Teilnehmende kann sich somit sein eigenes Programm frei aus allen angebotenen Vortr\u00e4gen, Workshops und Tutorials zusammenstellen. Ebenfalls inklusive ist die Teilnahme an der Demo- und Postersession sowie, f\u00fcr die meisten Ticketkategorien, auch die Abendveranstaltung. BesitzerInnen einer Tageskarte k\u00f6nnen alle Events des gebuchten Tages (au\u00dfer Abendveranstaltung) besuchen.<\/p>","protected":false},"excerpt":{"rendered":"<p>Register via ConfTool Now Registration has been open since the 9th of July 2024. Registration Rates Early (until 31.07.2024) Regular Non-members 540 [&hellip;]<\/p>\n","protected":false},"author":10,"featured_media":0,"parent":0,"menu_order":0,"comment_status":"closed","ping_status":"closed","template":"","meta":{"footnotes":""},"class_list":["post-926","page","type-page","status-publish","hentry"],"_links":{"self":[{"href":"https:\/\/muc2024.mensch-und-computer.de\/de\/wp-json\/wp\/v2\/pages\/926","targetHints":{"allow":["GET"]}}],"collection":[{"href":"https:\/\/muc2024.mensch-und-computer.de\/de\/wp-json\/wp\/v2\/pages"}],"about":[{"href":"https:\/\/muc2024.mensch-und-computer.de\/de\/wp-json\/wp\/v2\/types\/page"}],"author":[{"embeddable":true,"href":"https:\/\/muc2024.mensch-und-computer.de\/de\/wp-json\/wp\/v2\/users\/10"}],"replies":[{"embeddable":true,"href":"https:\/\/muc2024.mensch-und-computer.de\/de\/wp-json\/wp\/v2\/comments?post=926"}],"version-history":[{"count":21,"href":"https:\/\/muc2024.mensch-und-computer.de\/de\/wp-json\/wp\/v2\/pages\/926\/revisions"}],"predecessor-version":[{"id":1241,"href":"https:\/\/muc2024.mensch-und-computer.de\/de\/wp-json\/wp\/v2\/pages\/926\/revisions\/1241"}],"wp:attachment":[{"href":"https:\/\/muc2024.mensch-und-computer.de\/de\/wp-json\/wp\/v2\/media?parent=926"}],"curies":[{"name":"wp","href":"https:\/\/api.w.org\/{rel}","templated":true}]}}