{"id":33,"date":"2023-07-30T10:40:48","date_gmt":"2023-07-30T10:40:48","guid":{"rendered":"https:\/\/muc2024.mensch-und-computer.de\/?page_id=33"},"modified":"2024-08-04T13:19:21","modified_gmt":"2024-08-04T13:19:21","slug":"sponsoring","status":"publish","type":"page","link":"https:\/\/muc2024.mensch-und-computer.de\/en\/sponsoring\/","title":{"rendered":"Sponsoring"},"content":{"rendered":"\n<p>The \u201cMensch und Computer\u201d is the annual conference of the Human-Computer Interaction Division of the <a href=\"http:\/\/gi.de\" data-type=\"link\" data-id=\"gi.de\">German Informatics Society (Gesellschaft f\u00fcr Informatik e.V., GI)<\/a> and the German Usability Professionals Association (<a href=\"https:\/\/www.germanupa.de\/\">https:\/\/www.germanupa.de\/<\/a>). It is the leading event on the topic of human-computer interaction in German-speaking countries and one of the largest European conferences in this field. We would like to offer you as a company the opportunity to get involved as a sponsor and\/or exhibitor, as well as to enter into dialogue with the expert audience during \u201cMensch und Computer 2024\u201d. If you are interested in one of the sponsoring packages and would like to support us in hosting the \u201cMensch und Computer 2024\u201d in Karlsruhe, please&nbsp;<a href=\"mailto:kouvaris@usability-in-germany.de\" data-type=\"mailto\" data-id=\"mailto:kouvaris@usability-in-germany.de\">contact our sponsoring team by e-mail<\/a>.<\/p>\n\n\n\n<div class=\"wp-block-buttons is-content-justification-center is-layout-flex wp-container-core-buttons-is-layout-a89b3969 wp-block-buttons-is-layout-flex\">\n<div class=\"wp-block-button\"><a class=\"wp-block-button__link has-vivid-purple-background-color has-background wp-element-button\" href=\"\/booklet\" rel=\"https:\/\/muc2024.mensch-und-computer.de\/booklet\/\">Sponsoring Booklet<\/a><\/div>\n<\/div>\n\n\n\n\n\n<div class=\"wp-block-columns is-layout-flex wp-container-core-columns-is-layout-28f84493 wp-block-columns-is-layout-flex\">\n<div class=\"wp-block-column is-layout-flow wp-block-column-is-layout-flow\">\n<h4 class=\"wp-block-heading has-text-align-center\">Platin Sponsors<\/h4>\n\n\n\n<figure class=\"wp-block-image size-full is-resized\"><img loading=\"lazy\" decoding=\"async\" width=\"1007\" height=\"181\" src=\"https:\/\/muc2024.mensch-und-computer.de\/wp-content\/uploads\/2023\/12\/EnBW_Logo_Standard_BlauOrange.png\" alt=\"\" class=\"wp-image-491\" style=\"object-fit:cover;width:191px;height:auto\" srcset=\"https:\/\/muc2024.mensch-und-computer.de\/wp-content\/uploads\/2023\/12\/EnBW_Logo_Standard_BlauOrange.png 1007w, https:\/\/muc2024.mensch-und-computer.de\/wp-content\/uploads\/2023\/12\/EnBW_Logo_Standard_BlauOrange-300x54.png 300w, https:\/\/muc2024.mensch-und-computer.de\/wp-content\/uploads\/2023\/12\/EnBW_Logo_Standard_BlauOrange-768x138.png 768w, https:\/\/muc2024.mensch-und-computer.de\/wp-content\/uploads\/2023\/12\/EnBW_Logo_Standard_BlauOrange-18x3.png 18w, https:\/\/muc2024.mensch-und-computer.de\/wp-content\/uploads\/2023\/12\/EnBW_Logo_Standard_BlauOrange-1000x180.png 1000w, https:\/\/muc2024.mensch-und-computer.de\/wp-content\/uploads\/2023\/12\/EnBW_Logo_Standard_BlauOrange-230x41.png 230w, https:\/\/muc2024.mensch-und-computer.de\/wp-content\/uploads\/2023\/12\/EnBW_Logo_Standard_BlauOrange-350x63.png 350w, https:\/\/muc2024.mensch-und-computer.de\/wp-content\/uploads\/2023\/12\/EnBW_Logo_Standard_BlauOrange-480x86.png 480w\" sizes=\"auto, (max-width: 1007px) 100vw, 1007px\" \/><\/figure>\n\n\n\n<p class=\"has-small-font-size\">The EnBW Energie Baden-W\u00fcrttemberg AG supplies approximately 5.5 million customers with electricity, gas, and water, as well as energy-related services and products. An important goal of EnBW is to make the possibilities of the sustainable new energy world accessible to people \u2013 intelligently, safely, and simply.<\/p>\n<\/div>\n\n\n\n<div class=\"wp-block-column is-layout-flow wp-block-column-is-layout-flow\">\n<h4 class=\"wp-block-heading has-text-align-center\">Gold Sponsors<\/h4>\n\n\n\n<figure class=\"wp-block-image size-full\"><img decoding=\"async\" src=\"https:\/\/muc2024.mensch-und-computer.de\/wp-content\/uploads\/2024\/04\/Atruvia_Logo_Tiefblau_Digital_sRGB.svg\" alt=\"\" class=\"wp-image-932\"\/><\/figure>\n\n\n\n<p class=\"has-small-font-size\">We are Atruvia. We connect tomorrow&#8217;s people and markets. Simply. Digital. Securely.<\/p>\n\n\n\n<p class=\"has-small-font-size\">With around 5,100 employees, we are the digitalisation partner of the Cooperative Financial Network. We understand banking and information technology. Our IT solutions and services are tailored to the needs of banks and range from data centre operations to banking processes and app development. We use cutting-edge technologies such as smart data and place great emphasis on process optimisation and regulation.<\/p>\n\n\n\n<figure class=\"wp-block-image size-large\"><img loading=\"lazy\" decoding=\"async\" width=\"1024\" height=\"422\" src=\"https:\/\/muc2024.mensch-und-computer.de\/wp-content\/uploads\/2024\/06\/Screenshot-2024-06-11-155502-1024x422.png\" alt=\"\" class=\"wp-image-1063\" srcset=\"https:\/\/muc2024.mensch-und-computer.de\/wp-content\/uploads\/2024\/06\/Screenshot-2024-06-11-155502-1024x422.png 1024w, https:\/\/muc2024.mensch-und-computer.de\/wp-content\/uploads\/2024\/06\/Screenshot-2024-06-11-155502-300x124.png 300w, https:\/\/muc2024.mensch-und-computer.de\/wp-content\/uploads\/2024\/06\/Screenshot-2024-06-11-155502-768x316.png 768w, https:\/\/muc2024.mensch-und-computer.de\/wp-content\/uploads\/2024\/06\/Screenshot-2024-06-11-155502-1536x633.png 1536w, https:\/\/muc2024.mensch-und-computer.de\/wp-content\/uploads\/2024\/06\/Screenshot-2024-06-11-155502-2048x844.png 2048w, https:\/\/muc2024.mensch-und-computer.de\/wp-content\/uploads\/2024\/06\/Screenshot-2024-06-11-155502-18x7.png 18w, https:\/\/muc2024.mensch-und-computer.de\/wp-content\/uploads\/2024\/06\/Screenshot-2024-06-11-155502-1000x412.png 1000w, https:\/\/muc2024.mensch-und-computer.de\/wp-content\/uploads\/2024\/06\/Screenshot-2024-06-11-155502-230x95.png 230w, https:\/\/muc2024.mensch-und-computer.de\/wp-content\/uploads\/2024\/06\/Screenshot-2024-06-11-155502-350x144.png 350w, https:\/\/muc2024.mensch-und-computer.de\/wp-content\/uploads\/2024\/06\/Screenshot-2024-06-11-155502-480x198.png 480w\" sizes=\"auto, (max-width: 1024px) 100vw, 1024px\" \/><\/figure>\n\n\n\n<p class=\"has-small-font-size\"><strong>Wir entwickeln soziale Zukunft.<\/strong><\/p>\n\n\n\n<p class=\"has-small-font-size\">Das IT-Systemhaus ist eine besondere Dienststelle der Bundesagentur f\u00fcr Arbeit (BA).<\/p>\n\n\n\n<p class=\"has-small-font-size\">Als operativer IT-Dienstleister der BA betreiben wir am Hauptstandort N\u00fcrnberg\/F\u00fcrth sowie an sechs weiteren Standorten deutschlandweit mit \u00fcber 100 eigenen IT-Anwendungen, 170.000 vernetzten PC-Arbeitspl\u00e4tzen und der dazugeh\u00f6rigen Infrastruktur eine der gr\u00f6\u00dften IT-Landschaften Deutschlands und entwickeln diese st\u00e4ndig weiter.<\/p>\n\n\n\n<p class=\"has-small-font-size\">Derzeit durchleben wir eine Transformation. Wir entwickeln uns von einem aufgaben- in einen produktorientierten Aufbau mit End-to-End-Verantwortung in den jeweiligen Produktbereichen. Dabei arbeiten wir zunehmend agil nach DevSecOps-Prinzipien.<\/p>\n<\/div>\n\n\n\n<div class=\"wp-block-column is-layout-flow wp-block-column-is-layout-flow\">\n<h4 class=\"wp-block-heading has-text-align-center\">Silver Sponsors<\/h4>\n\n\n\n<figure class=\"wp-block-image size-full\"><img decoding=\"async\" src=\"https:\/\/muc2024.mensch-und-computer.de\/wp-content\/uploads\/2023\/12\/Ergosign.svg\" alt=\"\" class=\"wp-image-435\" style=\"object-fit:cover\"\/><\/figure>\n\n\n\n<p class=\"has-small-font-size\">Ergosign is a digital agency with a focus on user experience and is a market leader for user experience design in the DACH region (Germany, Austria, Switzerland). They design products and services that support people in their work and enrich their lives. Their service approach is based on a human-centered, goal-oriented, and collaborative mindset.<\/p>\n\n\n\n<figure class=\"wp-block-image size-full\"><img loading=\"lazy\" decoding=\"async\" width=\"216\" height=\"120\" src=\"https:\/\/muc2024.mensch-und-computer.de\/wp-content\/uploads\/2023\/11\/UXQB.png\" alt=\"\" class=\"wp-image-312\"\/><\/figure>\n\n\n\n<p class=\"has-small-font-size\">The International Usability and User Experience Qualification Board (UXQB\u00ae) is an international consortium of usability and user experience experts. The goal of UXQB is the further development and administration of the certification program \u201cCPUX \u2013 Certified Professional for Usability and User Experience\u201d.<\/p>\n\n\n\n<figure class=\"wp-block-image size-full is-resized\"><img decoding=\"async\" src=\"https:\/\/muc2024.mensch-und-computer.de\/wp-content\/uploads\/2024\/01\/Centigrade-Original.svg\" alt=\"\" class=\"wp-image-707\" style=\"width:191px;height:auto\"\/><\/figure>\n\n\n\n<p class=\"has-small-font-size\">Centigrade ist eine der f\u00fchrenden UX Agenturen und begleitet die besten Unternehmen der Branche bei der strategischen Entwicklung digitaler Produkterlebnisse, die im Design ihresgleichen suchen. Egal ob Anforderungsanalyse, UX Design, Gamification oder Frontend-Entwicklung und DesignOps \u2013 die Begeisterung der Nutzer:innen in der digitalen Transformation ist f\u00fcr jeden im Team das Ma\u00df aller Dinge.<\/p>\n\n\n\n<figure class=\"wp-block-image size-large\"><img loading=\"lazy\" decoding=\"async\" width=\"1024\" height=\"365\" src=\"https:\/\/muc2024.mensch-und-computer.de\/wp-content\/uploads\/2024\/02\/LOGO-SI-2016-mit-Claim-1024x365.png\" alt=\"\" class=\"wp-image-830\" srcset=\"https:\/\/muc2024.mensch-und-computer.de\/wp-content\/uploads\/2024\/02\/LOGO-SI-2016-mit-Claim-1024x365.png 1024w, https:\/\/muc2024.mensch-und-computer.de\/wp-content\/uploads\/2024\/02\/LOGO-SI-2016-mit-Claim-300x107.png 300w, https:\/\/muc2024.mensch-und-computer.de\/wp-content\/uploads\/2024\/02\/LOGO-SI-2016-mit-Claim-768x274.png 768w, https:\/\/muc2024.mensch-und-computer.de\/wp-content\/uploads\/2024\/02\/LOGO-SI-2016-mit-Claim-1536x548.png 1536w, https:\/\/muc2024.mensch-und-computer.de\/wp-content\/uploads\/2024\/02\/LOGO-SI-2016-mit-Claim-2048x731.png 2048w, https:\/\/muc2024.mensch-und-computer.de\/wp-content\/uploads\/2024\/02\/LOGO-SI-2016-mit-Claim-18x6.png 18w, https:\/\/muc2024.mensch-und-computer.de\/wp-content\/uploads\/2024\/02\/LOGO-SI-2016-mit-Claim-1000x357.png 1000w, https:\/\/muc2024.mensch-und-computer.de\/wp-content\/uploads\/2024\/02\/LOGO-SI-2016-mit-Claim-230x82.png 230w, https:\/\/muc2024.mensch-und-computer.de\/wp-content\/uploads\/2024\/02\/LOGO-SI-2016-mit-Claim-350x125.png 350w, https:\/\/muc2024.mensch-und-computer.de\/wp-content\/uploads\/2024\/02\/LOGO-SI-2016-mit-Claim-480x171.png 480w\" sizes=\"auto, (max-width: 1024px) 100vw, 1024px\" \/><\/figure>\n\n\n\n<p class=\"has-small-font-size\">Das Spiegel Institut bringt die Nutzer-Perspektive in die Produkt- und Service-Entwicklung unserer Kunden. Unser Team von rund 240 Mitarbeitenden denkt, lebt und arbeitet f\u00fcr mehr UX und CX \u2013 mit Expertise, Engagement und Enthusiasmus. Gemeinsam meistern wir jede Herausforderung, denn jede:r Einzelne hat bei uns einen Platz und wird f\u00fcr St\u00e4rken und Schw\u00e4chen wertgesch\u00e4tzt. Wir leben Individualit\u00e4t und bieten innovative Projekte in einem famili\u00e4ren Arbeitsumfeld.<\/p>\n\n\n\n<p class=\"has-small-font-size\">Unser Credo: Empower companies to make user-centered products for people!<\/p>\n\n\n\n<figure class=\"wp-block-image size-full\"><img decoding=\"async\" src=\"https:\/\/muc2024.mensch-und-computer.de\/wp-content\/uploads\/2024\/02\/Mangold-Logo-Vector.svg\" alt=\"\" class=\"wp-image-860\"\/><\/figure>\n\n\n\n<p class=\"has-small-font-size\">Multimodal data collection and analysis made easy. The Observation Studio software suite from Mangold International enables the efficient and effective realization of qualitative and quantitative observation studies in the fields of human factors research, usability and neuroscience, among others.<\/p>\n\n\n\n<p class=\"has-small-font-size\">Discover more at <a href=\"http:\/\/www.mangold-international.com\" target=\"_blank\" rel=\"noreferrer noopener\">www.mangold-international.com<\/a>.<\/p>\n\n\n\n<figure class=\"wp-block-image size-full\"><img decoding=\"async\" src=\"https:\/\/muc2024.mensch-und-computer.de\/wp-content\/uploads\/2024\/03\/DATEV-Logo.svg\" alt=\"\" class=\"wp-image-887\"\/><\/figure>\n\n\n\n<p class=\"has-small-font-size\">DATEV eG is the third-largest provider of business software in Germany (IDC Ranking 2023) and one of the major European IT service providers. Founded in 1966, the cooperative of the tax consulting profession has more than 40,000 members. DATEV generated revenues of 1.3 billion euros in its fiscal year 2022.<\/p>\n\n\n\n<figure class=\"wp-block-image size-full\"><img decoding=\"async\" src=\"https:\/\/muc2024.mensch-und-computer.de\/wp-content\/uploads\/2024\/05\/UID_Logo_CMYK-1.svg\" alt=\"\" class=\"wp-image-1029\"\/><\/figure>\n\n\n\n<p class=\"has-small-font-size\">UID is your UX agency for innovation, design and strategy: we have successfully designed user-centered digital products in more than 5,000 projects. As part of the BAYOONET Group with 400 experts, we develop complex software solutions with optimal UX &#8211; even for highly regulated industries such as medical technology or mechanical engineering.<\/p>\n\n\n\n<figure class=\"wp-block-image size-large\"><img loading=\"lazy\" decoding=\"async\" width=\"1024\" height=\"309\" src=\"https:\/\/muc2024.mensch-und-computer.de\/wp-content\/uploads\/2024\/07\/DG_Brill_joint-logos-1024x309.png\" alt=\"\" class=\"wp-image-1126\" srcset=\"https:\/\/muc2024.mensch-und-computer.de\/wp-content\/uploads\/2024\/07\/DG_Brill_joint-logos-1024x309.png 1024w, https:\/\/muc2024.mensch-und-computer.de\/wp-content\/uploads\/2024\/07\/DG_Brill_joint-logos-300x90.png 300w, https:\/\/muc2024.mensch-und-computer.de\/wp-content\/uploads\/2024\/07\/DG_Brill_joint-logos-768x231.png 768w, https:\/\/muc2024.mensch-und-computer.de\/wp-content\/uploads\/2024\/07\/DG_Brill_joint-logos-1536x463.png 1536w, https:\/\/muc2024.mensch-und-computer.de\/wp-content\/uploads\/2024\/07\/DG_Brill_joint-logos-2048x617.png 2048w, https:\/\/muc2024.mensch-und-computer.de\/wp-content\/uploads\/2024\/07\/DG_Brill_joint-logos-18x5.png 18w, https:\/\/muc2024.mensch-und-computer.de\/wp-content\/uploads\/2024\/07\/DG_Brill_joint-logos-1000x301.png 1000w, https:\/\/muc2024.mensch-und-computer.de\/wp-content\/uploads\/2024\/07\/DG_Brill_joint-logos-230x69.png 230w, https:\/\/muc2024.mensch-und-computer.de\/wp-content\/uploads\/2024\/07\/DG_Brill_joint-logos-350x105.png 350w, https:\/\/muc2024.mensch-und-computer.de\/wp-content\/uploads\/2024\/07\/DG_Brill_joint-logos-480x145.png 480w\" sizes=\"auto, (max-width: 1024px) 100vw, 1024px\" \/><\/figure>\n\n\n\n<p class=\"has-small-font-size\">De Gruyter Brill is a global leader in humanities publishing and beyond. Headquartered in<br>Berlin (Germany) and the second largest office in Leiden (The Netherlands), De Gruyter Brill<br>publishes over 3,500 books and 800 journals per year with a particularly strong focus on the<br>humanities and social sciences and a program extending to subject areas in science,<br>technology, engineering, and mathematics. Created in 2024 as a merger of the publishing<br>houses De Gruyter and Brill, the heritage of De Gruyter Brill goes back to 1683 and 1749,<br>respectively. Since then, De Gruyter Brill has been committed to publishing excellent<br>scholarly works as a trusted partner of academics across disciplines.&nbsp;<br><br>For more information, visit <a href=\"http:\/\/degruyterbrill.com\" data-type=\"link\" data-id=\"degruyterbrill.com\">degruyterbrill.com<\/a>.<\/p>\n<\/div>\n\n\n\n<div class=\"wp-block-column is-layout-flow wp-block-column-is-layout-flow\">\n<h4 class=\"wp-block-heading has-text-align-center\">Bronze Sponsors<\/h4>\n\n\n\n<figure class=\"wp-block-image size-full\"><img loading=\"lazy\" decoding=\"async\" width=\"3544\" height=\"1182\" src=\"https:\/\/muc2024.mensch-und-computer.de\/wp-content\/uploads\/2024\/08\/Gradient_Vector-File_CI-Logo.png\" alt=\"\" class=\"wp-image-1633\" srcset=\"https:\/\/muc2024.mensch-und-computer.de\/wp-content\/uploads\/2024\/08\/Gradient_Vector-File_CI-Logo.png 3544w, https:\/\/muc2024.mensch-und-computer.de\/wp-content\/uploads\/2024\/08\/Gradient_Vector-File_CI-Logo-300x100.png 300w, https:\/\/muc2024.mensch-und-computer.de\/wp-content\/uploads\/2024\/08\/Gradient_Vector-File_CI-Logo-1024x342.png 1024w, https:\/\/muc2024.mensch-und-computer.de\/wp-content\/uploads\/2024\/08\/Gradient_Vector-File_CI-Logo-768x256.png 768w, https:\/\/muc2024.mensch-und-computer.de\/wp-content\/uploads\/2024\/08\/Gradient_Vector-File_CI-Logo-1536x512.png 1536w, https:\/\/muc2024.mensch-und-computer.de\/wp-content\/uploads\/2024\/08\/Gradient_Vector-File_CI-Logo-2048x683.png 2048w, https:\/\/muc2024.mensch-und-computer.de\/wp-content\/uploads\/2024\/08\/Gradient_Vector-File_CI-Logo-18x6.png 18w, https:\/\/muc2024.mensch-und-computer.de\/wp-content\/uploads\/2024\/08\/Gradient_Vector-File_CI-Logo-1000x334.png 1000w, https:\/\/muc2024.mensch-und-computer.de\/wp-content\/uploads\/2024\/08\/Gradient_Vector-File_CI-Logo-230x77.png 230w, https:\/\/muc2024.mensch-und-computer.de\/wp-content\/uploads\/2024\/08\/Gradient_Vector-File_CI-Logo-350x117.png 350w, https:\/\/muc2024.mensch-und-computer.de\/wp-content\/uploads\/2024\/08\/Gradient_Vector-File_CI-Logo-480x160.png 480w\" sizes=\"auto, (max-width: 3544px) 100vw, 3544px\" \/><\/figure>\n\n\n\n<p class=\"has-small-font-size\">Custom Medical is the leading Medical Data-Driven UX Design agency. With our ISO 13485 certified approach, we safely guide your medical product through development, focusing on Usability Engineering &amp; Testing according to ISO 62366-1. You want a great product? Let us design it together. We look forward to it!<\/p>\n\n\n\n<figure class=\"wp-block-image size-full\"><img decoding=\"async\" src=\"https:\/\/muc2024.mensch-und-computer.de\/wp-content\/uploads\/2024\/03\/SpringerVieweg_cmyk-1.svg\" alt=\"\" class=\"wp-image-892\"\/><\/figure>\n\n\n\n<p class=\"has-small-font-size\">Springer Vieweg publishes German-language educational and technical media in the fields of engineering and applied natural sciences. The portfolio includes offerings in mechanical engineering, production, materials, electrical engineering, computer science, environment and energy, construction, and architecture. Students, educators, practitioners, and researchers in computer science can find at Springer Vieweg books, journals, and e-books covering topics such as software development, database management, security &amp; encryption, artificial intelligence, or HCI.<\/p>\n\n\n\n<figure class=\"wp-block-image size-full\"><img decoding=\"async\" src=\"https:\/\/muc2024.mensch-und-computer.de\/wp-content\/uploads\/2024\/05\/Logo_Telemaxx_RGB_Klee.svg\" alt=\"\" class=\"wp-image-1008\"\/><\/figure>\n\n\n\n<p class=\"has-small-font-size\">TelemaxX Telekommunikation GmbH operates four high-security data centers in the Karlsruhe TechnologyRegion. We focus on customized solutions in the areas of data centers, IT services and telecommunications. Based on a solid shareholder structure, TelemaxX is a powerful and reliable partner &#8211; uniquely represented in the region.<\/p>\n<\/div>\n\n\n\n<div class=\"wp-block-column is-layout-flow wp-block-column-is-layout-flow\">\n<h4 class=\"wp-block-heading has-text-align-center\">Supporters<\/h4>\n\n\n\n<figure class=\"wp-block-image size-full\"><img loading=\"lazy\" decoding=\"async\" width=\"512\" height=\"92\" src=\"https:\/\/muc2024.mensch-und-computer.de\/wp-content\/uploads\/2024\/01\/Logo_update_karlsruhe.digital.png\" alt=\"\" class=\"wp-image-736\" srcset=\"https:\/\/muc2024.mensch-und-computer.de\/wp-content\/uploads\/2024\/01\/Logo_update_karlsruhe.digital.png 512w, https:\/\/muc2024.mensch-und-computer.de\/wp-content\/uploads\/2024\/01\/Logo_update_karlsruhe.digital-300x54.png 300w, https:\/\/muc2024.mensch-und-computer.de\/wp-content\/uploads\/2024\/01\/Logo_update_karlsruhe.digital-18x3.png 18w, https:\/\/muc2024.mensch-und-computer.de\/wp-content\/uploads\/2024\/01\/Logo_update_karlsruhe.digital-230x41.png 230w, https:\/\/muc2024.mensch-und-computer.de\/wp-content\/uploads\/2024\/01\/Logo_update_karlsruhe.digital-350x63.png 350w, https:\/\/muc2024.mensch-und-computer.de\/wp-content\/uploads\/2024\/01\/Logo_update_karlsruhe.digital-480x86.png 480w\" sizes=\"auto, (max-width: 512px) 100vw, 512px\" \/><\/figure>\n\n\n\n<figure class=\"wp-block-image size-full\"><a href=\"https:\/\/germantechjobs.de\/en\/jobs\/all\/Karlsruhe\"><img decoding=\"async\" src=\"https:\/\/muc2024.mensch-und-computer.de\/wp-content\/uploads\/2024\/06\/gtj-rectangle-1.svg\" alt=\"\" class=\"wp-image-1072\"\/><\/a><\/figure>\n\n\n\n<figure class=\"wp-block-image size-full\"><img loading=\"lazy\" decoding=\"async\" width=\"594\" height=\"425\" src=\"https:\/\/muc2024.mensch-und-computer.de\/wp-content\/uploads\/2024\/06\/CyberForum_RGB.png\" alt=\"\" class=\"wp-image-1123\" srcset=\"https:\/\/muc2024.mensch-und-computer.de\/wp-content\/uploads\/2024\/06\/CyberForum_RGB.png 594w, https:\/\/muc2024.mensch-und-computer.de\/wp-content\/uploads\/2024\/06\/CyberForum_RGB-300x215.png 300w, https:\/\/muc2024.mensch-und-computer.de\/wp-content\/uploads\/2024\/06\/CyberForum_RGB-18x12.png 18w, https:\/\/muc2024.mensch-und-computer.de\/wp-content\/uploads\/2024\/06\/CyberForum_RGB-230x165.png 230w, https:\/\/muc2024.mensch-und-computer.de\/wp-content\/uploads\/2024\/06\/CyberForum_RGB-350x250.png 350w, https:\/\/muc2024.mensch-und-computer.de\/wp-content\/uploads\/2024\/06\/CyberForum_RGB-480x343.png 480w\" sizes=\"auto, (max-width: 594px) 100vw, 594px\" \/><\/figure>\n\n\n\n<h4 class=\"wp-block-heading has-text-align-center\">Local Partners<\/h4>\n\n\n\n<figure class=\"wp-block-image size-full\"><img loading=\"lazy\" decoding=\"async\" width=\"544\" height=\"200\" src=\"https:\/\/muc2024.mensch-und-computer.de\/wp-content\/uploads\/2023\/12\/72_PNG_2020_Wortmarke_KTG_4c_Tourismus.png\" alt=\"\" class=\"wp-image-585\" srcset=\"https:\/\/muc2024.mensch-und-computer.de\/wp-content\/uploads\/2023\/12\/72_PNG_2020_Wortmarke_KTG_4c_Tourismus.png 544w, https:\/\/muc2024.mensch-und-computer.de\/wp-content\/uploads\/2023\/12\/72_PNG_2020_Wortmarke_KTG_4c_Tourismus-300x110.png 300w, https:\/\/muc2024.mensch-und-computer.de\/wp-content\/uploads\/2023\/12\/72_PNG_2020_Wortmarke_KTG_4c_Tourismus-18x7.png 18w, https:\/\/muc2024.mensch-und-computer.de\/wp-content\/uploads\/2023\/12\/72_PNG_2020_Wortmarke_KTG_4c_Tourismus-230x85.png 230w, https:\/\/muc2024.mensch-und-computer.de\/wp-content\/uploads\/2023\/12\/72_PNG_2020_Wortmarke_KTG_4c_Tourismus-350x129.png 350w, https:\/\/muc2024.mensch-und-computer.de\/wp-content\/uploads\/2023\/12\/72_PNG_2020_Wortmarke_KTG_4c_Tourismus-480x176.png 480w\" sizes=\"auto, (max-width: 544px) 100vw, 544px\" \/><\/figure>\n<\/div>\n<\/div>\n","protected":false},"excerpt":{"rendered":"<p>The \u201cMensch und Computer\u201d is the annual conference of the Human-Computer Interaction Division of the German Informatics Society (Gesellschaft f\u00fcr Informatik e.V., [&hellip;]<\/p>\n","protected":false},"author":2,"featured_media":0,"parent":0,"menu_order":0,"comment_status":"closed","ping_status":"closed","template":"","meta":{"footnotes":""},"class_list":["post-33","page","type-page","status-publish","hentry"],"_links":{"self":[{"href":"https:\/\/muc2024.mensch-und-computer.de\/en\/wp-json\/wp\/v2\/pages\/33","targetHints":{"allow":["GET"]}}],"collection":[{"href":"https:\/\/muc2024.mensch-und-computer.de\/en\/wp-json\/wp\/v2\/pages"}],"about":[{"href":"https:\/\/muc2024.mensch-und-computer.de\/en\/wp-json\/wp\/v2\/types\/page"}],"author":[{"embeddable":true,"href":"https:\/\/muc2024.mensch-und-computer.de\/en\/wp-json\/wp\/v2\/users\/2"}],"replies":[{"embeddable":true,"href":"https:\/\/muc2024.mensch-und-computer.de\/en\/wp-json\/wp\/v2\/comments?post=33"}],"version-history":[{"count":52,"href":"https:\/\/muc2024.mensch-und-computer.de\/en\/wp-json\/wp\/v2\/pages\/33\/revisions"}],"predecessor-version":[{"id":1634,"href":"https:\/\/muc2024.mensch-und-computer.de\/en\/wp-json\/wp\/v2\/pages\/33\/revisions\/1634"}],"wp:attachment":[{"href":"https:\/\/muc2024.mensch-und-computer.de\/en\/wp-json\/wp\/v2\/media?parent=33"}],"curies":[{"name":"wp","href":"https:\/\/api.w.org\/{rel}","templated":true}]}}